{"id":705,"date":"2020-06-22T08:28:27","date_gmt":"2020-06-22T06:28:27","guid":{"rendered":"https:\/\/www.stratosgs.com\/index.php\/home\/"},"modified":"2025-10-20T14:57:11","modified_gmt":"2025-10-20T12:57:11","slug":"home","status":"publish","type":"page","link":"https:\/\/www.stratosgs.com\/en\/","title":{"rendered":"HOME"},"content":{"rendered":"\n<p>Stratos Global Solutions surge para ofrecer consultor\u00eda y an\u00e1lisis y desarrollo de software GIS para fibra \u00f3ptica y Location Intelligence con las t\u00e9cnicas m\u00e1s pioneras y r\u00e1pidas del mercado.<\/p>\n\n<figure class=\"wp-block-image size-full\"><img loading=\"lazy\" decoding=\"async\" width=\"1280\" height=\"720\" src=\"https:\/\/www.stratosgs.com\/wp-content\/uploads\/2025\/02\/blog-1.png\" alt=\"Growth, innovation, and commitment\" class=\"wp-image-490\" srcset=\"https:\/\/www.stratosgs.com\/wp-content\/uploads\/2025\/02\/blog-1.png 1280w, https:\/\/www.stratosgs.com\/wp-content\/uploads\/2025\/02\/blog-1-500x281.png 500w, https:\/\/www.stratosgs.com\/wp-content\/uploads\/2025\/02\/blog-1-1200x675.png 1200w, https:\/\/www.stratosgs.com\/wp-content\/uploads\/2025\/02\/blog-1-300x169.png 300w, https:\/\/www.stratosgs.com\/wp-content\/uploads\/2025\/02\/blog-1-768x432.png 768w, https:\/\/www.stratosgs.com\/wp-content\/uploads\/2025\/02\/blog-1-133x75.png 133w, https:\/\/www.stratosgs.com\/wp-content\/uploads\/2025\/02\/blog-1-480x270.png 480w\" sizes=\"auto, (max-width:767px) 480px, (max-width:1280px) 100vw, 1280px\" \/><\/figure>\n\n<h4 class=\"wp-block-heading\">NUESTRAS CLAVES DE \u00c9XITO<\/h4>\n\n<p>We use Scrum (Agile) methodologies to ensure that the product best meets your needs, rather than what the development team thinks it should be. We also work with the most modern <strong><em>DevOps<\/em><\/strong> techniques to scale and maintain your platform. We execute <strong>pioneering solutions<\/strong> supported by:<\/p>\n\n<ul class=\"wp-block-list\">\n<li>Data Analytics<\/li>\n\n\n\n<li>Location Intelligence<\/li>\n\n\n\n<li>Network Analysis<\/li>\n\n\n\n<li>Integration with Third Parties<\/li>\n<\/ul>\n\n<ul class=\"wp-block-list\">\n<li>Route Calculation<\/li>\n\n\n\n<li>Machine Learning<\/li>\n\n\n\n<li>REST APIs<\/li>\n\n\n\n<li>Advanced Web Viewers<\/li>\n<\/ul>\n\n<h4 class=\"wp-block-heading\">OUR EXPERIENCE IN NUMBERS<\/h4>\n\n<h6 class=\"wp-block-heading\">Lines of Code<\/h6>\n\n<ul class=\"wp-block-list\">\n<li>&gt; 10,000,000<\/li>\n<\/ul>\n\n<h6 class=\"wp-block-heading\">Postgress Databases<\/h6>\n\n<ul class=\"wp-block-list\">\n<li>&gt; 1,100<\/li>\n<\/ul>\n\n<h6 class=\"wp-block-heading\">Spatial Planning Projects<\/h6>\n\n<ul class=\"wp-block-list\">\n<li>&gt; 940<\/li>\n<\/ul>\n\n<h6 class=\"wp-block-heading\">Code Repositories Maintained<\/h6>\n\n<ul class=\"wp-block-list\">\n<li>&gt; 64<\/li>\n<\/ul>\n\n<h4 class=\"wp-block-heading\">OUR PRINCIPLES<\/h4>\n\n<p>CLOSENESS: We are known for our closeness with the client in the execution of projects. We like to work week by week, milestone by milestone, hand in hand with our clients, in order to achieve products and services according to their needs.<\/p>\n\n<p>INNOVATION: We love challenges, developing the most advanced and innovative products on the market, and taking advantage of that potential to achieve the Know How that helps us in successive projects. We give the best of ourselves and learn from it.<\/p>\n\n<p>SCALABILITY: We work with an eye to the future and the premise of both flexibility and scalability, as well as open data in all our tasks. We create useful and adaptable solutions for our clients&#8217; business, even if it evolves over time.<\/p>\n\n<p>LATEST TECHNOLOGY: We always opt for applications developed with modern technology and architectures, and we strive to integrate the latest versions of the libraries in our solutions.<\/p>\n\n<p>You can learn more about us on our social networks: <\/p>\n\n<p><a href=\"https:\/\/www.linkedin.com\/company\/stratosglobalsolutions\/\">LinkedIn<\/a><\/p>\n\n<p><a href=\"https:\/\/www.youtube.com\/@stratosglobalsolutions\">YouTube<\/a><\/p>\n\n<p><a href=\"https:\/\/www.facebook.com\/stratosglobalsolutions\">Facebook<\/a><\/p>\n\n<p><a href=\"https:\/\/www.instagram.com\/stratosgs_\/\">Instagram<\/a><\/p>\n\n<p><a href=\"https:\/\/twitter.com\/StratosGS_\">Twitter<\/a><\/p>\n\n<h4 class=\"wp-block-heading\">According to your Needs<\/h4>\n\n<p>Intuitiveness, fluidity, and advanced data analytics are the premises of the aGIS ecosystem in all its modalities<\/p>\n\n<h3 class=\"wp-block-heading\">CUSTOM<\/h3>\n\n<p>Custom Location Intelligence software based on the technology and techniques of the various aGIS platforms, for any type of sector.<\/p>\n\n<p><a href=\"https:\/\/www.stratosgs.com\/en\/index.php\/custom\/\">READ MORE<\/a><\/p>\n\n<h3 class=\"wp-block-heading\">aGIS FTTH, GIS Software for Fiber Optics<\/h3>\n\n<p>FTTH GIS Platform, based on a SaaS, cloud, and web for the design, documentation, and monitoring of the external plant of FTTH networks.<\/p>\n\n<p><a href=\"https:\/\/www.stratosgs.com\/index.php\/aGIS-FTTH\/\">READ MORE<\/a><\/p>\n\n<h3 class=\"wp-block-heading\">aGIS TELCO<\/h3>\n\n<p>SaaS oriented not only to <strong>fiber optic design<\/strong>, but also to any type of telecommunications network (FTTH, dark fiber, radio links, WiFi, WiMax, sites&#8230;), it is a modern, fully web and cloud platform, so it can be used from anywhere, which aims to bring the most advanced geolocation technologies to telco operators.<\/p>\n\n<p>This is a <strong>Geographic Information System<\/strong> that allows you to dump and digitize all the information of the network in addition to being able to edit it; the fact of having all the information digitized, will allow a <strong>better management and decision making for the future<\/strong>.<\/p>\n\n<p><br\/><a href=\"https:\/\/www.stratosgs.com\/index.php\/aGIS-TELCO\/\">READ MORE<\/a><\/p>\n","protected":false},"excerpt":{"rendered":"<p>Stratos Global Solutions surge para ofrecer consultor\u00eda y an\u00e1lisis y desarrollo de software GIS para fibra \u00f3ptica y Location Intelligence con las t\u00e9cnicas m\u00e1s pioneras y<span class=\"excerpt-hellip\"> [\u2026]<\/span><\/p>\n","protected":false},"author":1,"featured_media":0,"parent":0,"menu_order":0,"comment_status":"open","ping_status":"closed","template":"","meta":{"footnotes":""},"class_list":["post-705","page","type-page","status-publish","hentry"],"yoast_head":"<!-- This site is optimized with the Yoast SEO plugin v26.9 - https:\/\/yoast.com\/product\/yoast-seo-wordpress\/ -->\n<title>GIS Software for Fiber Optics, Analysis, Development, and Consulting &#8226; Stratos GS<\/title>\n<meta name=\"description\" content=\"At Stratos GS, we perform analysis, GIS consulting, and development, especially of GIS software for Fiber Optics, SmartCity, Gas Pipelines...\" \/>\n<meta name=\"robots\" content=\"index, follow, max-snippet:-1, max-image-preview:large, max-video-preview:-1\" \/>\n<link rel=\"canonical\" href=\"https:\/\/www.stratosgs.com\/en\/\" \/>\n<meta property=\"og:locale\" content=\"en_US\" \/>\n<meta property=\"og:type\" content=\"article\" \/>\n<meta property=\"og:title\" content=\"GIS Software for Fiber Optics, Analysis, Development, and Consulting &#8226; Stratos GS\" \/>\n<meta property=\"og:description\" content=\"At Stratos GS, we perform analysis, GIS consulting, and development, especially of GIS software for Fiber Optics, SmartCity, Gas Pipelines...\" \/>\n<meta property=\"og:url\" content=\"https:\/\/www.stratosgs.com\/en\/\" \/>\n<meta property=\"og:site_name\" content=\"Stratos GS\" \/>\n<meta property=\"article:publisher\" content=\"https:\/\/www.facebook.com\/stratosglobalsolutions\" \/>\n<meta property=\"article:modified_time\" content=\"2025-10-20T12:57:11+00:00\" \/>\n<meta property=\"og:image\" content=\"https:\/\/www.stratosgs.com\/wp-content\/uploads\/2025\/02\/blog-1.png\" \/>\n\t<meta property=\"og:image:width\" content=\"1280\" \/>\n\t<meta property=\"og:image:height\" content=\"720\" \/>\n\t<meta property=\"og:image:type\" content=\"image\/png\" \/>\n<meta name=\"twitter:card\" content=\"summary_large_image\" \/>\n<meta name=\"twitter:site\" content=\"@StratosGS_\" \/>\n<meta name=\"twitter:label1\" content=\"Est. reading time\" \/>\n\t<meta name=\"twitter:data1\" content=\"2 minutes\" \/>\n<script type=\"application\/ld+json\" class=\"yoast-schema-graph\">{\"@context\":\"https:\/\/schema.org\",\"@graph\":[{\"@type\":\"WebPage\",\"@id\":\"https:\/\/www.stratosgs.com\/en\/\",\"url\":\"https:\/\/www.stratosgs.com\/en\/\",\"name\":\"GIS Software for Fiber Optics, Analysis, Development, and Consulting &#8226; Stratos GS\",\"isPartOf\":{\"@id\":\"https:\/\/www.stratosgs.com\/en\/#website\"},\"primaryImageOfPage\":{\"@id\":\"https:\/\/www.stratosgs.com\/en\/#primaryimage\"},\"image\":{\"@id\":\"https:\/\/www.stratosgs.com\/en\/#primaryimage\"},\"thumbnailUrl\":\"https:\/\/www.stratosgs.com\/wp-content\/uploads\/2025\/02\/blog-1.png\",\"datePublished\":\"2020-06-22T06:28:27+00:00\",\"dateModified\":\"2025-10-20T12:57:11+00:00\",\"description\":\"At Stratos GS, we perform analysis, GIS consulting, and development, especially of GIS software for Fiber Optics, SmartCity, Gas Pipelines...\",\"breadcrumb\":{\"@id\":\"https:\/\/www.stratosgs.com\/en\/#breadcrumb\"},\"inLanguage\":\"en-US\",\"potentialAction\":[{\"@type\":\"ReadAction\",\"target\":[\"https:\/\/www.stratosgs.com\/en\/\"]}]},{\"@type\":\"ImageObject\",\"inLanguage\":\"en-US\",\"@id\":\"https:\/\/www.stratosgs.com\/en\/#primaryimage\",\"url\":\"https:\/\/www.stratosgs.com\/wp-content\/uploads\/2025\/02\/blog-1.png\",\"contentUrl\":\"https:\/\/www.stratosgs.com\/wp-content\/uploads\/2025\/02\/blog-1.png\"},{\"@type\":\"BreadcrumbList\",\"@id\":\"https:\/\/www.stratosgs.com\/en\/#breadcrumb\",\"itemListElement\":[{\"@type\":\"ListItem\",\"position\":1,\"name\":\"Stratos GS\",\"item\":\"https:\/\/www.stratosgs.com\/en\/index.php\/home\/\"},{\"@type\":\"ListItem\",\"position\":2,\"name\":\"HOME\"}]},{\"@type\":\"WebSite\",\"@id\":\"https:\/\/www.stratosgs.com\/en\/#website\",\"url\":\"https:\/\/www.stratosgs.com\/en\/\",\"name\":\"Stratos GS\",\"description\":\"Soluciones GIS, IA y Location Intelligence\",\"publisher\":{\"@id\":\"https:\/\/www.stratosgs.com\/en\/#organization\"},\"alternateName\":\"Stratos\",\"potentialAction\":[{\"@type\":\"SearchAction\",\"target\":{\"@type\":\"EntryPoint\",\"urlTemplate\":\"https:\/\/www.stratosgs.com\/en\/?s={search_term_string}\"},\"query-input\":{\"@type\":\"PropertyValueSpecification\",\"valueRequired\":true,\"valueName\":\"search_term_string\"}}],\"inLanguage\":\"en-US\"},{\"@type\":\"Organization\",\"@id\":\"https:\/\/www.stratosgs.com\/en\/#organization\",\"name\":\"Stratos GS\",\"alternateName\":\"Stratos Global Solutions\",\"url\":\"https:\/\/www.stratosgs.com\/en\/\",\"logo\":{\"@type\":\"ImageObject\",\"inLanguage\":\"en-US\",\"@id\":\"https:\/\/www.stratosgs.com\/en\/#\/schema\/logo\/image\/\",\"url\":\"https:\/\/www.stratosgs.com\/wp-content\/uploads\/2023\/10\/00_PORTADA-Redes-Whatsapp.png\",\"contentUrl\":\"https:\/\/www.stratosgs.com\/wp-content\/uploads\/2023\/10\/00_PORTADA-Redes-Whatsapp.png\",\"width\":2000,\"height\":2000,\"caption\":\"Stratos GS\"},\"image\":{\"@id\":\"https:\/\/www.stratosgs.com\/en\/#\/schema\/logo\/image\/\"},\"sameAs\":[\"https:\/\/www.facebook.com\/stratosglobalsolutions\",\"https:\/\/x.com\/StratosGS_\",\"https:\/\/www.linkedin.com\/company\/stratosglobalsolutions\/\",\"https:\/\/www.youtube.com\/@stratosglobalsolutions\",\"https:\/\/www.instagram.com\/stratosgs_\/\"]}]}<\/script>\n<!-- \/ Yoast SEO plugin. -->","yoast_head_json":{"title":"GIS Software for Fiber Optics, Analysis, Development, and Consulting &#8226; Stratos GS","description":"At Stratos GS, we perform analysis, GIS consulting, and development, especially of GIS software for Fiber Optics, SmartCity, Gas Pipelines...","robots":{"index":"index","follow":"follow","max-snippet":"max-snippet:-1","max-image-preview":"max-image-preview:large","max-video-preview":"max-video-preview:-1"},"canonical":"https:\/\/www.stratosgs.com\/en\/","og_locale":"en_US","og_type":"article","og_title":"GIS Software for Fiber Optics, Analysis, Development, and Consulting &#8226; Stratos GS","og_description":"At Stratos GS, we perform analysis, GIS consulting, and development, especially of GIS software for Fiber Optics, SmartCity, Gas Pipelines...","og_url":"https:\/\/www.stratosgs.com\/en\/","og_site_name":"Stratos GS","article_publisher":"https:\/\/www.facebook.com\/stratosglobalsolutions","article_modified_time":"2025-10-20T12:57:11+00:00","og_image":[{"width":1280,"height":720,"url":"https:\/\/www.stratosgs.com\/wp-content\/uploads\/2025\/02\/blog-1.png","type":"image\/png"}],"twitter_card":"summary_large_image","twitter_site":"@StratosGS_","twitter_misc":{"Est. reading time":"2 minutes"},"schema":{"@context":"https:\/\/schema.org","@graph":[{"@type":"WebPage","@id":"https:\/\/www.stratosgs.com\/en\/","url":"https:\/\/www.stratosgs.com\/en\/","name":"GIS Software for Fiber Optics, Analysis, Development, and Consulting &#8226; Stratos GS","isPartOf":{"@id":"https:\/\/www.stratosgs.com\/en\/#website"},"primaryImageOfPage":{"@id":"https:\/\/www.stratosgs.com\/en\/#primaryimage"},"image":{"@id":"https:\/\/www.stratosgs.com\/en\/#primaryimage"},"thumbnailUrl":"https:\/\/www.stratosgs.com\/wp-content\/uploads\/2025\/02\/blog-1.png","datePublished":"2020-06-22T06:28:27+00:00","dateModified":"2025-10-20T12:57:11+00:00","description":"At Stratos GS, we perform analysis, GIS consulting, and development, especially of GIS software for Fiber Optics, SmartCity, Gas Pipelines...","breadcrumb":{"@id":"https:\/\/www.stratosgs.com\/en\/#breadcrumb"},"inLanguage":"en-US","potentialAction":[{"@type":"ReadAction","target":["https:\/\/www.stratosgs.com\/en\/"]}]},{"@type":"ImageObject","inLanguage":"en-US","@id":"https:\/\/www.stratosgs.com\/en\/#primaryimage","url":"https:\/\/www.stratosgs.com\/wp-content\/uploads\/2025\/02\/blog-1.png","contentUrl":"https:\/\/www.stratosgs.com\/wp-content\/uploads\/2025\/02\/blog-1.png"},{"@type":"BreadcrumbList","@id":"https:\/\/www.stratosgs.com\/en\/#breadcrumb","itemListElement":[{"@type":"ListItem","position":1,"name":"Stratos GS","item":"https:\/\/www.stratosgs.com\/en\/index.php\/home\/"},{"@type":"ListItem","position":2,"name":"HOME"}]},{"@type":"WebSite","@id":"https:\/\/www.stratosgs.com\/en\/#website","url":"https:\/\/www.stratosgs.com\/en\/","name":"Stratos GS","description":"Soluciones GIS, IA y Location Intelligence","publisher":{"@id":"https:\/\/www.stratosgs.com\/en\/#organization"},"alternateName":"Stratos","potentialAction":[{"@type":"SearchAction","target":{"@type":"EntryPoint","urlTemplate":"https:\/\/www.stratosgs.com\/en\/?s={search_term_string}"},"query-input":{"@type":"PropertyValueSpecification","valueRequired":true,"valueName":"search_term_string"}}],"inLanguage":"en-US"},{"@type":"Organization","@id":"https:\/\/www.stratosgs.com\/en\/#organization","name":"Stratos GS","alternateName":"Stratos Global Solutions","url":"https:\/\/www.stratosgs.com\/en\/","logo":{"@type":"ImageObject","inLanguage":"en-US","@id":"https:\/\/www.stratosgs.com\/en\/#\/schema\/logo\/image\/","url":"https:\/\/www.stratosgs.com\/wp-content\/uploads\/2023\/10\/00_PORTADA-Redes-Whatsapp.png","contentUrl":"https:\/\/www.stratosgs.com\/wp-content\/uploads\/2023\/10\/00_PORTADA-Redes-Whatsapp.png","width":2000,"height":2000,"caption":"Stratos GS"},"image":{"@id":"https:\/\/www.stratosgs.com\/en\/#\/schema\/logo\/image\/"},"sameAs":["https:\/\/www.facebook.com\/stratosglobalsolutions","https:\/\/x.com\/StratosGS_","https:\/\/www.linkedin.com\/company\/stratosglobalsolutions\/","https:\/\/www.youtube.com\/@stratosglobalsolutions","https:\/\/www.instagram.com\/stratosgs_\/"]}]}},"_links":{"self":[{"href":"https:\/\/www.stratosgs.com\/en\/index.php\/wp-json\/wp\/v2\/pages\/705","targetHints":{"allow":["GET"]}}],"collection":[{"href":"https:\/\/www.stratosgs.com\/en\/index.php\/wp-json\/wp\/v2\/pages"}],"about":[{"href":"https:\/\/www.stratosgs.com\/en\/index.php\/wp-json\/wp\/v2\/types\/page"}],"author":[{"embeddable":true,"href":"https:\/\/www.stratosgs.com\/en\/index.php\/wp-json\/wp\/v2\/users\/1"}],"replies":[{"embeddable":true,"href":"https:\/\/www.stratosgs.com\/en\/index.php\/wp-json\/wp\/v2\/comments?post=705"}],"version-history":[{"count":4,"href":"https:\/\/www.stratosgs.com\/en\/index.php\/wp-json\/wp\/v2\/pages\/705\/revisions"}],"predecessor-version":[{"id":856,"href":"https:\/\/www.stratosgs.com\/en\/index.php\/wp-json\/wp\/v2\/pages\/705\/revisions\/856"}],"wp:attachment":[{"href":"https:\/\/www.stratosgs.com\/en\/index.php\/wp-json\/wp\/v2\/media?parent=705"}],"curies":[{"name":"wp","href":"https:\/\/api.w.org\/{rel}","templated":true}]}}