{"id":11,"date":"2020-06-22T08:42:02","date_gmt":"2020-06-22T06:42:02","guid":{"rendered":"http:\/\/82.223.78.85\/?page_id=11"},"modified":"2025-09-24T11:16:51","modified_gmt":"2025-09-24T11:16:51","slug":"servicios","status":"publish","type":"page","link":"https:\/\/www.stratosgs.com\/index.php\/servicios\/","title":{"rendered":"SERVICIOS"},"content":{"rendered":"\n<p>En Stratos Global Solutions se nos conoce por nuestra cercan\u00eda con el cliente en la ejecuci\u00f3n de los proyectos. Nos gusta trabajar semana a semana, hito a hito de la mano de nuestros clientes, a fin de conseguir productos y servicios acordes a sus necesidades.<\/p>\n\n\n\n<p>Aunque Stratos Global Solutions surge en 2022 para ofrecer soluciones GIS y de Location Intelligence con las t\u00e9cnicas m\u00e1s pioneras y r\u00e1pidas del mercado. En este equipo llevamos aproximadamente diez a\u00f1os brindando herramientas GIS a Operadores de Telecomunicaci\u00f3n y Administraciones P\u00fablicas desde la matriz, con nuestro conocido ecosistema aGIS, el cual pasamos a operar desde Stratos.<\/p>\n\n\n\n<p>Stratos nace con horizontes abiertos. Nuestra misi\u00f3n es mejorar a\u00fan m\u00e1s nuestro cat\u00e1logo de desarrollo y el soporte de nuestras diversas soluciones, contribuir a la digitalizaci\u00f3n e implantar las t\u00e9cnicas m\u00e1s pioneras de Location Intelligence. Todo ello, de forma que su usabilidad sea intuitiva y flexible.<\/p>\n\n\n\n<p>A menudo, las empresas se encuentran con la problem\u00e1tica de disponer de sus datos de manera desestructurada, impidi\u00e9ndoles obtener informaci\u00f3n de valor que les facilite tomar decisiones para una gesti\u00f3n \u00f3ptima.<\/p>\n\n\n\n<p>Desde Stratos, ayudamos a nuestros clientes a tener la informaci\u00f3n normalizada, infundiendo la cultura del \u00abdato\u00bb y de la digitalizaci\u00f3n. Con ello, implementamos herramientas que favorezcan la toma de decisiones, planificaci\u00f3n, modificaci\u00f3n de escenarios, gesti\u00f3n de activos minimizando riesgos y, lo m\u00e1s importante, costes en el negocio.<\/p>\n\n\n\n<p>Stratos est\u00e1 formado por un equipo joven y con talento, capaz de comprender las necesidades del cliente, ofreciendo la soluci\u00f3n m\u00e1s \u00f3ptima y eficaz. Siempre preparados para afrontar los enormes desaf\u00edos que los negocios presentan hoy en d\u00eda.<\/p>\n\n\n\n<h2 class=\"wp-block-heading\">Servicios<\/h2>\n\n\n\n<h3 class=\"wp-block-heading\">aGIS TELCO<\/h3>\n\n\n\n<figure class=\"wp-block-image\"><img decoding=\"async\" src=\"https:\/\/www.stratosgs.com\/wp-content\/uploads\/2023\/09\/Diseno-sin-titulo-2.svg\" alt=\"Servicios: agis telco\"\/><\/figure>\n\n\n\n<p>aGIS TELCO es una plataforma GIS y SaaS evolucionada de aGIS FTTH que, al ser web y cloud, escala del \u00e1mbito de la red FTTH a cualquier red de telecomunicaci\u00f3n con variedad de novedades y funcionalidades.<\/p>\n\n\n\n<p><a href=\"https:\/\/www.stratosgs.com\/index.php\/servicios\/index.php\/agis-telco\/\">LEER M\u00c1S<\/a><\/p>\n\n\n\n<p>Plataforma GIS FTTH, basada en un SaaS, cloud y web para el dise\u00f1o, documentaci\u00f3n y monitorizaci\u00f3n de planta externa de redes FTTH.<\/p>\n\n\n\n<p><a href=\"https:\/\/www.stratosgs.com\/index.php\/servicios\/index.php\/agis-ftth\/\">LEER M\u00c1S<\/a><\/p>\n\n\n\n<h3 class=\"wp-block-heading\">aGIS FTTH<\/h3>\n\n\n\n<figure class=\"wp-block-image\"><img decoding=\"async\" src=\"https:\/\/www.stratosgs.com\/wp-content\/uploads\/2023\/09\/Diseno-sin-titulo-5.svg\" alt=\"SERVICIOS: AGIS FTTH\"\/><\/figure>\n\n\n\n<h2 class=\"wp-block-heading\">A MEDIDA<\/h2>\n\n\n\n<figure class=\"wp-block-image\"><img decoding=\"async\" src=\"https:\/\/www.stratosgs.com\/wp-content\/uploads\/2023\/08\/Diseno-sin-titulo-8-e1693399441939-300x265.png\" alt=\"Servicios: Software a medida en Sevilla\"\/><\/figure>\n\n\n\n<p>Software de Location Intelligence a medida basado en la tecnolog\u00eda y t\u00e9cnicas de las distintas plataformas aGIS, independientemente del sector.<\/p>\n\n\n\n<p><a href=\"https:\/\/www.stratosgs.com\/index.php\/servicios\/index.php\/software-a-medida\/\">LEER M\u00c1S<\/a><\/p>\n\n\n\n<p>Algunos de nuestros clientes:<\/p>\n\n\n\n<figure class=\"wp-block-image size-full is-resized\"><a href=\"https:\/\/www.lyntia.com\/\"><img loading=\"lazy\" decoding=\"async\" width=\"150\" height=\"75\" src=\"https:\/\/www.stratosgs.com\/wp-content\/uploads\/2023\/09\/LYNTIA.png\" alt=\"\" class=\"wp-image-179\" style=\"width:134px;height:auto\"\/><\/a><\/figure>\n\n\n\n<figure class=\"wp-block-image size-full\"><a href=\"https:\/\/www.avatel.es\/\"><img loading=\"lazy\" decoding=\"async\" width=\"150\" height=\"75\" src=\"https:\/\/www.stratosgs.com\/wp-content\/uploads\/2023\/09\/AVATEL.png\" alt=\"\" class=\"wp-image-181\"\/><\/a><\/figure>\n\n\n\n<figure class=\"wp-block-image size-full\"><a href=\"https:\/\/axent.es\/\"><img loading=\"lazy\" decoding=\"async\" width=\"150\" height=\"75\" src=\"https:\/\/www.stratosgs.com\/wp-content\/uploads\/2023\/09\/AXENT.png\" alt=\"\" class=\"wp-image-183\"\/><\/a><\/figure>\n\n\n\n<figure class=\"wp-block-image size-full\"><a href=\"https:\/\/ast.aragon.es\/aragonesa-de-servicios-telematicos\"><img loading=\"lazy\" decoding=\"async\" width=\"150\" height=\"75\" src=\"https:\/\/www.stratosgs.com\/wp-content\/uploads\/2023\/09\/AST.png\" alt=\"\" class=\"wp-image-185\"\/><\/a><\/figure>\n\n\n\n<h2 class=\"wp-block-heading\">SERVICIOS<\/h2>\n","protected":false},"excerpt":{"rendered":"<p>En Stratos Global Solutions se nos conoce por nuestra cercan\u00eda con el cliente en la ejecuci\u00f3n de los proyectos. Nos gusta trabajar semana a semana, hito<span class=\"excerpt-hellip\"> [\u2026]<\/span><\/p>\n","protected":false},"author":1,"featured_media":0,"parent":0,"menu_order":0,"comment_status":"open","ping_status":"closed","template":"","meta":{"footnotes":""},"class_list":["post-11","page","type-page","status-publish","hentry"],"yoast_head":"<!-- This site is optimized with the Yoast SEO plugin v26.9 - https:\/\/yoast.com\/product\/yoast-seo-wordpress\/ -->\n<title>SERVICIOS &#8226; Stratos GS<\/title>\n<meta name=\"description\" content=\"En Stratos GS nos gusta trabajar de la mano de nuestros clientes, a fin de conseguir productos y servicios acordes a sus necesidades.\" \/>\n<meta name=\"robots\" content=\"index, follow, max-snippet:-1, max-image-preview:large, max-video-preview:-1\" \/>\n<link rel=\"canonical\" href=\"https:\/\/www.stratosgs.com\/index.php\/servicios\/\" \/>\n<meta property=\"og:locale\" content=\"es_ES\" \/>\n<meta property=\"og:type\" content=\"article\" \/>\n<meta property=\"og:title\" content=\"SERVICIOS &#8226; Stratos GS\" \/>\n<meta property=\"og:description\" content=\"En Stratos GS nos gusta trabajar de la mano de nuestros clientes, a fin de conseguir productos y servicios acordes a sus necesidades.\" \/>\n<meta property=\"og:url\" content=\"https:\/\/www.stratosgs.com\/index.php\/servicios\/\" \/>\n<meta property=\"og:site_name\" content=\"Stratos GS\" \/>\n<meta property=\"article:publisher\" content=\"https:\/\/www.facebook.com\/stratosglobalsolutions\" \/>\n<meta property=\"article:modified_time\" content=\"2025-09-24T11:16:51+00:00\" \/>\n<meta property=\"og:image\" content=\"https:\/\/www.stratosgs.com\/wp-content\/uploads\/2023\/09\/Diseno-sin-titulo-2.svg\" \/>\n<meta name=\"twitter:card\" content=\"summary_large_image\" \/>\n<meta name=\"twitter:site\" content=\"@StratosGS_\" \/>\n<meta name=\"twitter:label1\" content=\"Tiempo de lectura\" \/>\n\t<meta name=\"twitter:data1\" content=\"4 minutos\" \/>\n<script type=\"application\/ld+json\" class=\"yoast-schema-graph\">{\"@context\":\"https:\/\/schema.org\",\"@graph\":[{\"@type\":\"WebPage\",\"@id\":\"https:\/\/www.stratosgs.com\/index.php\/servicios\/\",\"url\":\"https:\/\/www.stratosgs.com\/index.php\/servicios\/\",\"name\":\"SERVICIOS &#8226; Stratos GS\",\"isPartOf\":{\"@id\":\"https:\/\/www.stratosgs.com\/#website\"},\"primaryImageOfPage\":{\"@id\":\"https:\/\/www.stratosgs.com\/index.php\/servicios\/#primaryimage\"},\"image\":{\"@id\":\"https:\/\/www.stratosgs.com\/index.php\/servicios\/#primaryimage\"},\"thumbnailUrl\":\"https:\/\/www.stratosgs.com\/wp-content\/uploads\/2023\/09\/Diseno-sin-titulo-2.svg\",\"datePublished\":\"2020-06-22T06:42:02+00:00\",\"dateModified\":\"2025-09-24T11:16:51+00:00\",\"description\":\"En Stratos GS nos gusta trabajar de la mano de nuestros clientes, a fin de conseguir productos y servicios acordes a sus necesidades.\",\"breadcrumb\":{\"@id\":\"https:\/\/www.stratosgs.com\/index.php\/servicios\/#breadcrumb\"},\"inLanguage\":\"es\",\"potentialAction\":[{\"@type\":\"ReadAction\",\"target\":[\"https:\/\/www.stratosgs.com\/index.php\/servicios\/\"]}]},{\"@type\":\"ImageObject\",\"inLanguage\":\"es\",\"@id\":\"https:\/\/www.stratosgs.com\/index.php\/servicios\/#primaryimage\",\"url\":\"\",\"contentUrl\":\"\"},{\"@type\":\"BreadcrumbList\",\"@id\":\"https:\/\/www.stratosgs.com\/index.php\/servicios\/#breadcrumb\",\"itemListElement\":[{\"@type\":\"ListItem\",\"position\":1,\"name\":\"Stratos GS\",\"item\":\"https:\/\/www.stratosgs.com\/\"},{\"@type\":\"ListItem\",\"position\":2,\"name\":\"SERVICIOS\"}]},{\"@type\":\"WebSite\",\"@id\":\"https:\/\/www.stratosgs.com\/#website\",\"url\":\"https:\/\/www.stratosgs.com\/\",\"name\":\"Stratos GS\",\"description\":\"Soluciones GIS, IA y Location Intelligence\",\"publisher\":{\"@id\":\"https:\/\/www.stratosgs.com\/#organization\"},\"alternateName\":\"Stratos\",\"potentialAction\":[{\"@type\":\"SearchAction\",\"target\":{\"@type\":\"EntryPoint\",\"urlTemplate\":\"https:\/\/www.stratosgs.com\/?s={search_term_string}\"},\"query-input\":{\"@type\":\"PropertyValueSpecification\",\"valueRequired\":true,\"valueName\":\"search_term_string\"}}],\"inLanguage\":\"es\"},{\"@type\":\"Organization\",\"@id\":\"https:\/\/www.stratosgs.com\/#organization\",\"name\":\"Stratos GS\",\"alternateName\":\"Stratos Global Solutions\",\"url\":\"https:\/\/www.stratosgs.com\/\",\"logo\":{\"@type\":\"ImageObject\",\"inLanguage\":\"es\",\"@id\":\"https:\/\/www.stratosgs.com\/#\/schema\/logo\/image\/\",\"url\":\"https:\/\/www.stratosgs.com\/wp-content\/uploads\/2023\/10\/00_PORTADA-Redes-Whatsapp.png\",\"contentUrl\":\"https:\/\/www.stratosgs.com\/wp-content\/uploads\/2023\/10\/00_PORTADA-Redes-Whatsapp.png\",\"width\":2000,\"height\":2000,\"caption\":\"Stratos GS\"},\"image\":{\"@id\":\"https:\/\/www.stratosgs.com\/#\/schema\/logo\/image\/\"},\"sameAs\":[\"https:\/\/www.facebook.com\/stratosglobalsolutions\",\"https:\/\/x.com\/StratosGS_\",\"https:\/\/www.linkedin.com\/company\/stratosglobalsolutions\/\",\"https:\/\/www.youtube.com\/@stratosglobalsolutions\",\"https:\/\/www.instagram.com\/stratosgs_\/\"]}]}<\/script>\n<!-- \/ Yoast SEO plugin. -->","yoast_head_json":{"title":"SERVICIOS &#8226; Stratos GS","description":"En Stratos GS nos gusta trabajar de la mano de nuestros clientes, a fin de conseguir productos y servicios acordes a sus necesidades.","robots":{"index":"index","follow":"follow","max-snippet":"max-snippet:-1","max-image-preview":"max-image-preview:large","max-video-preview":"max-video-preview:-1"},"canonical":"https:\/\/www.stratosgs.com\/index.php\/servicios\/","og_locale":"es_ES","og_type":"article","og_title":"SERVICIOS &#8226; Stratos GS","og_description":"En Stratos GS nos gusta trabajar de la mano de nuestros clientes, a fin de conseguir productos y servicios acordes a sus necesidades.","og_url":"https:\/\/www.stratosgs.com\/index.php\/servicios\/","og_site_name":"Stratos GS","article_publisher":"https:\/\/www.facebook.com\/stratosglobalsolutions","article_modified_time":"2025-09-24T11:16:51+00:00","og_image":[{"url":"https:\/\/www.stratosgs.com\/wp-content\/uploads\/2023\/09\/Diseno-sin-titulo-2.svg","type":"","width":"","height":""}],"twitter_card":"summary_large_image","twitter_site":"@StratosGS_","twitter_misc":{"Tiempo de lectura":"4 minutos"},"schema":{"@context":"https:\/\/schema.org","@graph":[{"@type":"WebPage","@id":"https:\/\/www.stratosgs.com\/index.php\/servicios\/","url":"https:\/\/www.stratosgs.com\/index.php\/servicios\/","name":"SERVICIOS &#8226; Stratos GS","isPartOf":{"@id":"https:\/\/www.stratosgs.com\/#website"},"primaryImageOfPage":{"@id":"https:\/\/www.stratosgs.com\/index.php\/servicios\/#primaryimage"},"image":{"@id":"https:\/\/www.stratosgs.com\/index.php\/servicios\/#primaryimage"},"thumbnailUrl":"https:\/\/www.stratosgs.com\/wp-content\/uploads\/2023\/09\/Diseno-sin-titulo-2.svg","datePublished":"2020-06-22T06:42:02+00:00","dateModified":"2025-09-24T11:16:51+00:00","description":"En Stratos GS nos gusta trabajar de la mano de nuestros clientes, a fin de conseguir productos y servicios acordes a sus necesidades.","breadcrumb":{"@id":"https:\/\/www.stratosgs.com\/index.php\/servicios\/#breadcrumb"},"inLanguage":"es","potentialAction":[{"@type":"ReadAction","target":["https:\/\/www.stratosgs.com\/index.php\/servicios\/"]}]},{"@type":"ImageObject","inLanguage":"es","@id":"https:\/\/www.stratosgs.com\/index.php\/servicios\/#primaryimage","url":"","contentUrl":""},{"@type":"BreadcrumbList","@id":"https:\/\/www.stratosgs.com\/index.php\/servicios\/#breadcrumb","itemListElement":[{"@type":"ListItem","position":1,"name":"Stratos GS","item":"https:\/\/www.stratosgs.com\/"},{"@type":"ListItem","position":2,"name":"SERVICIOS"}]},{"@type":"WebSite","@id":"https:\/\/www.stratosgs.com\/#website","url":"https:\/\/www.stratosgs.com\/","name":"Stratos GS","description":"Soluciones GIS, IA y Location Intelligence","publisher":{"@id":"https:\/\/www.stratosgs.com\/#organization"},"alternateName":"Stratos","potentialAction":[{"@type":"SearchAction","target":{"@type":"EntryPoint","urlTemplate":"https:\/\/www.stratosgs.com\/?s={search_term_string}"},"query-input":{"@type":"PropertyValueSpecification","valueRequired":true,"valueName":"search_term_string"}}],"inLanguage":"es"},{"@type":"Organization","@id":"https:\/\/www.stratosgs.com\/#organization","name":"Stratos GS","alternateName":"Stratos Global Solutions","url":"https:\/\/www.stratosgs.com\/","logo":{"@type":"ImageObject","inLanguage":"es","@id":"https:\/\/www.stratosgs.com\/#\/schema\/logo\/image\/","url":"https:\/\/www.stratosgs.com\/wp-content\/uploads\/2023\/10\/00_PORTADA-Redes-Whatsapp.png","contentUrl":"https:\/\/www.stratosgs.com\/wp-content\/uploads\/2023\/10\/00_PORTADA-Redes-Whatsapp.png","width":2000,"height":2000,"caption":"Stratos GS"},"image":{"@id":"https:\/\/www.stratosgs.com\/#\/schema\/logo\/image\/"},"sameAs":["https:\/\/www.facebook.com\/stratosglobalsolutions","https:\/\/x.com\/StratosGS_","https:\/\/www.linkedin.com\/company\/stratosglobalsolutions\/","https:\/\/www.youtube.com\/@stratosglobalsolutions","https:\/\/www.instagram.com\/stratosgs_\/"]}]}},"_links":{"self":[{"href":"https:\/\/www.stratosgs.com\/index.php\/wp-json\/wp\/v2\/pages\/11","targetHints":{"allow":["GET"]}}],"collection":[{"href":"https:\/\/www.stratosgs.com\/index.php\/wp-json\/wp\/v2\/pages"}],"about":[{"href":"https:\/\/www.stratosgs.com\/index.php\/wp-json\/wp\/v2\/types\/page"}],"author":[{"embeddable":true,"href":"https:\/\/www.stratosgs.com\/index.php\/wp-json\/wp\/v2\/users\/1"}],"replies":[{"embeddable":true,"href":"https:\/\/www.stratosgs.com\/index.php\/wp-json\/wp\/v2\/comments?post=11"}],"version-history":[{"count":3,"href":"https:\/\/www.stratosgs.com\/index.php\/wp-json\/wp\/v2\/pages\/11\/revisions"}],"predecessor-version":[{"id":419,"href":"https:\/\/www.stratosgs.com\/index.php\/wp-json\/wp\/v2\/pages\/11\/revisions\/419"}],"wp:attachment":[{"href":"https:\/\/www.stratosgs.com\/index.php\/wp-json\/wp\/v2\/media?parent=11"}],"curies":[{"name":"wp","href":"https:\/\/api.w.org\/{rel}","templated":true}]}}