{"id":15,"date":"2020-06-22T08:42:40","date_gmt":"2020-06-22T06:42:40","guid":{"rendered":"http:\/\/82.223.78.85\/?page_id=15"},"modified":"2025-09-24T11:07:40","modified_gmt":"2025-09-24T11:07:40","slug":"contacto","status":"publish","type":"page","link":"https:\/\/www.stratosgs.com\/index.php\/contacto\/","title":{"rendered":"CONTACTO"},"content":{"rendered":"\n<p>Ponemos a tu disposici\u00f3n el contacto de Stratos GS. \u00a1Estamos disponibles para cualquier duda por diferentes medios!<\/p>\n\n\n\n<p>Desde Stratos, ayudamos a nuestros clientes a tener la informaci\u00f3n normalizada, infundiendo la cultura del \u00abdato\u00bb y de la digitalizaci\u00f3n. Con ello, implementamos&nbsp;<strong>herramientas que favorezcan la toma de decisiones, planificaci\u00f3n, modificaci\u00f3n de escenarios, gesti\u00f3n de activos minimizando riesgos y<\/strong>, lo m\u00e1s importante,&nbsp;<strong>costes en el negocio<\/strong>.<\/p>\n\n\n\n<p>Stratos est\u00e1 formado por un equipo joven y con talento, capaz de comprender las necesidades del cliente, ofreciendo la soluci\u00f3n m\u00e1s \u00f3ptima y eficaz. Siempre preparados para afrontar los enormes desaf\u00edos que los negocios presentan hoy en d\u00eda. \u00a1Cont\u00e1ctanos!<\/p>\n\n\n\n<figure class=\"wp-block-image size-large is-resized\"><a href=\"www.stratosgs.com\"><img loading=\"lazy\" decoding=\"async\" width=\"1200\" height=\"403\" src=\"https:\/\/www.stratosgs.com\/wp-content\/uploads\/2024\/01\/logo-horizontal-retina-1-1200x403.png\" alt=\"contacto stratos gs\" class=\"wp-image-319\" style=\"width:410px;height:auto\" srcset=\"https:\/\/www.stratosgs.com\/wp-content\/uploads\/2024\/01\/logo-horizontal-retina-1-1200x403.png 1200w, https:\/\/www.stratosgs.com\/wp-content\/uploads\/2024\/01\/logo-horizontal-retina-1-500x168.png 500w, https:\/\/www.stratosgs.com\/wp-content\/uploads\/2024\/01\/logo-horizontal-retina-1-300x101.png 300w, https:\/\/www.stratosgs.com\/wp-content\/uploads\/2024\/01\/logo-horizontal-retina-1-768x258.png 768w, https:\/\/www.stratosgs.com\/wp-content\/uploads\/2024\/01\/logo-horizontal-retina-1-150x50.png 150w, https:\/\/www.stratosgs.com\/wp-content\/uploads\/2024\/01\/logo-horizontal-retina-1-480x161.png 480w, https:\/\/www.stratosgs.com\/wp-content\/uploads\/2024\/01\/logo-horizontal-retina-1.png 1275w\" sizes=\"auto, (max-width:767px) 480px, (max-width:1200px) 100vw, 1200px\" \/><\/a><\/figure>\n\n\n\n<iframe src=\"https:\/\/www.google.com\/maps\/embed?pb=!1m14!1m8!1m3!1d12687.29860612162!2d-5.9762767!3d37.3466598!3m2!1i1024!2i768!4f13.1!3m3!1m2!1s0xd126fc41f2442f7%3A0xb475df40e809a922!2sStratos%20Global%20Solutions%20S.L.!5e0!3m2!1ses!2ses!4v1695621908429!5m2!1ses!2ses\" width=\"100%\" height=\"500\" style=\"border:0;\" allowfullscreen=\"\" loading=\"lazy\" referrerpolicy=\"no-referrer-when-downgrade\"><\/iframe>\n\n\n\n<h2 class=\"wp-block-heading\">Contacto<\/h2>\n\n\n\n<h4 class=\"wp-block-heading\">\u00bfTienes alguna pregunta?<\/h4>\n\n\n\n<p>info@stratosgs.com<\/p>\n\n\n\n<h4 class=\"wp-block-heading\">Ll\u00e1manos<\/h4>\n\n\n\n<p>+34 854 772 406<\/p>\n\n\n\n<h4 class=\"wp-block-heading\">Nuestra ubicaci\u00f3n<\/h4>\n\n\n\n<p>Gta. An\u00edbal Gonz\u00e1lez, Edif. Centris II, Planta 4\u00aa &#8211; Oficina 418<br>41940 Tomares, Sevilla<\/p>\n\n\n\n<h4 class=\"wp-block-heading\"><a href=\"https:\/\/wa.me\/+34642990733\" target=\"_blank\" rel=\"noreferrer noopener\">Whatsapp Soporte<\/a><\/h4>\n\n\n\n<p><a href=\"https:\/\/wa.me\/+34642990733\" target=\"_blank\" rel=\"noreferrer noopener\">+34 642 990 733<\/a><\/p>\n\n\n\n<h4 class=\"wp-block-heading\"><a href=\"https:\/\/wa.me\/+34614335068\" target=\"_blank\" rel=\"noreferrer noopener\">Whatsapp Comercial<\/a><\/h4>\n\n\n\n<p><a href=\"https:\/\/wa.me\/+34614335068\" target=\"_blank\" rel=\"noreferrer noopener\">+34 614 335 068<\/a><\/p>\n\n\n\n<h3 class=\"wp-block-heading\">Disponibilidad<\/h3>\n\n\n\n<p>Responderemos a tu consulta en el siguiente horario:<\/p>\n\n\n\n<ul class=\"wp-block-list\">\n<li><strong>LUNES &#8211; VIERNES<\/strong> 08:00 &#8211; 15:00<a href=\"https:\/\/wa.me\/+34614335068\" target=\"_blank\" rel=\"noreferrer noopener\"><\/a><a href=\"https:\/\/wa.me\/+34614335068\" target=\"_blank\" rel=\"noreferrer noopener\"><\/a><\/li>\n<\/ul>\n\n\n\n<p><\/p>\n","protected":false},"excerpt":{"rendered":"<p>Ponemos a tu disposici\u00f3n el contacto de Stratos GS. \u00a1Estamos disponibles para cualquier duda por diferentes medios! Desde Stratos, ayudamos a nuestros clientes a tener la<span class=\"excerpt-hellip\"> [\u2026]<\/span><\/p>\n","protected":false},"author":1,"featured_media":0,"parent":0,"menu_order":0,"comment_status":"open","ping_status":"closed","template":"","meta":{"footnotes":""},"class_list":["post-15","page","type-page","status-publish","hentry"],"yoast_head":"<!-- This site is optimized with the Yoast SEO plugin v26.9 - https:\/\/yoast.com\/product\/yoast-seo-wordpress\/ -->\n<title>CONTACTO &#8226; Stratos GS<\/title>\n<meta name=\"description\" content=\"Ponemos a tu disposici\u00f3n el contacto de Stratos GS. \u00a1Estamos disponibles para cualquier duda por diferentes medios!\" \/>\n<meta name=\"robots\" content=\"index, follow, max-snippet:-1, max-image-preview:large, max-video-preview:-1\" \/>\n<link rel=\"canonical\" href=\"https:\/\/www.stratosgs.com\/index.php\/contacto\/\" \/>\n<meta property=\"og:locale\" content=\"es_ES\" \/>\n<meta property=\"og:type\" content=\"article\" \/>\n<meta property=\"og:title\" content=\"CONTACTO &#8226; Stratos GS\" \/>\n<meta property=\"og:description\" content=\"Ponemos a tu disposici\u00f3n el contacto de Stratos GS. \u00a1Estamos disponibles para cualquier duda por diferentes medios!\" \/>\n<meta property=\"og:url\" content=\"https:\/\/www.stratosgs.com\/index.php\/contacto\/\" \/>\n<meta property=\"og:site_name\" content=\"Stratos GS\" \/>\n<meta property=\"article:publisher\" content=\"https:\/\/www.facebook.com\/stratosglobalsolutions\" \/>\n<meta property=\"article:modified_time\" content=\"2025-09-24T11:07:40+00:00\" \/>\n<meta property=\"og:image\" content=\"https:\/\/www.stratosgs.com\/wp-content\/uploads\/2024\/01\/logo-horizontal-retina-1-1200x403.png\" \/>\n<meta name=\"twitter:card\" content=\"summary_large_image\" \/>\n<meta name=\"twitter:site\" content=\"@StratosGS_\" \/>\n<meta name=\"twitter:label1\" content=\"Tiempo de lectura\" \/>\n\t<meta name=\"twitter:data1\" content=\"1 minuto\" \/>\n<script type=\"application\/ld+json\" class=\"yoast-schema-graph\">{\"@context\":\"https:\/\/schema.org\",\"@graph\":[{\"@type\":\"WebPage\",\"@id\":\"https:\/\/www.stratosgs.com\/index.php\/contacto\/\",\"url\":\"https:\/\/www.stratosgs.com\/index.php\/contacto\/\",\"name\":\"CONTACTO &#8226; Stratos GS\",\"isPartOf\":{\"@id\":\"https:\/\/www.stratosgs.com\/#website\"},\"primaryImageOfPage\":{\"@id\":\"https:\/\/www.stratosgs.com\/index.php\/contacto\/#primaryimage\"},\"image\":{\"@id\":\"https:\/\/www.stratosgs.com\/index.php\/contacto\/#primaryimage\"},\"thumbnailUrl\":\"https:\/\/www.stratosgs.com\/wp-content\/uploads\/2024\/01\/logo-horizontal-retina-1-1200x403.png\",\"datePublished\":\"2020-06-22T06:42:40+00:00\",\"dateModified\":\"2025-09-24T11:07:40+00:00\",\"description\":\"Ponemos a tu disposici\u00f3n el contacto de Stratos GS. \u00a1Estamos disponibles para cualquier duda por diferentes medios!\",\"breadcrumb\":{\"@id\":\"https:\/\/www.stratosgs.com\/index.php\/contacto\/#breadcrumb\"},\"inLanguage\":\"es\",\"potentialAction\":[{\"@type\":\"ReadAction\",\"target\":[\"https:\/\/www.stratosgs.com\/index.php\/contacto\/\"]}]},{\"@type\":\"ImageObject\",\"inLanguage\":\"es\",\"@id\":\"https:\/\/www.stratosgs.com\/index.php\/contacto\/#primaryimage\",\"url\":\"https:\/\/www.stratosgs.com\/wp-content\/uploads\/2024\/01\/logo-horizontal-retina-1.png\",\"contentUrl\":\"https:\/\/www.stratosgs.com\/wp-content\/uploads\/2024\/01\/logo-horizontal-retina-1.png\",\"width\":1275,\"height\":428},{\"@type\":\"BreadcrumbList\",\"@id\":\"https:\/\/www.stratosgs.com\/index.php\/contacto\/#breadcrumb\",\"itemListElement\":[{\"@type\":\"ListItem\",\"position\":1,\"name\":\"Stratos GS\",\"item\":\"https:\/\/www.stratosgs.com\/\"},{\"@type\":\"ListItem\",\"position\":2,\"name\":\"CONTACTO\"}]},{\"@type\":\"WebSite\",\"@id\":\"https:\/\/www.stratosgs.com\/#website\",\"url\":\"https:\/\/www.stratosgs.com\/\",\"name\":\"Stratos GS\",\"description\":\"Soluciones GIS, IA y Location Intelligence\",\"publisher\":{\"@id\":\"https:\/\/www.stratosgs.com\/#organization\"},\"alternateName\":\"Stratos\",\"potentialAction\":[{\"@type\":\"SearchAction\",\"target\":{\"@type\":\"EntryPoint\",\"urlTemplate\":\"https:\/\/www.stratosgs.com\/?s={search_term_string}\"},\"query-input\":{\"@type\":\"PropertyValueSpecification\",\"valueRequired\":true,\"valueName\":\"search_term_string\"}}],\"inLanguage\":\"es\"},{\"@type\":\"Organization\",\"@id\":\"https:\/\/www.stratosgs.com\/#organization\",\"name\":\"Stratos GS\",\"alternateName\":\"Stratos Global Solutions\",\"url\":\"https:\/\/www.stratosgs.com\/\",\"logo\":{\"@type\":\"ImageObject\",\"inLanguage\":\"es\",\"@id\":\"https:\/\/www.stratosgs.com\/#\/schema\/logo\/image\/\",\"url\":\"https:\/\/www.stratosgs.com\/wp-content\/uploads\/2023\/10\/00_PORTADA-Redes-Whatsapp.png\",\"contentUrl\":\"https:\/\/www.stratosgs.com\/wp-content\/uploads\/2023\/10\/00_PORTADA-Redes-Whatsapp.png\",\"width\":2000,\"height\":2000,\"caption\":\"Stratos GS\"},\"image\":{\"@id\":\"https:\/\/www.stratosgs.com\/#\/schema\/logo\/image\/\"},\"sameAs\":[\"https:\/\/www.facebook.com\/stratosglobalsolutions\",\"https:\/\/x.com\/StratosGS_\",\"https:\/\/www.linkedin.com\/company\/stratosglobalsolutions\/\",\"https:\/\/www.youtube.com\/@stratosglobalsolutions\",\"https:\/\/www.instagram.com\/stratosgs_\/\"]}]}<\/script>\n<!-- \/ Yoast SEO plugin. -->","yoast_head_json":{"title":"CONTACTO &#8226; Stratos GS","description":"Ponemos a tu disposici\u00f3n el contacto de Stratos GS. \u00a1Estamos disponibles para cualquier duda por diferentes medios!","robots":{"index":"index","follow":"follow","max-snippet":"max-snippet:-1","max-image-preview":"max-image-preview:large","max-video-preview":"max-video-preview:-1"},"canonical":"https:\/\/www.stratosgs.com\/index.php\/contacto\/","og_locale":"es_ES","og_type":"article","og_title":"CONTACTO &#8226; Stratos GS","og_description":"Ponemos a tu disposici\u00f3n el contacto de Stratos GS. \u00a1Estamos disponibles para cualquier duda por diferentes medios!","og_url":"https:\/\/www.stratosgs.com\/index.php\/contacto\/","og_site_name":"Stratos GS","article_publisher":"https:\/\/www.facebook.com\/stratosglobalsolutions","article_modified_time":"2025-09-24T11:07:40+00:00","og_image":[{"url":"https:\/\/www.stratosgs.com\/wp-content\/uploads\/2024\/01\/logo-horizontal-retina-1-1200x403.png","type":"","width":"","height":""}],"twitter_card":"summary_large_image","twitter_site":"@StratosGS_","twitter_misc":{"Tiempo de lectura":"1 minuto"},"schema":{"@context":"https:\/\/schema.org","@graph":[{"@type":"WebPage","@id":"https:\/\/www.stratosgs.com\/index.php\/contacto\/","url":"https:\/\/www.stratosgs.com\/index.php\/contacto\/","name":"CONTACTO &#8226; Stratos GS","isPartOf":{"@id":"https:\/\/www.stratosgs.com\/#website"},"primaryImageOfPage":{"@id":"https:\/\/www.stratosgs.com\/index.php\/contacto\/#primaryimage"},"image":{"@id":"https:\/\/www.stratosgs.com\/index.php\/contacto\/#primaryimage"},"thumbnailUrl":"https:\/\/www.stratosgs.com\/wp-content\/uploads\/2024\/01\/logo-horizontal-retina-1-1200x403.png","datePublished":"2020-06-22T06:42:40+00:00","dateModified":"2025-09-24T11:07:40+00:00","description":"Ponemos a tu disposici\u00f3n el contacto de Stratos GS. \u00a1Estamos disponibles para cualquier duda por diferentes medios!","breadcrumb":{"@id":"https:\/\/www.stratosgs.com\/index.php\/contacto\/#breadcrumb"},"inLanguage":"es","potentialAction":[{"@type":"ReadAction","target":["https:\/\/www.stratosgs.com\/index.php\/contacto\/"]}]},{"@type":"ImageObject","inLanguage":"es","@id":"https:\/\/www.stratosgs.com\/index.php\/contacto\/#primaryimage","url":"https:\/\/www.stratosgs.com\/wp-content\/uploads\/2024\/01\/logo-horizontal-retina-1.png","contentUrl":"https:\/\/www.stratosgs.com\/wp-content\/uploads\/2024\/01\/logo-horizontal-retina-1.png","width":1275,"height":428},{"@type":"BreadcrumbList","@id":"https:\/\/www.stratosgs.com\/index.php\/contacto\/#breadcrumb","itemListElement":[{"@type":"ListItem","position":1,"name":"Stratos GS","item":"https:\/\/www.stratosgs.com\/"},{"@type":"ListItem","position":2,"name":"CONTACTO"}]},{"@type":"WebSite","@id":"https:\/\/www.stratosgs.com\/#website","url":"https:\/\/www.stratosgs.com\/","name":"Stratos GS","description":"Soluciones GIS, IA y Location Intelligence","publisher":{"@id":"https:\/\/www.stratosgs.com\/#organization"},"alternateName":"Stratos","potentialAction":[{"@type":"SearchAction","target":{"@type":"EntryPoint","urlTemplate":"https:\/\/www.stratosgs.com\/?s={search_term_string}"},"query-input":{"@type":"PropertyValueSpecification","valueRequired":true,"valueName":"search_term_string"}}],"inLanguage":"es"},{"@type":"Organization","@id":"https:\/\/www.stratosgs.com\/#organization","name":"Stratos GS","alternateName":"Stratos Global Solutions","url":"https:\/\/www.stratosgs.com\/","logo":{"@type":"ImageObject","inLanguage":"es","@id":"https:\/\/www.stratosgs.com\/#\/schema\/logo\/image\/","url":"https:\/\/www.stratosgs.com\/wp-content\/uploads\/2023\/10\/00_PORTADA-Redes-Whatsapp.png","contentUrl":"https:\/\/www.stratosgs.com\/wp-content\/uploads\/2023\/10\/00_PORTADA-Redes-Whatsapp.png","width":2000,"height":2000,"caption":"Stratos GS"},"image":{"@id":"https:\/\/www.stratosgs.com\/#\/schema\/logo\/image\/"},"sameAs":["https:\/\/www.facebook.com\/stratosglobalsolutions","https:\/\/x.com\/StratosGS_","https:\/\/www.linkedin.com\/company\/stratosglobalsolutions\/","https:\/\/www.youtube.com\/@stratosglobalsolutions","https:\/\/www.instagram.com\/stratosgs_\/"]}]}},"_links":{"self":[{"href":"https:\/\/www.stratosgs.com\/index.php\/wp-json\/wp\/v2\/pages\/15","targetHints":{"allow":["GET"]}}],"collection":[{"href":"https:\/\/www.stratosgs.com\/index.php\/wp-json\/wp\/v2\/pages"}],"about":[{"href":"https:\/\/www.stratosgs.com\/index.php\/wp-json\/wp\/v2\/types\/page"}],"author":[{"embeddable":true,"href":"https:\/\/www.stratosgs.com\/index.php\/wp-json\/wp\/v2\/users\/1"}],"replies":[{"embeddable":true,"href":"https:\/\/www.stratosgs.com\/index.php\/wp-json\/wp\/v2\/comments?post=15"}],"version-history":[{"count":7,"href":"https:\/\/www.stratosgs.com\/index.php\/wp-json\/wp\/v2\/pages\/15\/revisions"}],"predecessor-version":[{"id":430,"href":"https:\/\/www.stratosgs.com\/index.php\/wp-json\/wp\/v2\/pages\/15\/revisions\/430"}],"wp:attachment":[{"href":"https:\/\/www.stratosgs.com\/index.php\/wp-json\/wp\/v2\/media?parent=15"}],"curies":[{"name":"wp","href":"https:\/\/api.w.org\/{rel}","templated":true}]}}