{"id":2,"date":"2020-06-22T08:28:27","date_gmt":"2020-06-22T06:28:27","guid":{"rendered":"http:\/\/82.223.78.85\/?page_id=2"},"modified":"2026-05-05T17:37:30","modified_gmt":"2026-05-05T15:37:30","slug":"software-gis-para-fibra-optica-y-location-intelligence","status":"publish","type":"page","link":"https:\/\/www.stratosgs.com\/","title":{"rendered":"INICIO"},"content":{"rendered":"\n<p>Stratos Global Solutions surge para ofrecer consultor\u00eda y an\u00e1lisis y desarrollo de software GIS para fibra \u00f3ptica y Location Intelligence con las t\u00e9cnicas m\u00e1s pioneras y r\u00e1pidas del mercado.<\/p>\n\n\n\n<figure class=\"wp-block-image size-full\"><img loading=\"lazy\" decoding=\"async\" width=\"1280\" height=\"720\" src=\"https:\/\/www.stratosgs.com\/wp-content\/uploads\/2025\/02\/blog-1.png\" alt=\"Crecimiento innovaci\u00f3n y compromiso\" class=\"wp-image-490\" srcset=\"https:\/\/www.stratosgs.com\/wp-content\/uploads\/2025\/02\/blog-1.png 1280w, https:\/\/www.stratosgs.com\/wp-content\/uploads\/2025\/02\/blog-1-500x281.png 500w, https:\/\/www.stratosgs.com\/wp-content\/uploads\/2025\/02\/blog-1-1200x675.png 1200w, https:\/\/www.stratosgs.com\/wp-content\/uploads\/2025\/02\/blog-1-300x169.png 300w, https:\/\/www.stratosgs.com\/wp-content\/uploads\/2025\/02\/blog-1-768x432.png 768w, https:\/\/www.stratosgs.com\/wp-content\/uploads\/2025\/02\/blog-1-133x75.png 133w, https:\/\/www.stratosgs.com\/wp-content\/uploads\/2025\/02\/blog-1-480x270.png 480w\" sizes=\"auto, (max-width:767px) 480px, (max-width:1280px) 100vw, 1280px\" \/><\/figure>\n\n\n\n<h4 class=\"wp-block-heading\">NUESTRAS CLAVES DE \u00c9XITO<\/h4>\n\n\n\n<p>Usamos metodolog\u00edas&nbsp;<strong><em>Scrum (Agile)<\/em><\/strong>&nbsp;para fomentar que el producto sea lo m\u00e1s acorde a sus necesidades, y no lo que el equipo de desarrollo intuya. Adem\u00e1s trabajamos con las t\u00e9cnicas m\u00e1s modernas&nbsp;<strong><em>DevOps<\/em><\/strong>&nbsp;para escalar y mantener su plataforma. Ejecutamos&nbsp;<strong>soluciones pioneras<\/strong>&nbsp;apoyadas en:<\/p>\n\n\n\n<ul class=\"wp-block-list\">\n<li>Anal\u00edtica de Datos<\/li>\n\n\n\n<li>Location Intelligence<\/li>\n\n\n\n<li>An\u00e1lisis de Redes<\/li>\n\n\n\n<li>Integraci\u00f3n con Terceros<\/li>\n<\/ul>\n\n\n\n<ul class=\"wp-block-list\">\n<li>C\u00e1lculo de Rutas<\/li>\n\n\n\n<li>Machine Learning<\/li>\n\n\n\n<li>APIs REST<\/li>\n\n\n\n<li>Visores Web Avanzados<\/li>\n<\/ul>\n\n\n\n<h4 class=\"wp-block-heading\">NUESTRA EXPERIENCIA EN N\u00daMEROS<\/h4>\n\n\n\n<h6 class=\"wp-block-heading\">L\u00edneas de C\u00f3digo<\/h6>\n\n\n\n<ul class=\"wp-block-list\">\n<li>&gt; 10.000.000<\/li>\n<\/ul>\n\n\n\n<h6 class=\"wp-block-heading\">Bases de Datos Postgress<\/h6>\n\n\n\n<ul class=\"wp-block-list\">\n<li>&gt; 1.100<\/li>\n<\/ul>\n\n\n\n<h6 class=\"wp-block-heading\">Proyectos de Planificaci\u00f3n Espacial<\/h6>\n\n\n\n<ul class=\"wp-block-list\">\n<li>&gt; 940<\/li>\n<\/ul>\n\n\n\n<h6 class=\"wp-block-heading\">Repositorios de C\u00f3digo mantenidos<\/h6>\n\n\n\n<ul class=\"wp-block-list\">\n<li>&gt; 64<\/li>\n<\/ul>\n\n\n\n<h4 class=\"wp-block-heading\">NUESTROS PRINCIPIOS<\/h4>\n\n\n\n<p>CERCAN\u00cdA: Se nos conoce por nuestra cercan\u00eda con el cliente en la ejecuci\u00f3n de los proyectos. Nos gusta trabajar semana a semana, hito a hito de la mano de nuestros clientes, a fin de conseguir productos y servicios acordes a sus necesidades.<\/p>\n\n\n\n<p>INNOVACI\u00d3N: Nos encantan los retos, desarrollar los productos m\u00e1s avanzados e innovadores del mercado y aprovechar ese potencial para conseguir el Know How que nos ayude en proyectos sucesivos. Damos lo mejor de nosotros y aprendemos con ello.<\/p>\n\n\n\n<p>ESCALABILIDAD: Trabajamos con la mirada al futuro y la premisa tanto de flexibilidad y escalabilidad como de dato abierto en todas nuestras tareas. Realizamos soluciones \u00fatiles y adaptables al negocio de nuestros clientes, incluso si evoluciona en el tiempo.<\/p>\n\n\n\n<p>\u00daLTIMA TECNOLOG\u00cdA: Siempre apostamos por aplicaciones desarrolladas con tecnolog\u00eda y arquitecturas modernas y luchamos por integrar las \u00faltimas versiones de las librer\u00edas de nuestras soluciones.<\/p>\n\n\n\n<p>Puedes conocernos m\u00e1s en nuestras redes sociales: <\/p>\n\n\n\n<p><a href=\"https:\/\/www.linkedin.com\/company\/stratosglobalsolutions\/\">Linkedin<\/a><\/p>\n\n\n\n<p><a href=\"https:\/\/www.youtube.com\/@stratosglobalsolutions\">Youtube<\/a><\/p>\n\n\n\n<p><a href=\"https:\/\/www.facebook.com\/stratosglobalsolutions\">Facebook<\/a><\/p>\n\n\n\n<p><a href=\"https:\/\/www.instagram.com\/stratosgs_\/\">Instagram<\/a><\/p>\n\n\n\n<p><a href=\"https:\/\/twitter.com\/StratosGS_\">Twitter<\/a><\/p>\n\n\n\n<h4 class=\"wp-block-heading\">Acorde a tus Necesidades<\/h4>\n\n\n\n<p>Intuitividad, fluidez y anal\u00edtica de datos avanzada son las premisas del ecosistema aGIS en todas sus modalidades<\/p>\n\n\n\n<h3 class=\"wp-block-heading\">A MEDIDA<\/h3>\n\n\n\n<p>Software de Location Intelligence a medida basado enlas tecnolog\u00eda y t\u00e9cnicas de las distintas plataformas aGIS, para cualquier tipo de sector.<\/p>\n\n\n\n<p><a href=\"https:\/\/www.stratosgs.com\/index.php\/software-a-medida\/\">LEER M\u00c1S<\/a><\/p>\n\n\n\n<h3 class=\"wp-block-heading\">aGIS FTTH, Software GIS para Fibra \u00d3ptica<\/h3>\n\n\n\n<p>Plataforma GIS FTTH, basada en un SaaS, cloud y web para el dise\u00f1o, documentaci\u00f3n y monitorizaci\u00f3n de planta externa de redes FTTH.<\/p>\n\n\n\n<p><a href=\"https:\/\/www.stratosgs.com\/index.php\/aGIS-FTTH\/\">LEER M\u00c1S<\/a><\/p>\n\n\n\n<h3 class=\"wp-block-heading\">aGIS TELCO<\/h3>\n\n\n\n<p>SaaS orientado no solo al&nbsp;<strong>dise\u00f1o de fibra \u00f3ptica<\/strong>, sino al de cualquier tipo de red de telecomunicaciones (FTTH, fibra oscura, radioenlaces, WiFi, WiMax, emplazamientos&#8230;), es una plataforma moderna totalmente web y cloud, pudi\u00e9ndose as\u00ed utilizar desde cualquier lugar, que pretende llevar las tecnolog\u00edas de geolocalizaci\u00f3n m\u00e1s avanzadas a operadores telco.<\/p>\n\n\n\n<p>Se trata de un&nbsp;<strong>Sistema de Informaci\u00f3n Geogr\u00e1fica<\/strong>&nbsp;que permite volcar y digitalizar toda la informaci\u00f3n de la red adem\u00e1s de poder editarla; el hecho de tener toda la informaci\u00f3n digitalizada, va a permitir una&nbsp;<strong>mejor gesti\u00f3n y toma de decisiones de cara al futuro<\/strong>.<\/p>\n\n\n\n<p><br><a href=\"https:\/\/www.stratosgs.com\/index.php\/aGIS-TELCO\/\">LEER M\u00c1S<\/a><\/p>\n","protected":false},"excerpt":{"rendered":"<p>Stratos Global Solutions surge para ofrecer consultor\u00eda y an\u00e1lisis y desarrollo de software GIS para fibra \u00f3ptica y Location Intelligence con las t\u00e9cnicas m\u00e1s pioneras y<span class=\"excerpt-hellip\"> [\u2026]<\/span><\/p>\n","protected":false},"author":1,"featured_media":0,"parent":0,"menu_order":0,"comment_status":"open","ping_status":"closed","template":"","meta":{"footnotes":""},"class_list":["post-2","page","type-page","status-publish","hentry"],"yoast_head":"<!-- This site is optimized with the Yoast SEO plugin v26.9 - https:\/\/yoast.com\/product\/yoast-seo-wordpress\/ -->\n<title>Software GIS para Fibra \u00d3ptica, An\u00e1lisis, Desarrollo y Consultor\u00eda &#8226; Stratos GS<\/title>\n<meta name=\"description\" content=\"En Stratos GS realizamos an\u00e1lisis, consultor\u00eda GIS, y desarrollo, en especial, de software GIS para Fibra \u00d3ptica, SmartCity, Gaseoductos...\" \/>\n<meta name=\"robots\" content=\"index, follow, max-snippet:-1, max-image-preview:large, max-video-preview:-1\" \/>\n<link rel=\"canonical\" href=\"https:\/\/www.stratosgs.com\/\" \/>\n<meta property=\"og:locale\" content=\"es_ES\" \/>\n<meta property=\"og:type\" content=\"article\" \/>\n<meta property=\"og:title\" content=\"Software GIS para Fibra \u00d3ptica, An\u00e1lisis, Desarrollo y Consultor\u00eda &#8226; Stratos GS\" \/>\n<meta property=\"og:description\" content=\"En Stratos GS realizamos an\u00e1lisis, consultor\u00eda GIS, y desarrollo, en especial, de software GIS para Fibra \u00d3ptica, SmartCity, Gaseoductos...\" \/>\n<meta property=\"og:url\" content=\"https:\/\/www.stratosgs.com\/\" \/>\n<meta property=\"og:site_name\" content=\"Stratos GS\" \/>\n<meta property=\"article:publisher\" content=\"https:\/\/www.facebook.com\/stratosglobalsolutions\" \/>\n<meta property=\"article:modified_time\" content=\"2026-05-05T15:37:30+00:00\" \/>\n<meta property=\"og:image\" content=\"https:\/\/www.stratosgs.com\/wp-content\/uploads\/2025\/02\/blog-1.png\" \/>\n\t<meta property=\"og:image:width\" content=\"1280\" \/>\n\t<meta property=\"og:image:height\" content=\"720\" \/>\n\t<meta property=\"og:image:type\" content=\"image\/png\" \/>\n<meta name=\"twitter:card\" content=\"summary_large_image\" \/>\n<meta name=\"twitter:site\" content=\"@StratosGS_\" \/>\n<meta name=\"twitter:label1\" content=\"Tiempo de lectura\" \/>\n\t<meta name=\"twitter:data1\" content=\"3 minutos\" \/>\n<script type=\"application\/ld+json\" class=\"yoast-schema-graph\">{\"@context\":\"https:\/\/schema.org\",\"@graph\":[{\"@type\":\"WebPage\",\"@id\":\"https:\/\/www.stratosgs.com\/\",\"url\":\"https:\/\/www.stratosgs.com\/\",\"name\":\"Software GIS para Fibra \u00d3ptica, An\u00e1lisis, Desarrollo y Consultor\u00eda &#8226; Stratos GS\",\"isPartOf\":{\"@id\":\"https:\/\/www.stratosgs.com\/#website\"},\"primaryImageOfPage\":{\"@id\":\"https:\/\/www.stratosgs.com\/#primaryimage\"},\"image\":{\"@id\":\"https:\/\/www.stratosgs.com\/#primaryimage\"},\"thumbnailUrl\":\"https:\/\/www.stratosgs.com\/wp-content\/uploads\/2025\/02\/blog-1.png\",\"datePublished\":\"2020-06-22T06:28:27+00:00\",\"dateModified\":\"2026-05-05T15:37:30+00:00\",\"description\":\"En Stratos GS realizamos an\u00e1lisis, consultor\u00eda GIS, y desarrollo, en especial, de software GIS para Fibra \u00d3ptica, SmartCity, Gaseoductos...\",\"breadcrumb\":{\"@id\":\"https:\/\/www.stratosgs.com\/#breadcrumb\"},\"inLanguage\":\"es\",\"potentialAction\":[{\"@type\":\"ReadAction\",\"target\":[\"https:\/\/www.stratosgs.com\/\"]}]},{\"@type\":\"ImageObject\",\"inLanguage\":\"es\",\"@id\":\"https:\/\/www.stratosgs.com\/#primaryimage\",\"url\":\"https:\/\/www.stratosgs.com\/wp-content\/uploads\/2025\/02\/blog-1.png\",\"contentUrl\":\"https:\/\/www.stratosgs.com\/wp-content\/uploads\/2025\/02\/blog-1.png\",\"width\":1280,\"height\":720,\"caption\":\"Crecimiento innovaci\u00f3n y compromiso\"},{\"@type\":\"BreadcrumbList\",\"@id\":\"https:\/\/www.stratosgs.com\/#breadcrumb\",\"itemListElement\":[{\"@type\":\"ListItem\",\"position\":1,\"name\":\"Stratos GS\",\"item\":\"https:\/\/www.stratosgs.com\/\"},{\"@type\":\"ListItem\",\"position\":2,\"name\":\"INICIO\"}]},{\"@type\":\"WebSite\",\"@id\":\"https:\/\/www.stratosgs.com\/#website\",\"url\":\"https:\/\/www.stratosgs.com\/\",\"name\":\"Stratos GS\",\"description\":\"Soluciones GIS, IA y Location Intelligence\",\"publisher\":{\"@id\":\"https:\/\/www.stratosgs.com\/#organization\"},\"alternateName\":\"Stratos\",\"potentialAction\":[{\"@type\":\"SearchAction\",\"target\":{\"@type\":\"EntryPoint\",\"urlTemplate\":\"https:\/\/www.stratosgs.com\/?s={search_term_string}\"},\"query-input\":{\"@type\":\"PropertyValueSpecification\",\"valueRequired\":true,\"valueName\":\"search_term_string\"}}],\"inLanguage\":\"es\"},{\"@type\":\"Organization\",\"@id\":\"https:\/\/www.stratosgs.com\/#organization\",\"name\":\"Stratos GS\",\"alternateName\":\"Stratos Global Solutions\",\"url\":\"https:\/\/www.stratosgs.com\/\",\"logo\":{\"@type\":\"ImageObject\",\"inLanguage\":\"es\",\"@id\":\"https:\/\/www.stratosgs.com\/#\/schema\/logo\/image\/\",\"url\":\"https:\/\/www.stratosgs.com\/wp-content\/uploads\/2023\/10\/00_PORTADA-Redes-Whatsapp.png\",\"contentUrl\":\"https:\/\/www.stratosgs.com\/wp-content\/uploads\/2023\/10\/00_PORTADA-Redes-Whatsapp.png\",\"width\":2000,\"height\":2000,\"caption\":\"Stratos GS\"},\"image\":{\"@id\":\"https:\/\/www.stratosgs.com\/#\/schema\/logo\/image\/\"},\"sameAs\":[\"https:\/\/www.facebook.com\/stratosglobalsolutions\",\"https:\/\/x.com\/StratosGS_\",\"https:\/\/www.linkedin.com\/company\/stratosglobalsolutions\/\",\"https:\/\/www.youtube.com\/@stratosglobalsolutions\",\"https:\/\/www.instagram.com\/stratosgs_\/\"]}]}<\/script>\n<!-- \/ Yoast SEO plugin. -->","yoast_head_json":{"title":"Software GIS para Fibra \u00d3ptica, An\u00e1lisis, Desarrollo y Consultor\u00eda &#8226; Stratos GS","description":"En Stratos GS realizamos an\u00e1lisis, consultor\u00eda GIS, y desarrollo, en especial, de software GIS para Fibra \u00d3ptica, SmartCity, Gaseoductos...","robots":{"index":"index","follow":"follow","max-snippet":"max-snippet:-1","max-image-preview":"max-image-preview:large","max-video-preview":"max-video-preview:-1"},"canonical":"https:\/\/www.stratosgs.com\/","og_locale":"es_ES","og_type":"article","og_title":"Software GIS para Fibra \u00d3ptica, An\u00e1lisis, Desarrollo y Consultor\u00eda &#8226; Stratos GS","og_description":"En Stratos GS realizamos an\u00e1lisis, consultor\u00eda GIS, y desarrollo, en especial, de software GIS para Fibra \u00d3ptica, SmartCity, Gaseoductos...","og_url":"https:\/\/www.stratosgs.com\/","og_site_name":"Stratos GS","article_publisher":"https:\/\/www.facebook.com\/stratosglobalsolutions","article_modified_time":"2026-05-05T15:37:30+00:00","og_image":[{"width":1280,"height":720,"url":"https:\/\/www.stratosgs.com\/wp-content\/uploads\/2025\/02\/blog-1.png","type":"image\/png"}],"twitter_card":"summary_large_image","twitter_site":"@StratosGS_","twitter_misc":{"Tiempo de lectura":"3 minutos"},"schema":{"@context":"https:\/\/schema.org","@graph":[{"@type":"WebPage","@id":"https:\/\/www.stratosgs.com\/","url":"https:\/\/www.stratosgs.com\/","name":"Software GIS para Fibra \u00d3ptica, An\u00e1lisis, Desarrollo y Consultor\u00eda &#8226; Stratos GS","isPartOf":{"@id":"https:\/\/www.stratosgs.com\/#website"},"primaryImageOfPage":{"@id":"https:\/\/www.stratosgs.com\/#primaryimage"},"image":{"@id":"https:\/\/www.stratosgs.com\/#primaryimage"},"thumbnailUrl":"https:\/\/www.stratosgs.com\/wp-content\/uploads\/2025\/02\/blog-1.png","datePublished":"2020-06-22T06:28:27+00:00","dateModified":"2026-05-05T15:37:30+00:00","description":"En Stratos GS realizamos an\u00e1lisis, consultor\u00eda GIS, y desarrollo, en especial, de software GIS para Fibra \u00d3ptica, SmartCity, Gaseoductos...","breadcrumb":{"@id":"https:\/\/www.stratosgs.com\/#breadcrumb"},"inLanguage":"es","potentialAction":[{"@type":"ReadAction","target":["https:\/\/www.stratosgs.com\/"]}]},{"@type":"ImageObject","inLanguage":"es","@id":"https:\/\/www.stratosgs.com\/#primaryimage","url":"https:\/\/www.stratosgs.com\/wp-content\/uploads\/2025\/02\/blog-1.png","contentUrl":"https:\/\/www.stratosgs.com\/wp-content\/uploads\/2025\/02\/blog-1.png","width":1280,"height":720,"caption":"Crecimiento innovaci\u00f3n y compromiso"},{"@type":"BreadcrumbList","@id":"https:\/\/www.stratosgs.com\/#breadcrumb","itemListElement":[{"@type":"ListItem","position":1,"name":"Stratos GS","item":"https:\/\/www.stratosgs.com\/"},{"@type":"ListItem","position":2,"name":"INICIO"}]},{"@type":"WebSite","@id":"https:\/\/www.stratosgs.com\/#website","url":"https:\/\/www.stratosgs.com\/","name":"Stratos GS","description":"Soluciones GIS, IA y Location Intelligence","publisher":{"@id":"https:\/\/www.stratosgs.com\/#organization"},"alternateName":"Stratos","potentialAction":[{"@type":"SearchAction","target":{"@type":"EntryPoint","urlTemplate":"https:\/\/www.stratosgs.com\/?s={search_term_string}"},"query-input":{"@type":"PropertyValueSpecification","valueRequired":true,"valueName":"search_term_string"}}],"inLanguage":"es"},{"@type":"Organization","@id":"https:\/\/www.stratosgs.com\/#organization","name":"Stratos GS","alternateName":"Stratos Global Solutions","url":"https:\/\/www.stratosgs.com\/","logo":{"@type":"ImageObject","inLanguage":"es","@id":"https:\/\/www.stratosgs.com\/#\/schema\/logo\/image\/","url":"https:\/\/www.stratosgs.com\/wp-content\/uploads\/2023\/10\/00_PORTADA-Redes-Whatsapp.png","contentUrl":"https:\/\/www.stratosgs.com\/wp-content\/uploads\/2023\/10\/00_PORTADA-Redes-Whatsapp.png","width":2000,"height":2000,"caption":"Stratos GS"},"image":{"@id":"https:\/\/www.stratosgs.com\/#\/schema\/logo\/image\/"},"sameAs":["https:\/\/www.facebook.com\/stratosglobalsolutions","https:\/\/x.com\/StratosGS_","https:\/\/www.linkedin.com\/company\/stratosglobalsolutions\/","https:\/\/www.youtube.com\/@stratosglobalsolutions","https:\/\/www.instagram.com\/stratosgs_\/"]}]}},"_links":{"self":[{"href":"https:\/\/www.stratosgs.com\/index.php\/wp-json\/wp\/v2\/pages\/2","targetHints":{"allow":["GET"]}}],"collection":[{"href":"https:\/\/www.stratosgs.com\/index.php\/wp-json\/wp\/v2\/pages"}],"about":[{"href":"https:\/\/www.stratosgs.com\/index.php\/wp-json\/wp\/v2\/types\/page"}],"author":[{"embeddable":true,"href":"https:\/\/www.stratosgs.com\/index.php\/wp-json\/wp\/v2\/users\/1"}],"replies":[{"embeddable":true,"href":"https:\/\/www.stratosgs.com\/index.php\/wp-json\/wp\/v2\/comments?post=2"}],"version-history":[{"count":4,"href":"https:\/\/www.stratosgs.com\/index.php\/wp-json\/wp\/v2\/pages\/2\/revisions"}],"predecessor-version":[{"id":704,"href":"https:\/\/www.stratosgs.com\/index.php\/wp-json\/wp\/v2\/pages\/2\/revisions\/704"}],"wp:attachment":[{"href":"https:\/\/www.stratosgs.com\/index.php\/wp-json\/wp\/v2\/media?parent=2"}],"curies":[{"name":"wp","href":"https:\/\/api.w.org\/{rel}","templated":true}]}}