{"id":222,"date":"2023-09-20T16:49:49","date_gmt":"2023-09-20T14:49:49","guid":{"rendered":"http:\/\/82.223.78.85\/?page_id=222"},"modified":"2024-07-16T12:14:10","modified_gmt":"2024-07-16T10:14:10","slug":"agis-software-diseno-ftth","status":"publish","type":"page","link":"https:\/\/www.stratosgs.com\/index.php\/agis-software-diseno-ftth\/","title":{"rendered":"aGIS FTTH"},"content":{"rendered":"\n<p>Software de dise\u00f1o FTTH, descubre el Origen de aGIS TELCO<\/p>\n\n\n\n<p><strong>aGIS FTTH<\/strong>&nbsp;es un&nbsp;<strong>software GIS<\/strong>&nbsp;y SaaS cl\u00e1sico que fue desarrollado en 2015 para el dise\u00f1o, documentaci\u00f3n y monitorizaci\u00f3n de planta externa de redes de Fibra \u00d3ptica. Al ser una plataforma viva y escalable, se han ido aplicando actualizaciones y mejoras hasta llegar a lo que es hoy en d\u00eda&nbsp;<strong>su \u00faltima versi\u00f3n<\/strong>, aGIS TELCO.<\/p>\n\n\n\n<p><strong>aGIS TELCO<\/strong>&nbsp;surgi\u00f3 para el&nbsp;<strong>dise\u00f1o de redes de Fibra \u00f3ptica<\/strong>&nbsp;especialmente, aunque tambi\u00e9n contempla otro tipo de redes telco (FTTH, FTTx, capacidad, fibra oscura, radioenlaces, WiFi, WiMax, coaxial, obra civil\u2026) posibilitando adem\u00e1s la gesti\u00f3n de trabajos y su asignaci\u00f3n a empleados, la monitorizaci\u00f3n de OLTs y ONTs y gran variedad de m\u00f3dulos para obtener informaci\u00f3n de valor con la que analizar la evoluci\u00f3n de la red y tomar decisiones.<\/p>\n\n\n\n<figure class=\"wp-block-image\"><a href=\"https:\/\/agis.stratosgs.com\/login\/?next=\/\"><img decoding=\"async\" src=\"https:\/\/www.stratosgs.com\/wp-content\/uploads\/2023\/09\/ftth_web.svg#229\" alt=\"ftth_web\"\/><\/a><\/figure>\n\n\n\n<p><a href=\"https:\/\/www.stratosgs.com\/index.php\/agis-ftth\/#\"><\/a><\/p>\n\n\n\n<h3 class=\"wp-block-heading\">Visualiza, audita y gestiona la red en tiempo real<\/h3>\n\n\n\n<p>Tras analizar durante a\u00f1os la demanda de los operadores, se ha detectado que un importante aspecto es la calidad de trazabilidad, la posibilidad de conocer con exactitud, entre otras funcionalidades, los hogares necesarios por finca y los proveedores actuales de servicio de \u00e9stos.<\/p>\n\n\n\n<figure class=\"wp-block-image\"><img decoding=\"async\" src=\"https:\/\/www.stratosgs.com\/wp-content\/uploads\/2023\/09\/ftth_web-1.svg#230\" alt=\"ftth_web (1)\"\/><\/figure>\n\n\n\n<p><a href=\"https:\/\/www.stratosgs.com\/index.php\/agis-ftth\/#\"><\/a><\/p>\n\n\n\n<h3 class=\"wp-block-heading\">Integra diferentes sistemas<\/h3>\n\n\n\n<p>Esta aplicaci\u00f3n se integra perfectamente con las principales ONTs y OLTs del mercado. Una preocupaci\u00f3n constante son las incidencias, para lo que aGIS facilita su tr\u00e1mite con el Gestor de incidencias que ayuda a detectarlas y a gestionar la resoluci\u00f3n de infraestructura, categorizando las zonas seg\u00fan potencias, y detectando aquellas que tengan rangos anormales entre el resto.<\/p>\n\n\n\n<div class=\"wp-block-cover\"><span aria-hidden=\"true\" class=\"wp-block-cover__background has-background-dim\"><\/span><img decoding=\"async\" class=\"wp-block-cover__image-background\" alt=\"Software de dise\u00f1o FTTH\" src=\"https:\/\/www.stratosgs.com\/wp-content\/uploads\/2023\/09\/ftth_web-2.svg#231\" data-object-fit=\"cover\"\/><div class=\"wp-block-cover__inner-container is-layout-flow wp-block-cover-is-layout-flow\">\n<p class=\"has-text-align-center has-large-font-size\"><\/p>\n<\/div><\/div>\n\n\n\n<p><a href=\"https:\/\/www.stratosgs.com\/index.php\/agis-ftth\/#\"><\/a><\/p>\n\n\n\n<h3 class=\"wp-block-heading\">Optimiza la gesti\u00f3n de red y de clientes con nuestro Software de dise\u00f1o FTTH<\/h3>\n\n\n\n<p>Registra los elementos, la red, el proceso y todos los aspectos que se llevan a cabo en el proyecto. Las modificaciones que se realicen en aGIS para llevar a la realidad y tener el plano siempre actualizado. Ahorre en tiempo y recursos, geoposicionando clientes y servicios.<\/p>\n\n\n\n<p>CONOCE LAS PRINCIPALES MEJORAS DE SU \u00daLTIMA VERSI\u00d3N, aGIS TELCO<\/p>\n\n\n\n<ul class=\"wp-block-list\">\n<li>Admite Todo Tipo de Redes Telco<\/li>\n\n\n\n<li>Creaci\u00f3n de Equipos de Trabajo<\/li>\n\n\n\n<li>Proyectos Multicabecera<\/li>\n\n\n\n<li>Registro de Acciones por Usuario<\/li>\n\n\n\n<li>Importaci\u00f3n de Mapas Base<\/li>\n\n\n\n<li>Conexiones Automatizadas<\/li>\n\n\n\n<li>Estudios de Potencia<\/li>\n\n\n\n<li>Gestor Documental Multiequipo<\/li>\n\n\n\n<li>Gestor de SUCs<\/li>\n\n\n\n<li>Bases de Datos de Inventario<\/li>\n<\/ul>\n","protected":false},"excerpt":{"rendered":"<p>Software de dise\u00f1o FTTH, descubre el Origen de aGIS TELCO aGIS FTTH&nbsp;es un&nbsp;software GIS&nbsp;y SaaS cl\u00e1sico que fue desarrollado en 2015 para el dise\u00f1o, documentaci\u00f3n y<span class=\"excerpt-hellip\"> [\u2026]<\/span><\/p>\n","protected":false},"author":1,"featured_media":0,"parent":0,"menu_order":0,"comment_status":"closed","ping_status":"closed","template":"","meta":{"footnotes":""},"class_list":["post-222","page","type-page","status-publish","hentry"],"yoast_head":"<!-- This site is optimized with the Yoast SEO plugin v26.9 - https:\/\/yoast.com\/product\/yoast-seo-wordpress\/ -->\n<title>Software de Dise\u00f1o FTTH &#8226; aGIS FTTH &#8226; Stratos GS<\/title>\n<meta name=\"description\" content=\"Software GIS FTTH para el dise\u00f1o, documentaci\u00f3n y monitorizaci\u00f3n de planta externa de redes de Fibra \u00d3ptica.\" \/>\n<meta name=\"robots\" content=\"index, follow, max-snippet:-1, max-image-preview:large, max-video-preview:-1\" \/>\n<link rel=\"canonical\" href=\"https:\/\/www.stratosgs.com\/index.php\/agis-software-diseno-ftth\/\" \/>\n<meta property=\"og:locale\" content=\"es_ES\" \/>\n<meta property=\"og:type\" content=\"article\" \/>\n<meta property=\"og:title\" content=\"Software de Dise\u00f1o FTTH &#8226; aGIS FTTH &#8226; Stratos GS\" \/>\n<meta property=\"og:description\" content=\"Software GIS FTTH para el dise\u00f1o, documentaci\u00f3n y monitorizaci\u00f3n de planta externa de redes de Fibra \u00d3ptica.\" \/>\n<meta property=\"og:url\" content=\"https:\/\/www.stratosgs.com\/index.php\/agis-software-diseno-ftth\/\" \/>\n<meta property=\"og:site_name\" content=\"Stratos GS\" \/>\n<meta property=\"article:publisher\" content=\"https:\/\/www.facebook.com\/stratosglobalsolutions\" \/>\n<meta property=\"article:modified_time\" content=\"2024-07-16T10:14:10+00:00\" \/>\n<meta property=\"og:image\" content=\"https:\/\/www.stratosgs.com\/wp-content\/uploads\/2023\/09\/ftth_web.svg#229\" \/>\n<meta name=\"twitter:card\" content=\"summary_large_image\" \/>\n<meta name=\"twitter:site\" content=\"@StratosGS_\" \/>\n<meta name=\"twitter:label1\" content=\"Tiempo de lectura\" \/>\n\t<meta name=\"twitter:data1\" content=\"3 minutos\" \/>\n<script type=\"application\/ld+json\" class=\"yoast-schema-graph\">{\"@context\":\"https:\/\/schema.org\",\"@graph\":[{\"@type\":\"WebPage\",\"@id\":\"https:\/\/www.stratosgs.com\/index.php\/agis-software-diseno-ftth\/\",\"url\":\"https:\/\/www.stratosgs.com\/index.php\/agis-software-diseno-ftth\/\",\"name\":\"Software de Dise\u00f1o FTTH &#8226; aGIS FTTH &#8226; Stratos GS\",\"isPartOf\":{\"@id\":\"https:\/\/www.stratosgs.com\/#website\"},\"primaryImageOfPage\":{\"@id\":\"https:\/\/www.stratosgs.com\/index.php\/agis-software-diseno-ftth\/#primaryimage\"},\"image\":{\"@id\":\"https:\/\/www.stratosgs.com\/index.php\/agis-software-diseno-ftth\/#primaryimage\"},\"thumbnailUrl\":\"https:\/\/www.stratosgs.com\/wp-content\/uploads\/2023\/09\/ftth_web.svg#229\",\"datePublished\":\"2023-09-20T14:49:49+00:00\",\"dateModified\":\"2024-07-16T10:14:10+00:00\",\"description\":\"Software GIS FTTH para el dise\u00f1o, documentaci\u00f3n y monitorizaci\u00f3n de planta externa de redes de Fibra \u00d3ptica.\",\"breadcrumb\":{\"@id\":\"https:\/\/www.stratosgs.com\/index.php\/agis-software-diseno-ftth\/#breadcrumb\"},\"inLanguage\":\"es\",\"potentialAction\":[{\"@type\":\"ReadAction\",\"target\":[\"https:\/\/www.stratosgs.com\/index.php\/agis-software-diseno-ftth\/\"]}]},{\"@type\":\"ImageObject\",\"inLanguage\":\"es\",\"@id\":\"https:\/\/www.stratosgs.com\/index.php\/agis-software-diseno-ftth\/#primaryimage\",\"url\":\"https:\/\/www.stratosgs.com\/wp-content\/uploads\/2023\/09\/ftth_web.svg\",\"contentUrl\":\"https:\/\/www.stratosgs.com\/wp-content\/uploads\/2023\/09\/ftth_web.svg\"},{\"@type\":\"BreadcrumbList\",\"@id\":\"https:\/\/www.stratosgs.com\/index.php\/agis-software-diseno-ftth\/#breadcrumb\",\"itemListElement\":[{\"@type\":\"ListItem\",\"position\":1,\"name\":\"Stratos GS\",\"item\":\"https:\/\/www.stratosgs.com\/\"},{\"@type\":\"ListItem\",\"position\":2,\"name\":\"aGIS FTTH\"}]},{\"@type\":\"WebSite\",\"@id\":\"https:\/\/www.stratosgs.com\/#website\",\"url\":\"https:\/\/www.stratosgs.com\/\",\"name\":\"Stratos GS\",\"description\":\"Soluciones GIS, IA y Location Intelligence\",\"publisher\":{\"@id\":\"https:\/\/www.stratosgs.com\/#organization\"},\"alternateName\":\"Stratos\",\"potentialAction\":[{\"@type\":\"SearchAction\",\"target\":{\"@type\":\"EntryPoint\",\"urlTemplate\":\"https:\/\/www.stratosgs.com\/?s={search_term_string}\"},\"query-input\":{\"@type\":\"PropertyValueSpecification\",\"valueRequired\":true,\"valueName\":\"search_term_string\"}}],\"inLanguage\":\"es\"},{\"@type\":\"Organization\",\"@id\":\"https:\/\/www.stratosgs.com\/#organization\",\"name\":\"Stratos GS\",\"alternateName\":\"Stratos Global Solutions\",\"url\":\"https:\/\/www.stratosgs.com\/\",\"logo\":{\"@type\":\"ImageObject\",\"inLanguage\":\"es\",\"@id\":\"https:\/\/www.stratosgs.com\/#\/schema\/logo\/image\/\",\"url\":\"https:\/\/www.stratosgs.com\/wp-content\/uploads\/2023\/10\/00_PORTADA-Redes-Whatsapp.png\",\"contentUrl\":\"https:\/\/www.stratosgs.com\/wp-content\/uploads\/2023\/10\/00_PORTADA-Redes-Whatsapp.png\",\"width\":2000,\"height\":2000,\"caption\":\"Stratos GS\"},\"image\":{\"@id\":\"https:\/\/www.stratosgs.com\/#\/schema\/logo\/image\/\"},\"sameAs\":[\"https:\/\/www.facebook.com\/stratosglobalsolutions\",\"https:\/\/x.com\/StratosGS_\",\"https:\/\/www.linkedin.com\/company\/stratosglobalsolutions\/\",\"https:\/\/www.youtube.com\/@stratosglobalsolutions\",\"https:\/\/www.instagram.com\/stratosgs_\/\"]}]}<\/script>\n<!-- \/ Yoast SEO plugin. -->","yoast_head_json":{"title":"Software de Dise\u00f1o FTTH &#8226; aGIS FTTH &#8226; Stratos GS","description":"Software GIS FTTH para el dise\u00f1o, documentaci\u00f3n y monitorizaci\u00f3n de planta externa de redes de Fibra \u00d3ptica.","robots":{"index":"index","follow":"follow","max-snippet":"max-snippet:-1","max-image-preview":"max-image-preview:large","max-video-preview":"max-video-preview:-1"},"canonical":"https:\/\/www.stratosgs.com\/index.php\/agis-software-diseno-ftth\/","og_locale":"es_ES","og_type":"article","og_title":"Software de Dise\u00f1o FTTH &#8226; aGIS FTTH &#8226; Stratos GS","og_description":"Software GIS FTTH para el dise\u00f1o, documentaci\u00f3n y monitorizaci\u00f3n de planta externa de redes de Fibra \u00d3ptica.","og_url":"https:\/\/www.stratosgs.com\/index.php\/agis-software-diseno-ftth\/","og_site_name":"Stratos GS","article_publisher":"https:\/\/www.facebook.com\/stratosglobalsolutions","article_modified_time":"2024-07-16T10:14:10+00:00","og_image":[{"url":"https:\/\/www.stratosgs.com\/wp-content\/uploads\/2023\/09\/ftth_web.svg#229","type":"","width":"","height":""}],"twitter_card":"summary_large_image","twitter_site":"@StratosGS_","twitter_misc":{"Tiempo de lectura":"3 minutos"},"schema":{"@context":"https:\/\/schema.org","@graph":[{"@type":"WebPage","@id":"https:\/\/www.stratosgs.com\/index.php\/agis-software-diseno-ftth\/","url":"https:\/\/www.stratosgs.com\/index.php\/agis-software-diseno-ftth\/","name":"Software de Dise\u00f1o FTTH &#8226; aGIS FTTH &#8226; Stratos GS","isPartOf":{"@id":"https:\/\/www.stratosgs.com\/#website"},"primaryImageOfPage":{"@id":"https:\/\/www.stratosgs.com\/index.php\/agis-software-diseno-ftth\/#primaryimage"},"image":{"@id":"https:\/\/www.stratosgs.com\/index.php\/agis-software-diseno-ftth\/#primaryimage"},"thumbnailUrl":"https:\/\/www.stratosgs.com\/wp-content\/uploads\/2023\/09\/ftth_web.svg#229","datePublished":"2023-09-20T14:49:49+00:00","dateModified":"2024-07-16T10:14:10+00:00","description":"Software GIS FTTH para el dise\u00f1o, documentaci\u00f3n y monitorizaci\u00f3n de planta externa de redes de Fibra \u00d3ptica.","breadcrumb":{"@id":"https:\/\/www.stratosgs.com\/index.php\/agis-software-diseno-ftth\/#breadcrumb"},"inLanguage":"es","potentialAction":[{"@type":"ReadAction","target":["https:\/\/www.stratosgs.com\/index.php\/agis-software-diseno-ftth\/"]}]},{"@type":"ImageObject","inLanguage":"es","@id":"https:\/\/www.stratosgs.com\/index.php\/agis-software-diseno-ftth\/#primaryimage","url":"https:\/\/www.stratosgs.com\/wp-content\/uploads\/2023\/09\/ftth_web.svg","contentUrl":"https:\/\/www.stratosgs.com\/wp-content\/uploads\/2023\/09\/ftth_web.svg"},{"@type":"BreadcrumbList","@id":"https:\/\/www.stratosgs.com\/index.php\/agis-software-diseno-ftth\/#breadcrumb","itemListElement":[{"@type":"ListItem","position":1,"name":"Stratos GS","item":"https:\/\/www.stratosgs.com\/"},{"@type":"ListItem","position":2,"name":"aGIS FTTH"}]},{"@type":"WebSite","@id":"https:\/\/www.stratosgs.com\/#website","url":"https:\/\/www.stratosgs.com\/","name":"Stratos GS","description":"Soluciones GIS, IA y Location Intelligence","publisher":{"@id":"https:\/\/www.stratosgs.com\/#organization"},"alternateName":"Stratos","potentialAction":[{"@type":"SearchAction","target":{"@type":"EntryPoint","urlTemplate":"https:\/\/www.stratosgs.com\/?s={search_term_string}"},"query-input":{"@type":"PropertyValueSpecification","valueRequired":true,"valueName":"search_term_string"}}],"inLanguage":"es"},{"@type":"Organization","@id":"https:\/\/www.stratosgs.com\/#organization","name":"Stratos GS","alternateName":"Stratos Global Solutions","url":"https:\/\/www.stratosgs.com\/","logo":{"@type":"ImageObject","inLanguage":"es","@id":"https:\/\/www.stratosgs.com\/#\/schema\/logo\/image\/","url":"https:\/\/www.stratosgs.com\/wp-content\/uploads\/2023\/10\/00_PORTADA-Redes-Whatsapp.png","contentUrl":"https:\/\/www.stratosgs.com\/wp-content\/uploads\/2023\/10\/00_PORTADA-Redes-Whatsapp.png","width":2000,"height":2000,"caption":"Stratos GS"},"image":{"@id":"https:\/\/www.stratosgs.com\/#\/schema\/logo\/image\/"},"sameAs":["https:\/\/www.facebook.com\/stratosglobalsolutions","https:\/\/x.com\/StratosGS_","https:\/\/www.linkedin.com\/company\/stratosglobalsolutions\/","https:\/\/www.youtube.com\/@stratosglobalsolutions","https:\/\/www.instagram.com\/stratosgs_\/"]}]}},"_links":{"self":[{"href":"https:\/\/www.stratosgs.com\/index.php\/wp-json\/wp\/v2\/pages\/222","targetHints":{"allow":["GET"]}}],"collection":[{"href":"https:\/\/www.stratosgs.com\/index.php\/wp-json\/wp\/v2\/pages"}],"about":[{"href":"https:\/\/www.stratosgs.com\/index.php\/wp-json\/wp\/v2\/types\/page"}],"author":[{"embeddable":true,"href":"https:\/\/www.stratosgs.com\/index.php\/wp-json\/wp\/v2\/users\/1"}],"replies":[{"embeddable":true,"href":"https:\/\/www.stratosgs.com\/index.php\/wp-json\/wp\/v2\/comments?post=222"}],"version-history":[{"count":2,"href":"https:\/\/www.stratosgs.com\/index.php\/wp-json\/wp\/v2\/pages\/222\/revisions"}],"predecessor-version":[{"id":421,"href":"https:\/\/www.stratosgs.com\/index.php\/wp-json\/wp\/v2\/pages\/222\/revisions\/421"}],"wp:attachment":[{"href":"https:\/\/www.stratosgs.com\/index.php\/wp-json\/wp\/v2\/media?parent=222"}],"curies":[{"name":"wp","href":"https:\/\/api.w.org\/{rel}","templated":true}]}}