{"id":225,"date":"2023-09-20T17:00:06","date_gmt":"2023-09-20T15:00:06","guid":{"rendered":"http:\/\/82.223.78.85\/?page_id=225"},"modified":"2025-09-24T11:22:11","modified_gmt":"2025-09-24T11:22:11","slug":"software-a-medida","status":"publish","type":"page","link":"https:\/\/www.stratosgs.com\/index.php\/software-a-medida\/","title":{"rendered":"A MEDIDA"},"content":{"rendered":"\n<p>Desde nuestros inicios, estamos especializados en desarrollo de software a medida ayudando a nuestros clientes a tener la informaci\u00f3n normalizada, infundiendo la cultura de la digitalizaci\u00f3n.<\/p>\n\n\n\n<p>A menudo, las empresas se encuentran con la problem\u00e1tica de disponer de sus datos de manera desestructurada, impidi\u00e9ndoles obtener\u00a0<strong>informaci\u00f3n de valor que les facilite tomar decisiones para una gesti\u00f3n \u00f3ptima<\/strong>.<\/p>\n\n\n\n<p>Desde Stratos, ayudamos a nuestros clientes a tener la informaci\u00f3n normalizada, infundiendo la cultura del \u00abdato\u00bb y de la digitalizaci\u00f3n. Con ello, implementamos&nbsp;<strong>herramientas que favorezcan la toma de decisiones, planificaci\u00f3n, modificaci\u00f3n de escenarios, gesti\u00f3n de activos minimizando riesgos y<\/strong>, lo m\u00e1s importante,&nbsp;<strong>costes en el negocio<\/strong>.<\/p>\n\n\n\n<p>Stratos est\u00e1 formado por un equipo joven y con talento, capaz de comprender las necesidades del cliente, ofreciendo la soluci\u00f3n m\u00e1s \u00f3ptima y eficaz. Siempre preparados para afrontar los enormes desaf\u00edos que los negocios presentan hoy en d\u00eda.<\/p>\n\n\n\n<h4 class=\"wp-block-heading\">Desarrollo de Software a Medida<\/h4>\n\n\n\n<p>Usamos metodolog\u00edas&nbsp;<strong><em>Scrum (Agile)<\/em><\/strong>&nbsp;para fomentar que el producto sea lo m\u00e1s acorde a sus necesidades, y no lo que el equipo de desarrollo intuya. Adem\u00e1s trabajamos con las t\u00e9cnicas m\u00e1s modernas&nbsp;<strong><em>DevOps<\/em><\/strong>&nbsp;para escalar y mantener su plataforma. Ejecutamos&nbsp;<strong>soluciones pioneras<\/strong>&nbsp;apoyadas en:<\/p>\n\n\n\n<ul class=\"wp-block-list\">\n<li>Anal\u00edtica de datos<\/li>\n\n\n\n<li>Location Intelligence<\/li>\n\n\n\n<li>An\u00e1lisis de Redes<\/li>\n\n\n\n<li>Integraci\u00f3n con Terceros<\/li>\n<\/ul>\n\n\n\n<ul class=\"wp-block-list\">\n<li>C\u00e1lculo de Rutas<\/li>\n\n\n\n<li>Machine Learning<\/li>\n\n\n\n<li>APIs REST<\/li>\n\n\n\n<li>Visores Web Avanzados<\/li>\n<\/ul>\n\n\n\n<h4 class=\"wp-block-heading\">NUESTROS PASOS A SEGUIR<\/h4>\n\n\n\n<h6 class=\"wp-block-heading\">An\u00e1lisis Funcional<\/h6>\n\n\n\n<p>Estudiamos cada caso y detectamos las necesidades sobre qu\u00e9 se quiere conseguir, c\u00f3mo va a funcionar y qui\u00e9n va a ver o usar la herramienta.<\/p>\n\n\n\n<h6 class=\"wp-block-heading\">Normalizaci\u00f3n<\/h6>\n\n\n\n<p>Clasificamos y estructuramos los datos facilitados para que con ellos podamos hacer an\u00e1lisis, informes, predicciones, etc.<\/p>\n\n\n\n<h6 class=\"wp-block-heading\">An\u00e1lisis T\u00e9cnico<\/h6>\n\n\n\n<p>Establecemos los pasos a seguir t\u00e9cnicamente hasta que podamos obtener la herramienta deseada.<\/p>\n\n\n\n<h6 class=\"wp-block-heading\">Desarrollo<\/h6>\n\n\n\n<p>Desarrollamos el software acorde a las necesidades del cliente y usando las t\u00e9cnicas mencionadas anteriormente y nuestros principios.<\/p>\n\n\n\n<h6 class=\"wp-block-heading\">Testeo<\/h6>\n\n\n\n<p>Una vez desarrollado, realizamos pruebas para la comprobaci\u00f3n del correcto funcionamiento y las reparaciones o modificaciones necesarias.<\/p>\n\n\n\n<h6 class=\"wp-block-heading\">Soporte y Mantenimiento<\/h6>\n\n\n\n<p>Ofrecemos un soporte y mantenimiento as\u00ed como actualizaciones del software desarrollado para que \u00e9ste pueda crecer y adaptarse a los cambios del negocio.<\/p>\n\n\n\n<h4 class=\"wp-block-heading\">Casos de \u00c9xito<\/h4>\n\n\n\n<p>Ayuda OTDR<br>An\u00e1lisis de Redes<br><a href=\"https:\/\/www.stratosgs.com\/index.php\/agis-telco-gisftth\/\">aGIS TELCO<\/a><br>Digitalizaci\u00f3n e Inventario de Red<br>Autocotizador<br>Soluci\u00f3n Location Intelligence<br>Gestor de SUCs<br>An\u00e1lisis de Datos<br>de Redes de Transporte<br>Espacial<br>Gestor de Cobertura FTTH<br>Servicio API<\/p>\n\n\n\n<figure class=\"wp-block-image size-full\"><img loading=\"lazy\" decoding=\"async\" width=\"1181\" height=\"782\" src=\"https:\/\/www.stratosgs.com\/wp-content\/uploads\/2023\/08\/agis.png\" alt=\"ayuda otdr\" class=\"wp-image-122\" srcset=\"https:\/\/www.stratosgs.com\/wp-content\/uploads\/2023\/08\/agis.png 1181w, https:\/\/www.stratosgs.com\/wp-content\/uploads\/2023\/08\/agis-500x331.png 500w, https:\/\/www.stratosgs.com\/wp-content\/uploads\/2023\/08\/agis-300x199.png 300w, https:\/\/www.stratosgs.com\/wp-content\/uploads\/2023\/08\/agis-768x509.png 768w, https:\/\/www.stratosgs.com\/wp-content\/uploads\/2023\/08\/agis-113x75.png 113w, https:\/\/www.stratosgs.com\/wp-content\/uploads\/2023\/08\/agis-480x318.png 480w\" sizes=\"auto, (max-width:767px) 480px, (max-width:1181px) 100vw, 1181px\" \/><\/figure>\n\n\n\n<figure class=\"wp-block-image size-full\"><img loading=\"lazy\" decoding=\"async\" width=\"1181\" height=\"782\" src=\"https:\/\/www.stratosgs.com\/wp-content\/uploads\/2023\/08\/aqs.png\" alt=\"Software a medida\" class=\"wp-image-125\" srcset=\"https:\/\/www.stratosgs.com\/wp-content\/uploads\/2023\/08\/aqs.png 1181w, https:\/\/www.stratosgs.com\/wp-content\/uploads\/2023\/08\/aqs-500x331.png 500w, https:\/\/www.stratosgs.com\/wp-content\/uploads\/2023\/08\/aqs-300x199.png 300w, https:\/\/www.stratosgs.com\/wp-content\/uploads\/2023\/08\/aqs-768x509.png 768w, https:\/\/www.stratosgs.com\/wp-content\/uploads\/2023\/08\/aqs-113x75.png 113w, https:\/\/www.stratosgs.com\/wp-content\/uploads\/2023\/08\/aqs-480x318.png 480w\" sizes=\"auto, (max-width:767px) 480px, (max-width:1181px) 100vw, 1181px\" \/><\/figure>\n\n\n\n<p>Puedes conocer m\u00e1s en nuestras redes sociales: <\/p>\n\n\n\n<p><a href=\"https:\/\/www.linkedin.com\/company\/stratosglobalsolutions\/\">Linkedin<\/a><\/p>\n\n\n\n<p><a href=\"https:\/\/www.youtube.com\/@stratosglobalsolutions\">Youtube<\/a><\/p>\n\n\n\n<p><a href=\"https:\/\/www.facebook.com\/stratosglobalsolutions\">Facebook<\/a><\/p>\n\n\n\n<p><a href=\"https:\/\/www.instagram.com\/stratosgs_\/\">Instagram<\/a><\/p>\n\n\n\n<p><a href=\"https:\/\/twitter.com\/StratosGS_\">Twitter<\/a><\/p>\n\n\n\n<h4 class=\"wp-block-heading\">NUESTROS PRINCIPIOS EN CADA DESARROLLO<\/h4>\n\n\n\n<p>CERCAN\u00cdA<br>Se nos conoce por nuestra cercan\u00eda con el cliente en la ejecuci\u00f3n de los proyectos. Nos gusta trabajar semana a semana, hito a hito de la mano de nuestros clientes, a fin de conseguir productos y servicios acordes a sus necesidades.<\/p>\n\n\n\n<p>INNOVACI\u00d3N<br>Nos encantan los retos, desarrollar los productos m\u00e1s avanzados e innovadores del mercado y aprovechar ese potencial para conseguir el Know How que nos ayude en proyectos sucesivos. Damos lo mejor de nosotros y aprendemos con ello.<\/p>\n\n\n\n<p>ESCALABILIDAD<br>Trabajamos con la mirada al futuro y la premisa tanto de flexibilidad y escalabilidad como de dato abierto en todas nuestras tareas. Realizamos soluciones \u00fatiles y adaptables al negocio de nuestros clientes, incluso si evoluciona en el tiempo.<\/p>\n\n\n\n<p>\u00daLTIMA TECNOLOG\u00cdA<br>Siempre apostamos por aplicaciones desarrolladas con tecnolog\u00eda y arquitecturas modernas y luchamos por integrar las \u00faltimas versiones de las librer\u00edas de nuestras soluciones.<\/p>\n","protected":false},"excerpt":{"rendered":"<p>Desde nuestros inicios, estamos especializados en desarrollo de software a medida ayudando a nuestros clientes a tener la informaci\u00f3n normalizada, infundiendo la cultura de la digitalizaci\u00f3n.<span class=\"excerpt-hellip\"> [\u2026]<\/span><\/p>\n","protected":false},"author":1,"featured_media":0,"parent":0,"menu_order":0,"comment_status":"open","ping_status":"closed","template":"","meta":{"footnotes":""},"class_list":["post-225","page","type-page","status-publish","hentry"],"yoast_head":"<!-- This site is optimized with the Yoast SEO plugin v26.9 - https:\/\/yoast.com\/product\/yoast-seo-wordpress\/ -->\n<title>Software a Medida &#8226; Stratos GS<\/title>\n<meta name=\"description\" content=\"Desarrollamos software a medida ayudando a nuestros clientes a tener la informaci\u00f3n normalizada, infundiendo la cultura de la digitalizaci\u00f3n.\" \/>\n<meta name=\"robots\" content=\"index, follow, max-snippet:-1, max-image-preview:large, max-video-preview:-1\" \/>\n<link rel=\"canonical\" href=\"https:\/\/www.stratosgs.com\/index.php\/software-a-medida\/\" \/>\n<meta property=\"og:locale\" content=\"es_ES\" \/>\n<meta property=\"og:type\" content=\"article\" \/>\n<meta property=\"og:title\" content=\"Software a Medida &#8226; Stratos GS\" \/>\n<meta property=\"og:description\" content=\"Desarrollamos software a medida ayudando a nuestros clientes a tener la informaci\u00f3n normalizada, infundiendo la cultura de la digitalizaci\u00f3n.\" \/>\n<meta property=\"og:url\" content=\"https:\/\/www.stratosgs.com\/index.php\/software-a-medida\/\" \/>\n<meta property=\"og:site_name\" content=\"Stratos GS\" \/>\n<meta property=\"article:publisher\" content=\"https:\/\/www.facebook.com\/stratosglobalsolutions\" \/>\n<meta property=\"article:modified_time\" content=\"2025-09-24T11:22:11+00:00\" \/>\n<meta property=\"og:image\" content=\"https:\/\/www.stratosgs.com\/wp-content\/uploads\/2023\/08\/agis.png\" \/>\n<meta name=\"twitter:card\" content=\"summary_large_image\" \/>\n<meta name=\"twitter:site\" content=\"@StratosGS_\" \/>\n<meta name=\"twitter:label1\" content=\"Tiempo de lectura\" \/>\n\t<meta name=\"twitter:data1\" content=\"3 minutos\" \/>\n<script type=\"application\/ld+json\" class=\"yoast-schema-graph\">{\"@context\":\"https:\/\/schema.org\",\"@graph\":[{\"@type\":\"WebPage\",\"@id\":\"https:\/\/www.stratosgs.com\/index.php\/software-a-medida\/\",\"url\":\"https:\/\/www.stratosgs.com\/index.php\/software-a-medida\/\",\"name\":\"Software a Medida &#8226; Stratos GS\",\"isPartOf\":{\"@id\":\"https:\/\/www.stratosgs.com\/#website\"},\"primaryImageOfPage\":{\"@id\":\"https:\/\/www.stratosgs.com\/index.php\/software-a-medida\/#primaryimage\"},\"image\":{\"@id\":\"https:\/\/www.stratosgs.com\/index.php\/software-a-medida\/#primaryimage\"},\"thumbnailUrl\":\"https:\/\/www.stratosgs.com\/wp-content\/uploads\/2023\/08\/agis.png\",\"datePublished\":\"2023-09-20T15:00:06+00:00\",\"dateModified\":\"2025-09-24T11:22:11+00:00\",\"description\":\"Desarrollamos software a medida ayudando a nuestros clientes a tener la informaci\u00f3n normalizada, infundiendo la cultura de la digitalizaci\u00f3n.\",\"breadcrumb\":{\"@id\":\"https:\/\/www.stratosgs.com\/index.php\/software-a-medida\/#breadcrumb\"},\"inLanguage\":\"es\",\"potentialAction\":[{\"@type\":\"ReadAction\",\"target\":[\"https:\/\/www.stratosgs.com\/index.php\/software-a-medida\/\"]}]},{\"@type\":\"ImageObject\",\"inLanguage\":\"es\",\"@id\":\"https:\/\/www.stratosgs.com\/index.php\/software-a-medida\/#primaryimage\",\"url\":\"https:\/\/www.stratosgs.com\/wp-content\/uploads\/2023\/08\/agis.png\",\"contentUrl\":\"https:\/\/www.stratosgs.com\/wp-content\/uploads\/2023\/08\/agis.png\",\"width\":1181,\"height\":782,\"caption\":\"ayuda otdr\"},{\"@type\":\"BreadcrumbList\",\"@id\":\"https:\/\/www.stratosgs.com\/index.php\/software-a-medida\/#breadcrumb\",\"itemListElement\":[{\"@type\":\"ListItem\",\"position\":1,\"name\":\"Stratos GS\",\"item\":\"https:\/\/www.stratosgs.com\/\"},{\"@type\":\"ListItem\",\"position\":2,\"name\":\"A MEDIDA\"}]},{\"@type\":\"WebSite\",\"@id\":\"https:\/\/www.stratosgs.com\/#website\",\"url\":\"https:\/\/www.stratosgs.com\/\",\"name\":\"Stratos GS\",\"description\":\"Soluciones GIS, IA y Location Intelligence\",\"publisher\":{\"@id\":\"https:\/\/www.stratosgs.com\/#organization\"},\"alternateName\":\"Stratos\",\"potentialAction\":[{\"@type\":\"SearchAction\",\"target\":{\"@type\":\"EntryPoint\",\"urlTemplate\":\"https:\/\/www.stratosgs.com\/?s={search_term_string}\"},\"query-input\":{\"@type\":\"PropertyValueSpecification\",\"valueRequired\":true,\"valueName\":\"search_term_string\"}}],\"inLanguage\":\"es\"},{\"@type\":\"Organization\",\"@id\":\"https:\/\/www.stratosgs.com\/#organization\",\"name\":\"Stratos GS\",\"alternateName\":\"Stratos Global Solutions\",\"url\":\"https:\/\/www.stratosgs.com\/\",\"logo\":{\"@type\":\"ImageObject\",\"inLanguage\":\"es\",\"@id\":\"https:\/\/www.stratosgs.com\/#\/schema\/logo\/image\/\",\"url\":\"https:\/\/www.stratosgs.com\/wp-content\/uploads\/2023\/10\/00_PORTADA-Redes-Whatsapp.png\",\"contentUrl\":\"https:\/\/www.stratosgs.com\/wp-content\/uploads\/2023\/10\/00_PORTADA-Redes-Whatsapp.png\",\"width\":2000,\"height\":2000,\"caption\":\"Stratos GS\"},\"image\":{\"@id\":\"https:\/\/www.stratosgs.com\/#\/schema\/logo\/image\/\"},\"sameAs\":[\"https:\/\/www.facebook.com\/stratosglobalsolutions\",\"https:\/\/x.com\/StratosGS_\",\"https:\/\/www.linkedin.com\/company\/stratosglobalsolutions\/\",\"https:\/\/www.youtube.com\/@stratosglobalsolutions\",\"https:\/\/www.instagram.com\/stratosgs_\/\"]}]}<\/script>\n<!-- \/ Yoast SEO plugin. -->","yoast_head_json":{"title":"Software a Medida &#8226; Stratos GS","description":"Desarrollamos software a medida ayudando a nuestros clientes a tener la informaci\u00f3n normalizada, infundiendo la cultura de la digitalizaci\u00f3n.","robots":{"index":"index","follow":"follow","max-snippet":"max-snippet:-1","max-image-preview":"max-image-preview:large","max-video-preview":"max-video-preview:-1"},"canonical":"https:\/\/www.stratosgs.com\/index.php\/software-a-medida\/","og_locale":"es_ES","og_type":"article","og_title":"Software a Medida &#8226; Stratos GS","og_description":"Desarrollamos software a medida ayudando a nuestros clientes a tener la informaci\u00f3n normalizada, infundiendo la cultura de la digitalizaci\u00f3n.","og_url":"https:\/\/www.stratosgs.com\/index.php\/software-a-medida\/","og_site_name":"Stratos GS","article_publisher":"https:\/\/www.facebook.com\/stratosglobalsolutions","article_modified_time":"2025-09-24T11:22:11+00:00","og_image":[{"url":"https:\/\/www.stratosgs.com\/wp-content\/uploads\/2023\/08\/agis.png","type":"","width":"","height":""}],"twitter_card":"summary_large_image","twitter_site":"@StratosGS_","twitter_misc":{"Tiempo de lectura":"3 minutos"},"schema":{"@context":"https:\/\/schema.org","@graph":[{"@type":"WebPage","@id":"https:\/\/www.stratosgs.com\/index.php\/software-a-medida\/","url":"https:\/\/www.stratosgs.com\/index.php\/software-a-medida\/","name":"Software a Medida &#8226; Stratos GS","isPartOf":{"@id":"https:\/\/www.stratosgs.com\/#website"},"primaryImageOfPage":{"@id":"https:\/\/www.stratosgs.com\/index.php\/software-a-medida\/#primaryimage"},"image":{"@id":"https:\/\/www.stratosgs.com\/index.php\/software-a-medida\/#primaryimage"},"thumbnailUrl":"https:\/\/www.stratosgs.com\/wp-content\/uploads\/2023\/08\/agis.png","datePublished":"2023-09-20T15:00:06+00:00","dateModified":"2025-09-24T11:22:11+00:00","description":"Desarrollamos software a medida ayudando a nuestros clientes a tener la informaci\u00f3n normalizada, infundiendo la cultura de la digitalizaci\u00f3n.","breadcrumb":{"@id":"https:\/\/www.stratosgs.com\/index.php\/software-a-medida\/#breadcrumb"},"inLanguage":"es","potentialAction":[{"@type":"ReadAction","target":["https:\/\/www.stratosgs.com\/index.php\/software-a-medida\/"]}]},{"@type":"ImageObject","inLanguage":"es","@id":"https:\/\/www.stratosgs.com\/index.php\/software-a-medida\/#primaryimage","url":"https:\/\/www.stratosgs.com\/wp-content\/uploads\/2023\/08\/agis.png","contentUrl":"https:\/\/www.stratosgs.com\/wp-content\/uploads\/2023\/08\/agis.png","width":1181,"height":782,"caption":"ayuda otdr"},{"@type":"BreadcrumbList","@id":"https:\/\/www.stratosgs.com\/index.php\/software-a-medida\/#breadcrumb","itemListElement":[{"@type":"ListItem","position":1,"name":"Stratos GS","item":"https:\/\/www.stratosgs.com\/"},{"@type":"ListItem","position":2,"name":"A MEDIDA"}]},{"@type":"WebSite","@id":"https:\/\/www.stratosgs.com\/#website","url":"https:\/\/www.stratosgs.com\/","name":"Stratos GS","description":"Soluciones GIS, IA y Location Intelligence","publisher":{"@id":"https:\/\/www.stratosgs.com\/#organization"},"alternateName":"Stratos","potentialAction":[{"@type":"SearchAction","target":{"@type":"EntryPoint","urlTemplate":"https:\/\/www.stratosgs.com\/?s={search_term_string}"},"query-input":{"@type":"PropertyValueSpecification","valueRequired":true,"valueName":"search_term_string"}}],"inLanguage":"es"},{"@type":"Organization","@id":"https:\/\/www.stratosgs.com\/#organization","name":"Stratos GS","alternateName":"Stratos Global Solutions","url":"https:\/\/www.stratosgs.com\/","logo":{"@type":"ImageObject","inLanguage":"es","@id":"https:\/\/www.stratosgs.com\/#\/schema\/logo\/image\/","url":"https:\/\/www.stratosgs.com\/wp-content\/uploads\/2023\/10\/00_PORTADA-Redes-Whatsapp.png","contentUrl":"https:\/\/www.stratosgs.com\/wp-content\/uploads\/2023\/10\/00_PORTADA-Redes-Whatsapp.png","width":2000,"height":2000,"caption":"Stratos GS"},"image":{"@id":"https:\/\/www.stratosgs.com\/#\/schema\/logo\/image\/"},"sameAs":["https:\/\/www.facebook.com\/stratosglobalsolutions","https:\/\/x.com\/StratosGS_","https:\/\/www.linkedin.com\/company\/stratosglobalsolutions\/","https:\/\/www.youtube.com\/@stratosglobalsolutions","https:\/\/www.instagram.com\/stratosgs_\/"]}]}},"_links":{"self":[{"href":"https:\/\/www.stratosgs.com\/index.php\/wp-json\/wp\/v2\/pages\/225","targetHints":{"allow":["GET"]}}],"collection":[{"href":"https:\/\/www.stratosgs.com\/index.php\/wp-json\/wp\/v2\/pages"}],"about":[{"href":"https:\/\/www.stratosgs.com\/index.php\/wp-json\/wp\/v2\/types\/page"}],"author":[{"embeddable":true,"href":"https:\/\/www.stratosgs.com\/index.php\/wp-json\/wp\/v2\/users\/1"}],"replies":[{"embeddable":true,"href":"https:\/\/www.stratosgs.com\/index.php\/wp-json\/wp\/v2\/comments?post=225"}],"version-history":[{"count":3,"href":"https:\/\/www.stratosgs.com\/index.php\/wp-json\/wp\/v2\/pages\/225\/revisions"}],"predecessor-version":[{"id":403,"href":"https:\/\/www.stratosgs.com\/index.php\/wp-json\/wp\/v2\/pages\/225\/revisions\/403"}],"wp:attachment":[{"href":"https:\/\/www.stratosgs.com\/index.php\/wp-json\/wp\/v2\/media?parent=225"}],"curies":[{"name":"wp","href":"https:\/\/api.w.org\/{rel}","templated":true}]}}