{"id":637,"date":"2025-09-19T13:21:07","date_gmt":"2025-09-19T11:21:07","guid":{"rendered":"https:\/\/www.stratosgs.com\/?page_id=637"},"modified":"2025-10-20T14:01:07","modified_gmt":"2025-10-20T12:01:07","slug":"agis-sphere-software-gis-smartcity","status":"publish","type":"page","link":"https:\/\/www.stratosgs.com\/index.php\/agis-sphere-software-gis-smartcity\/","title":{"rendered":"aGIS SPHERE"},"content":{"rendered":"\n<p>La plataforma geoespacial que convierte la ciudad en un <strong>Gemelo Urbano vivo.<\/strong><\/p>\n\n\n\n<p>Se trata de la soluci\u00f3n ideal para peque\u00f1os y medianos municipios en proceso de transformaci\u00f3n digital as\u00ed como para sus Administraciones P\u00fablicas y empresas&nbsp;gestoras de servicios urbanos.<\/p>\n\n\n\n<p>El SaaS intuitivo con el que cualquier persona sin tener un perfil t\u00e9cnico puede comenzar con la digitalizaci\u00f3n y gesti\u00f3n del municipio, obteniendo informaci\u00f3n de valor de forma automatizada y eficiente.<\/p>\n\n\n\n<p>aGIS SPHERE es un software GIS destinado a la digitalizaci\u00f3n y gesti\u00f3n de Activos Urbanos integrado con Inteligencia Artificial y sensorizaci\u00f3n IoT.<\/p>\n\n\n\n<h1 class=\"wp-block-heading\">\u00bfQu\u00e9 te ofrece<\/h1>\n\n\n\n<h2 class=\"wp-block-heading\">aGIS SPHERE?<\/h2>\n\n\n\n<ul class=\"wp-block-list\">\n<li>Promoci\u00f3n del turismo sostenible y Comunicaci\u00f3n con la ciudadan\u00eda<\/li>\n\n\n\n<li>Inventario de mobiliario urbano<\/li>\n\n\n\n<li>Gesti\u00f3n de rutas y transporte<\/li>\n\n\n\n<li>Soporte a cuerpos de seguridad<\/li>\n\n\n\n<li>Cuidado inteligente de \u00e1reas verdes<\/li>\n\n\n\n<li>Gesti\u00f3n eficiente de incidencias<\/li>\n<\/ul>\n\n\n\n<figure class=\"wp-block-image size-large\"><img loading=\"lazy\" decoding=\"async\" width=\"1200\" height=\"768\" src=\"https:\/\/www.stratosgs.com\/wp-content\/uploads\/2025\/09\/INCIDENCIAS-1200x768.png\" alt=\"\" class=\"wp-image-646\" srcset=\"https:\/\/www.stratosgs.com\/wp-content\/uploads\/2025\/09\/INCIDENCIAS-1200x768.png 1200w, https:\/\/www.stratosgs.com\/wp-content\/uploads\/2025\/09\/INCIDENCIAS-500x320.png 500w, https:\/\/www.stratosgs.com\/wp-content\/uploads\/2025\/09\/INCIDENCIAS-300x192.png 300w, https:\/\/www.stratosgs.com\/wp-content\/uploads\/2025\/09\/INCIDENCIAS-768x491.png 768w, https:\/\/www.stratosgs.com\/wp-content\/uploads\/2025\/09\/INCIDENCIAS-117x75.png 117w, https:\/\/www.stratosgs.com\/wp-content\/uploads\/2025\/09\/INCIDENCIAS-480x307.png 480w, https:\/\/www.stratosgs.com\/wp-content\/uploads\/2025\/09\/INCIDENCIAS.png 1344w\" sizes=\"auto, (max-width:767px) 480px, (max-width:1200px) 100vw, 1200px\" \/><\/figure>\n\n\n\n<figure class=\"wp-block-image size-large\"><img loading=\"lazy\" decoding=\"async\" width=\"1200\" height=\"768\" src=\"https:\/\/www.stratosgs.com\/wp-content\/uploads\/2025\/09\/INVENTARIO-1200x768.png\" alt=\"\" class=\"wp-image-647\" srcset=\"https:\/\/www.stratosgs.com\/wp-content\/uploads\/2025\/09\/INVENTARIO-1200x768.png 1200w, https:\/\/www.stratosgs.com\/wp-content\/uploads\/2025\/09\/INVENTARIO-500x320.png 500w, https:\/\/www.stratosgs.com\/wp-content\/uploads\/2025\/09\/INVENTARIO-300x192.png 300w, https:\/\/www.stratosgs.com\/wp-content\/uploads\/2025\/09\/INVENTARIO-768x491.png 768w, https:\/\/www.stratosgs.com\/wp-content\/uploads\/2025\/09\/INVENTARIO-117x75.png 117w, https:\/\/www.stratosgs.com\/wp-content\/uploads\/2025\/09\/INVENTARIO-480x307.png 480w, https:\/\/www.stratosgs.com\/wp-content\/uploads\/2025\/09\/INVENTARIO.png 1344w\" sizes=\"auto, (max-width:767px) 480px, (max-width:1200px) 100vw, 1200px\" \/><\/figure>\n\n\n\n<figure class=\"wp-block-image size-large\"><img loading=\"lazy\" decoding=\"async\" width=\"1200\" height=\"768\" src=\"https:\/\/www.stratosgs.com\/wp-content\/uploads\/2025\/09\/PROMOCION-DEL-TURISMO-SOSTENIBLE-Y-COMUNICACION-CON-LA-CIUDADABNIA-1200x768.png\" alt=\"\" class=\"wp-image-648\" srcset=\"https:\/\/www.stratosgs.com\/wp-content\/uploads\/2025\/09\/PROMOCION-DEL-TURISMO-SOSTENIBLE-Y-COMUNICACION-CON-LA-CIUDADABNIA-1200x768.png 1200w, https:\/\/www.stratosgs.com\/wp-content\/uploads\/2025\/09\/PROMOCION-DEL-TURISMO-SOSTENIBLE-Y-COMUNICACION-CON-LA-CIUDADABNIA-500x320.png 500w, https:\/\/www.stratosgs.com\/wp-content\/uploads\/2025\/09\/PROMOCION-DEL-TURISMO-SOSTENIBLE-Y-COMUNICACION-CON-LA-CIUDADABNIA-300x192.png 300w, https:\/\/www.stratosgs.com\/wp-content\/uploads\/2025\/09\/PROMOCION-DEL-TURISMO-SOSTENIBLE-Y-COMUNICACION-CON-LA-CIUDADABNIA-768x491.png 768w, https:\/\/www.stratosgs.com\/wp-content\/uploads\/2025\/09\/PROMOCION-DEL-TURISMO-SOSTENIBLE-Y-COMUNICACION-CON-LA-CIUDADABNIA-117x75.png 117w, https:\/\/www.stratosgs.com\/wp-content\/uploads\/2025\/09\/PROMOCION-DEL-TURISMO-SOSTENIBLE-Y-COMUNICACION-CON-LA-CIUDADABNIA-480x307.png 480w, https:\/\/www.stratosgs.com\/wp-content\/uploads\/2025\/09\/PROMOCION-DEL-TURISMO-SOSTENIBLE-Y-COMUNICACION-CON-LA-CIUDADABNIA.png 1344w\" sizes=\"auto, (max-width:767px) 480px, (max-width:1200px) 100vw, 1200px\" \/><\/figure>\n\n\n\n<figure class=\"wp-block-image size-large\"><img loading=\"lazy\" decoding=\"async\" width=\"1200\" height=\"768\" src=\"https:\/\/www.stratosgs.com\/wp-content\/uploads\/2025\/09\/SOPORTE-A-CUERPOS-DE-SEGURIDAD-1200x768.png\" alt=\"\" class=\"wp-image-649\" srcset=\"https:\/\/www.stratosgs.com\/wp-content\/uploads\/2025\/09\/SOPORTE-A-CUERPOS-DE-SEGURIDAD-1200x768.png 1200w, https:\/\/www.stratosgs.com\/wp-content\/uploads\/2025\/09\/SOPORTE-A-CUERPOS-DE-SEGURIDAD-500x320.png 500w, https:\/\/www.stratosgs.com\/wp-content\/uploads\/2025\/09\/SOPORTE-A-CUERPOS-DE-SEGURIDAD-300x192.png 300w, https:\/\/www.stratosgs.com\/wp-content\/uploads\/2025\/09\/SOPORTE-A-CUERPOS-DE-SEGURIDAD-768x491.png 768w, https:\/\/www.stratosgs.com\/wp-content\/uploads\/2025\/09\/SOPORTE-A-CUERPOS-DE-SEGURIDAD-117x75.png 117w, https:\/\/www.stratosgs.com\/wp-content\/uploads\/2025\/09\/SOPORTE-A-CUERPOS-DE-SEGURIDAD-480x307.png 480w, https:\/\/www.stratosgs.com\/wp-content\/uploads\/2025\/09\/SOPORTE-A-CUERPOS-DE-SEGURIDAD.png 1344w\" sizes=\"auto, (max-width:767px) 480px, (max-width:1200px) 100vw, 1200px\" \/><\/figure>\n\n\n\n<figure class=\"wp-block-image size-large\"><img loading=\"lazy\" decoding=\"async\" width=\"1200\" height=\"768\" src=\"https:\/\/www.stratosgs.com\/wp-content\/uploads\/2025\/09\/CUIDADO_AREAS_VERDES-1200x768.png\" alt=\"\" class=\"wp-image-650\" srcset=\"https:\/\/www.stratosgs.com\/wp-content\/uploads\/2025\/09\/CUIDADO_AREAS_VERDES-1200x768.png 1200w, https:\/\/www.stratosgs.com\/wp-content\/uploads\/2025\/09\/CUIDADO_AREAS_VERDES-500x320.png 500w, https:\/\/www.stratosgs.com\/wp-content\/uploads\/2025\/09\/CUIDADO_AREAS_VERDES-300x192.png 300w, https:\/\/www.stratosgs.com\/wp-content\/uploads\/2025\/09\/CUIDADO_AREAS_VERDES-768x491.png 768w, https:\/\/www.stratosgs.com\/wp-content\/uploads\/2025\/09\/CUIDADO_AREAS_VERDES-117x75.png 117w, https:\/\/www.stratosgs.com\/wp-content\/uploads\/2025\/09\/CUIDADO_AREAS_VERDES-480x307.png 480w, https:\/\/www.stratosgs.com\/wp-content\/uploads\/2025\/09\/CUIDADO_AREAS_VERDES.png 1344w\" sizes=\"auto, (max-width:767px) 480px, (max-width:1200px) 100vw, 1200px\" \/><\/figure>\n\n\n\n<figure class=\"wp-block-image size-large\"><img loading=\"lazy\" decoding=\"async\" width=\"1200\" height=\"768\" src=\"https:\/\/www.stratosgs.com\/wp-content\/uploads\/2025\/09\/GESTION_RUTAS_TRANSPORTE-1200x768.png\" alt=\"\" class=\"wp-image-651\" srcset=\"https:\/\/www.stratosgs.com\/wp-content\/uploads\/2025\/09\/GESTION_RUTAS_TRANSPORTE-1200x768.png 1200w, https:\/\/www.stratosgs.com\/wp-content\/uploads\/2025\/09\/GESTION_RUTAS_TRANSPORTE-500x320.png 500w, https:\/\/www.stratosgs.com\/wp-content\/uploads\/2025\/09\/GESTION_RUTAS_TRANSPORTE-300x192.png 300w, https:\/\/www.stratosgs.com\/wp-content\/uploads\/2025\/09\/GESTION_RUTAS_TRANSPORTE-768x491.png 768w, https:\/\/www.stratosgs.com\/wp-content\/uploads\/2025\/09\/GESTION_RUTAS_TRANSPORTE-117x75.png 117w, https:\/\/www.stratosgs.com\/wp-content\/uploads\/2025\/09\/GESTION_RUTAS_TRANSPORTE-480x307.png 480w, https:\/\/www.stratosgs.com\/wp-content\/uploads\/2025\/09\/GESTION_RUTAS_TRANSPORTE.png 1344w\" sizes=\"auto, (max-width:767px) 480px, (max-width:1200px) 100vw, 1200px\" \/><\/figure>\n\n\n\n<h2 class=\"wp-block-heading\">Inteligencia Artificial e IoT<\/h2>\n\n\n\n<p>Para municipios que apuestan por convertirse en Ciudades Inteligentes<\/p>\n\n\n\n<figure class=\"wp-block-image\"><img decoding=\"async\" src=\"https:\/\/www.stratosgs.com\/wp-content\/uploads\/2025\/09\/CHATBOT.png\" alt=\"\"\/><\/figure>\n\n\n\n<h3 class=\"wp-block-heading\">CHATBOT<\/h3>\n\n\n\n<p>Un asistente que resolver\u00e1 tus dudas sobre el uso de la plataforma y el dise\u00f1o del municipio en aGIS<\/p>\n\n\n\n<figure class=\"wp-block-image\"><img decoding=\"async\" src=\"https:\/\/www.stratosgs.com\/wp-content\/uploads\/2025\/09\/CONSULTOR-IA.png\" alt=\"\"\/><\/figure>\n\n\n\n<h3 class=\"wp-block-heading\">IA GENERATIVA<\/h3>\n\n\n\n<p>Un consultor experto que te ayudar\u00e1 a realizar consultas sobre el municipio ya digitalizado, auditor\u00edas y An\u00e1lisis Espaciales<\/p>\n\n\n\n<figure class=\"wp-block-image\"><img decoding=\"async\" src=\"https:\/\/www.stratosgs.com\/wp-content\/uploads\/2025\/09\/image-2-e1758544577734.png\" alt=\"\"\/><\/figure>\n\n\n\n<h3 class=\"wp-block-heading\">SENSORIZACI\u00d3N IoT<\/h3>\n\n\n\n<p>Gracias a la integraci\u00f3n de IoT por LoraWAN, puedes controlar la calidad del aire, el alumbrado y mucho m\u00e1s<\/p>\n\n\n\n<p><a href=\"https:\/\/agis-sphere.stratosgs.com\/es\/register\/\" target=\"_blank\" rel=\"noreferrer noopener\">REG\u00cdSTRATE GRATIS<\/a><\/p>\n\n\n\n<p><a href=\"https:\/\/www.youtube.com\/embed\/y10rZ9UTYSc?wmode=opaque\">https:\/\/www.youtube.com\/embed\/y10rZ9UTYSc?wmode=opaque<\/a><\/p>\n\n\n\n<h2 class=\"wp-block-heading\">\u00bfHablamos?<\/h2>\n\n\n\n<p>aGIS SPHERE es la soluci\u00f3n id\u00f3nea para Administraciones P\u00fablicas y empresas gestoras de activos urbanos.<\/p>\n\n\n\n<p>\u00a1Cont\u00e1ctanos y agendemos una demo!<\/p>\n","protected":false},"excerpt":{"rendered":"<p>La plataforma geoespacial que convierte la ciudad en un Gemelo Urbano vivo. Se trata de la soluci\u00f3n ideal para peque\u00f1os y medianos municipios en proceso de<span class=\"excerpt-hellip\"> [\u2026]<\/span><\/p>\n","protected":false},"author":1,"featured_media":0,"parent":0,"menu_order":0,"comment_status":"closed","ping_status":"closed","template":"","meta":{"footnotes":""},"class_list":["post-637","page","type-page","status-publish","hentry"],"yoast_head":"<!-- This site is optimized with the Yoast SEO plugin v26.9 - https:\/\/yoast.com\/product\/yoast-seo-wordpress\/ -->\n<title>aGIS SPHERE &#8226; Stratos GS<\/title>\n<meta name=\"description\" content=\"aGIS SPHERE &#8226; Stratos GS\" \/>\n<meta name=\"robots\" content=\"index, follow, max-snippet:-1, max-image-preview:large, max-video-preview:-1\" \/>\n<link rel=\"canonical\" href=\"https:\/\/www.stratosgs.com\/index.php\/agis-sphere-software-gis-smartcity\/\" \/>\n<meta property=\"og:locale\" content=\"es_ES\" \/>\n<meta property=\"og:type\" content=\"article\" \/>\n<meta property=\"og:title\" content=\"aGIS SPHERE &#8226; Stratos GS\" \/>\n<meta property=\"og:description\" content=\"aGIS SPHERE &#8226; Stratos GS\" \/>\n<meta property=\"og:url\" content=\"https:\/\/www.stratosgs.com\/index.php\/agis-sphere-software-gis-smartcity\/\" \/>\n<meta property=\"og:site_name\" content=\"Stratos GS\" \/>\n<meta property=\"article:publisher\" content=\"https:\/\/www.facebook.com\/stratosglobalsolutions\" \/>\n<meta property=\"article:modified_time\" content=\"2025-10-20T12:01:07+00:00\" \/>\n<meta property=\"og:image\" content=\"https:\/\/www.stratosgs.com\/wp-content\/uploads\/2025\/09\/INCIDENCIAS.png\" \/>\n\t<meta property=\"og:image:width\" content=\"1344\" \/>\n\t<meta property=\"og:image:height\" content=\"860\" \/>\n\t<meta property=\"og:image:type\" content=\"image\/png\" \/>\n<meta name=\"twitter:card\" content=\"summary_large_image\" \/>\n<meta name=\"twitter:site\" content=\"@StratosGS_\" \/>\n<meta name=\"twitter:label1\" content=\"Tiempo de lectura\" \/>\n\t<meta name=\"twitter:data1\" content=\"3 minutos\" \/>\n<script type=\"application\/ld+json\" class=\"yoast-schema-graph\">{\"@context\":\"https:\/\/schema.org\",\"@graph\":[{\"@type\":\"WebPage\",\"@id\":\"https:\/\/www.stratosgs.com\/index.php\/agis-sphere-software-gis-smartcity\/\",\"url\":\"https:\/\/www.stratosgs.com\/index.php\/agis-sphere-software-gis-smartcity\/\",\"name\":\"aGIS SPHERE &#8226; Stratos GS\",\"isPartOf\":{\"@id\":\"https:\/\/www.stratosgs.com\/#website\"},\"primaryImageOfPage\":{\"@id\":\"https:\/\/www.stratosgs.com\/index.php\/agis-sphere-software-gis-smartcity\/#primaryimage\"},\"image\":{\"@id\":\"https:\/\/www.stratosgs.com\/index.php\/agis-sphere-software-gis-smartcity\/#primaryimage\"},\"thumbnailUrl\":\"https:\/\/www.stratosgs.com\/wp-content\/uploads\/2025\/09\/INCIDENCIAS-1200x768.png\",\"datePublished\":\"2025-09-19T11:21:07+00:00\",\"dateModified\":\"2025-10-20T12:01:07+00:00\",\"description\":\"aGIS SPHERE &#8226; Stratos GS\",\"breadcrumb\":{\"@id\":\"https:\/\/www.stratosgs.com\/index.php\/agis-sphere-software-gis-smartcity\/#breadcrumb\"},\"inLanguage\":\"es\",\"potentialAction\":[{\"@type\":\"ReadAction\",\"target\":[\"https:\/\/www.stratosgs.com\/index.php\/agis-sphere-software-gis-smartcity\/\"]}]},{\"@type\":\"ImageObject\",\"inLanguage\":\"es\",\"@id\":\"https:\/\/www.stratosgs.com\/index.php\/agis-sphere-software-gis-smartcity\/#primaryimage\",\"url\":\"https:\/\/www.stratosgs.com\/wp-content\/uploads\/2025\/09\/INCIDENCIAS.png\",\"contentUrl\":\"https:\/\/www.stratosgs.com\/wp-content\/uploads\/2025\/09\/INCIDENCIAS.png\",\"width\":1344,\"height\":860},{\"@type\":\"BreadcrumbList\",\"@id\":\"https:\/\/www.stratosgs.com\/index.php\/agis-sphere-software-gis-smartcity\/#breadcrumb\",\"itemListElement\":[{\"@type\":\"ListItem\",\"position\":1,\"name\":\"Stratos GS\",\"item\":\"https:\/\/www.stratosgs.com\/\"},{\"@type\":\"ListItem\",\"position\":2,\"name\":\"aGIS SPHERE\"}]},{\"@type\":\"WebSite\",\"@id\":\"https:\/\/www.stratosgs.com\/#website\",\"url\":\"https:\/\/www.stratosgs.com\/\",\"name\":\"Stratos GS\",\"description\":\"Soluciones GIS, IA y Location Intelligence\",\"publisher\":{\"@id\":\"https:\/\/www.stratosgs.com\/#organization\"},\"alternateName\":\"Stratos\",\"potentialAction\":[{\"@type\":\"SearchAction\",\"target\":{\"@type\":\"EntryPoint\",\"urlTemplate\":\"https:\/\/www.stratosgs.com\/?s={search_term_string}\"},\"query-input\":{\"@type\":\"PropertyValueSpecification\",\"valueRequired\":true,\"valueName\":\"search_term_string\"}}],\"inLanguage\":\"es\"},{\"@type\":\"Organization\",\"@id\":\"https:\/\/www.stratosgs.com\/#organization\",\"name\":\"Stratos GS\",\"alternateName\":\"Stratos Global Solutions\",\"url\":\"https:\/\/www.stratosgs.com\/\",\"logo\":{\"@type\":\"ImageObject\",\"inLanguage\":\"es\",\"@id\":\"https:\/\/www.stratosgs.com\/#\/schema\/logo\/image\/\",\"url\":\"https:\/\/www.stratosgs.com\/wp-content\/uploads\/2023\/10\/00_PORTADA-Redes-Whatsapp.png\",\"contentUrl\":\"https:\/\/www.stratosgs.com\/wp-content\/uploads\/2023\/10\/00_PORTADA-Redes-Whatsapp.png\",\"width\":2000,\"height\":2000,\"caption\":\"Stratos GS\"},\"image\":{\"@id\":\"https:\/\/www.stratosgs.com\/#\/schema\/logo\/image\/\"},\"sameAs\":[\"https:\/\/www.facebook.com\/stratosglobalsolutions\",\"https:\/\/x.com\/StratosGS_\",\"https:\/\/www.linkedin.com\/company\/stratosglobalsolutions\/\",\"https:\/\/www.youtube.com\/@stratosglobalsolutions\",\"https:\/\/www.instagram.com\/stratosgs_\/\"]}]}<\/script>\n<!-- \/ Yoast SEO plugin. -->","yoast_head_json":{"title":"aGIS SPHERE &#8226; Stratos GS","description":"aGIS SPHERE &#8226; Stratos GS","robots":{"index":"index","follow":"follow","max-snippet":"max-snippet:-1","max-image-preview":"max-image-preview:large","max-video-preview":"max-video-preview:-1"},"canonical":"https:\/\/www.stratosgs.com\/index.php\/agis-sphere-software-gis-smartcity\/","og_locale":"es_ES","og_type":"article","og_title":"aGIS SPHERE &#8226; Stratos GS","og_description":"aGIS SPHERE &#8226; Stratos GS","og_url":"https:\/\/www.stratosgs.com\/index.php\/agis-sphere-software-gis-smartcity\/","og_site_name":"Stratos GS","article_publisher":"https:\/\/www.facebook.com\/stratosglobalsolutions","article_modified_time":"2025-10-20T12:01:07+00:00","og_image":[{"width":1344,"height":860,"url":"https:\/\/www.stratosgs.com\/wp-content\/uploads\/2025\/09\/INCIDENCIAS.png","type":"image\/png"}],"twitter_card":"summary_large_image","twitter_site":"@StratosGS_","twitter_misc":{"Tiempo de lectura":"3 minutos"},"schema":{"@context":"https:\/\/schema.org","@graph":[{"@type":"WebPage","@id":"https:\/\/www.stratosgs.com\/index.php\/agis-sphere-software-gis-smartcity\/","url":"https:\/\/www.stratosgs.com\/index.php\/agis-sphere-software-gis-smartcity\/","name":"aGIS SPHERE &#8226; Stratos GS","isPartOf":{"@id":"https:\/\/www.stratosgs.com\/#website"},"primaryImageOfPage":{"@id":"https:\/\/www.stratosgs.com\/index.php\/agis-sphere-software-gis-smartcity\/#primaryimage"},"image":{"@id":"https:\/\/www.stratosgs.com\/index.php\/agis-sphere-software-gis-smartcity\/#primaryimage"},"thumbnailUrl":"https:\/\/www.stratosgs.com\/wp-content\/uploads\/2025\/09\/INCIDENCIAS-1200x768.png","datePublished":"2025-09-19T11:21:07+00:00","dateModified":"2025-10-20T12:01:07+00:00","description":"aGIS SPHERE &#8226; Stratos GS","breadcrumb":{"@id":"https:\/\/www.stratosgs.com\/index.php\/agis-sphere-software-gis-smartcity\/#breadcrumb"},"inLanguage":"es","potentialAction":[{"@type":"ReadAction","target":["https:\/\/www.stratosgs.com\/index.php\/agis-sphere-software-gis-smartcity\/"]}]},{"@type":"ImageObject","inLanguage":"es","@id":"https:\/\/www.stratosgs.com\/index.php\/agis-sphere-software-gis-smartcity\/#primaryimage","url":"https:\/\/www.stratosgs.com\/wp-content\/uploads\/2025\/09\/INCIDENCIAS.png","contentUrl":"https:\/\/www.stratosgs.com\/wp-content\/uploads\/2025\/09\/INCIDENCIAS.png","width":1344,"height":860},{"@type":"BreadcrumbList","@id":"https:\/\/www.stratosgs.com\/index.php\/agis-sphere-software-gis-smartcity\/#breadcrumb","itemListElement":[{"@type":"ListItem","position":1,"name":"Stratos GS","item":"https:\/\/www.stratosgs.com\/"},{"@type":"ListItem","position":2,"name":"aGIS SPHERE"}]},{"@type":"WebSite","@id":"https:\/\/www.stratosgs.com\/#website","url":"https:\/\/www.stratosgs.com\/","name":"Stratos GS","description":"Soluciones GIS, IA y Location Intelligence","publisher":{"@id":"https:\/\/www.stratosgs.com\/#organization"},"alternateName":"Stratos","potentialAction":[{"@type":"SearchAction","target":{"@type":"EntryPoint","urlTemplate":"https:\/\/www.stratosgs.com\/?s={search_term_string}"},"query-input":{"@type":"PropertyValueSpecification","valueRequired":true,"valueName":"search_term_string"}}],"inLanguage":"es"},{"@type":"Organization","@id":"https:\/\/www.stratosgs.com\/#organization","name":"Stratos GS","alternateName":"Stratos Global Solutions","url":"https:\/\/www.stratosgs.com\/","logo":{"@type":"ImageObject","inLanguage":"es","@id":"https:\/\/www.stratosgs.com\/#\/schema\/logo\/image\/","url":"https:\/\/www.stratosgs.com\/wp-content\/uploads\/2023\/10\/00_PORTADA-Redes-Whatsapp.png","contentUrl":"https:\/\/www.stratosgs.com\/wp-content\/uploads\/2023\/10\/00_PORTADA-Redes-Whatsapp.png","width":2000,"height":2000,"caption":"Stratos GS"},"image":{"@id":"https:\/\/www.stratosgs.com\/#\/schema\/logo\/image\/"},"sameAs":["https:\/\/www.facebook.com\/stratosglobalsolutions","https:\/\/x.com\/StratosGS_","https:\/\/www.linkedin.com\/company\/stratosglobalsolutions\/","https:\/\/www.youtube.com\/@stratosglobalsolutions","https:\/\/www.instagram.com\/stratosgs_\/"]}]}},"_links":{"self":[{"href":"https:\/\/www.stratosgs.com\/index.php\/wp-json\/wp\/v2\/pages\/637","targetHints":{"allow":["GET"]}}],"collection":[{"href":"https:\/\/www.stratosgs.com\/index.php\/wp-json\/wp\/v2\/pages"}],"about":[{"href":"https:\/\/www.stratosgs.com\/index.php\/wp-json\/wp\/v2\/types\/page"}],"author":[{"embeddable":true,"href":"https:\/\/www.stratosgs.com\/index.php\/wp-json\/wp\/v2\/users\/1"}],"replies":[{"embeddable":true,"href":"https:\/\/www.stratosgs.com\/index.php\/wp-json\/wp\/v2\/comments?post=637"}],"version-history":[{"count":3,"href":"https:\/\/www.stratosgs.com\/index.php\/wp-json\/wp\/v2\/pages\/637\/revisions"}],"predecessor-version":[{"id":729,"href":"https:\/\/www.stratosgs.com\/index.php\/wp-json\/wp\/v2\/pages\/637\/revisions\/729"}],"wp:attachment":[{"href":"https:\/\/www.stratosgs.com\/index.php\/wp-json\/wp\/v2\/media?parent=637"}],"curies":[{"name":"wp","href":"https:\/\/api.w.org\/{rel}","templated":true}]}}