{"id":661,"date":"2025-09-22T17:57:52","date_gmt":"2025-09-22T15:57:52","guid":{"rendered":"https:\/\/www.stratosgs.com\/?page_id=661"},"modified":"2025-10-20T13:55:33","modified_gmt":"2025-10-20T11:55:33","slug":"agis-sphere-gis-agricultura-agrotech","status":"publish","type":"page","link":"https:\/\/www.stratosgs.com\/index.php\/agis-sphere-gis-agricultura-agrotech\/","title":{"rendered":"aGIS AGRO"},"content":{"rendered":"\n<p>aGIS AGRO es una plataforma geoespacial dise\u00f1ada para facilitar el trabajo de productores y t\u00e9cnicos agr\u00edcolas.<\/p>\n\n\n\n<p>El SaaS intuitivo con el que cualquier persona \u2014incluso sin experiencia tecnol\u00f3gica\u2014 puede comenzar con la digitalizaci\u00f3n y gesti\u00f3n de fincas y cultivos, permiti\u00e9ndole as\u00ed obtener su trazabilidad agr\u00edcola.<\/p>\n\n\n\n<p>Gracias a la integraci\u00f3n de Inteligencia Artificial y tecnolog\u00eda IoT, posibilita planificar, monitorear y optimizar cada etapa del cultivo, asegurando decisiones m\u00e1s inteligentes, eficientes y sostenibles.<\/p>\n\n\n\n<h2 class=\"wp-block-heading\">Tecnolog\u00eda IoT agr\u00edcola<\/h2>\n\n\n\n<ul class=\"wp-block-list\">\n<li>Visualizaci\u00f3n centralizada en tiempo real y registro hist\u00f3rico<\/li>\n\n\n\n<li>Representaci\u00f3n geogr\u00e1fica de los gateways y sensores, con \u00faltimas mediciones, valores y colores seg\u00fan umbrales<\/li>\n\n\n\n<li>Captura de datos agron\u00f3micos y ambientales mediante la integraci\u00f3n con sensores IoT de humedad y temperatura del suelo, ph, estaciones meteorol\u00f3gicas, de presi\u00f3n y caudal en riego, etc.<\/li>\n\n\n\n<li>Dashboard para la representaci\u00f3n de cada medida mediante gr\u00e1ficos, valores relevantes y mapas de calor<\/li>\n\n\n\n<li>Base de datos disponible para la consulta y exportaci\u00f3n de dicha informaci\u00f3n<\/li>\n<\/ul>\n\n\n\n<figure class=\"wp-block-image\"><a href=\"https:\/\/www.stratosgs.com\/wp-content\/uploads\/2025\/09\/WEB_AGRO-1.png#673\"><img decoding=\"async\" src=\"https:\/\/www.stratosgs.com\/wp-content\/uploads\/2025\/09\/WEB_AGRO-1.png\" alt=\"\"\/><\/a><\/figure>\n\n\n\n<h2 class=\"wp-block-heading\">\u00bfQu\u00e9 ofrece aGIS AGRO?<\/h2>\n\n\n\n<p>Tecnolog\u00eda puntera que reduce costes y mejora productividad<\/p>\n\n\n\n<figure class=\"wp-block-image\"><img decoding=\"async\" src=\"https:\/\/www.stratosgs.com\/wp-content\/uploads\/2025\/09\/1-3.png\" alt=\"\"\/><\/figure>\n\n\n\n<h3 class=\"wp-block-heading\">SOLUCI\u00d3N INTEGRAL<\/h3>\n\n\n\n<p>Plataforma completa apoyada en diversos mapas base para llevar a cabo una gesti\u00f3n completa de los cultivos, desde el dise\u00f1o intuitivo a operaciones de mantenimiento, incluyendo la gesti\u00f3n de archivos, trabajos e incidencias.<\/p>\n\n\n\n<figure class=\"wp-block-image\"><img decoding=\"async\" src=\"https:\/\/www.stratosgs.com\/wp-content\/uploads\/2025\/09\/2-3.png\" alt=\"\"\/><\/figure>\n\n\n\n<h3 class=\"wp-block-heading\">VISOR SIGPAC<\/h3>\n\n\n\n<p>Integramos el Visor SIGPAC como apoyo externo para visualizar la delimitaci\u00f3n geogr\u00e1fica de las parcelas agr\u00edcolas declaradas por los agricultores en el marco de ayudas de la PAC (Pol\u00edtica Agr\u00edcola Com\u00fan).<\/p>\n\n\n\n<figure class=\"wp-block-image\"><img decoding=\"async\" src=\"https:\/\/www.stratosgs.com\/wp-content\/uploads\/2025\/09\/3-3.png\" alt=\"\"\/><\/figure>\n\n\n\n<h3 class=\"wp-block-heading\">INTELIGENCIA ARTIFICIAL<\/h3>\n\n\n\n<p>Consulta los indicadores vegetativos y detecta posibles anomal\u00edas. Cruza tu informaci\u00f3n con los datos meteorol\u00f3gicos facilitados con la sensorizaci\u00f3n IoT y genera informes. Localiza la informaci\u00f3n en el mapa, exp\u00f3rtala y \u00a1mucho m\u00e1s!<\/p>\n\n\n\n<p><a href=\"https:\/\/agis-agro.stratosgs.com\/es\/register\/\">REG\u00cdSTRATE GRATIS<\/a><\/p>\n","protected":false},"excerpt":{"rendered":"<p>aGIS AGRO es una plataforma geoespacial dise\u00f1ada para facilitar el trabajo de productores y t\u00e9cnicos agr\u00edcolas. El SaaS intuitivo con el que cualquier persona \u2014incluso sin<span class=\"excerpt-hellip\"> [\u2026]<\/span><\/p>\n","protected":false},"author":1,"featured_media":0,"parent":0,"menu_order":0,"comment_status":"closed","ping_status":"closed","template":"","meta":{"footnotes":""},"class_list":["post-661","page","type-page","status-publish","hentry"],"yoast_head":"<!-- This site is optimized with the Yoast SEO plugin v26.9 - https:\/\/yoast.com\/product\/yoast-seo-wordpress\/ -->\n<title>aGIS AGRO &#8226; Stratos GS<\/title>\n<meta name=\"description\" content=\"aGIS AGRO &#8226; Stratos GS\" \/>\n<meta name=\"robots\" content=\"index, follow, max-snippet:-1, max-image-preview:large, max-video-preview:-1\" \/>\n<link rel=\"canonical\" href=\"https:\/\/www.stratosgs.com\/index.php\/agis-sphere-gis-agricultura-agrotech\/\" \/>\n<meta property=\"og:locale\" content=\"es_ES\" \/>\n<meta property=\"og:type\" content=\"article\" \/>\n<meta property=\"og:title\" content=\"aGIS AGRO &#8226; Stratos GS\" \/>\n<meta property=\"og:description\" content=\"aGIS AGRO &#8226; Stratos GS\" \/>\n<meta property=\"og:url\" content=\"https:\/\/www.stratosgs.com\/index.php\/agis-sphere-gis-agricultura-agrotech\/\" \/>\n<meta property=\"og:site_name\" content=\"Stratos GS\" \/>\n<meta property=\"article:publisher\" content=\"https:\/\/www.facebook.com\/stratosglobalsolutions\" \/>\n<meta property=\"article:modified_time\" content=\"2025-10-20T11:55:33+00:00\" \/>\n<meta property=\"og:image\" content=\"https:\/\/www.stratosgs.com\/wp-content\/uploads\/2025\/09\/WEB_AGRO-1.png\" \/>\n<meta name=\"twitter:card\" content=\"summary_large_image\" \/>\n<meta name=\"twitter:site\" content=\"@StratosGS_\" \/>\n<meta name=\"twitter:label1\" content=\"Tiempo de lectura\" \/>\n\t<meta name=\"twitter:data1\" content=\"3 minutos\" \/>\n<script type=\"application\/ld+json\" class=\"yoast-schema-graph\">{\"@context\":\"https:\/\/schema.org\",\"@graph\":[{\"@type\":\"WebPage\",\"@id\":\"https:\/\/www.stratosgs.com\/index.php\/agis-sphere-gis-agricultura-agrotech\/\",\"url\":\"https:\/\/www.stratosgs.com\/index.php\/agis-sphere-gis-agricultura-agrotech\/\",\"name\":\"aGIS AGRO &#8226; Stratos GS\",\"isPartOf\":{\"@id\":\"https:\/\/www.stratosgs.com\/#website\"},\"primaryImageOfPage\":{\"@id\":\"https:\/\/www.stratosgs.com\/index.php\/agis-sphere-gis-agricultura-agrotech\/#primaryimage\"},\"image\":{\"@id\":\"https:\/\/www.stratosgs.com\/index.php\/agis-sphere-gis-agricultura-agrotech\/#primaryimage\"},\"thumbnailUrl\":\"https:\/\/www.stratosgs.com\/wp-content\/uploads\/2025\/09\/WEB_AGRO-1.png\",\"datePublished\":\"2025-09-22T15:57:52+00:00\",\"dateModified\":\"2025-10-20T11:55:33+00:00\",\"description\":\"aGIS AGRO &#8226; Stratos GS\",\"breadcrumb\":{\"@id\":\"https:\/\/www.stratosgs.com\/index.php\/agis-sphere-gis-agricultura-agrotech\/#breadcrumb\"},\"inLanguage\":\"es\",\"potentialAction\":[{\"@type\":\"ReadAction\",\"target\":[\"https:\/\/www.stratosgs.com\/index.php\/agis-sphere-gis-agricultura-agrotech\/\"]}]},{\"@type\":\"ImageObject\",\"inLanguage\":\"es\",\"@id\":\"https:\/\/www.stratosgs.com\/index.php\/agis-sphere-gis-agricultura-agrotech\/#primaryimage\",\"url\":\"https:\/\/www.stratosgs.com\/wp-content\/uploads\/2025\/09\/WEB_AGRO-1.png\",\"contentUrl\":\"https:\/\/www.stratosgs.com\/wp-content\/uploads\/2025\/09\/WEB_AGRO-1.png\",\"width\":1344,\"height\":860},{\"@type\":\"BreadcrumbList\",\"@id\":\"https:\/\/www.stratosgs.com\/index.php\/agis-sphere-gis-agricultura-agrotech\/#breadcrumb\",\"itemListElement\":[{\"@type\":\"ListItem\",\"position\":1,\"name\":\"Stratos GS\",\"item\":\"https:\/\/www.stratosgs.com\/\"},{\"@type\":\"ListItem\",\"position\":2,\"name\":\"aGIS AGRO\"}]},{\"@type\":\"WebSite\",\"@id\":\"https:\/\/www.stratosgs.com\/#website\",\"url\":\"https:\/\/www.stratosgs.com\/\",\"name\":\"Stratos GS\",\"description\":\"Soluciones GIS, IA y Location Intelligence\",\"publisher\":{\"@id\":\"https:\/\/www.stratosgs.com\/#organization\"},\"alternateName\":\"Stratos\",\"potentialAction\":[{\"@type\":\"SearchAction\",\"target\":{\"@type\":\"EntryPoint\",\"urlTemplate\":\"https:\/\/www.stratosgs.com\/?s={search_term_string}\"},\"query-input\":{\"@type\":\"PropertyValueSpecification\",\"valueRequired\":true,\"valueName\":\"search_term_string\"}}],\"inLanguage\":\"es\"},{\"@type\":\"Organization\",\"@id\":\"https:\/\/www.stratosgs.com\/#organization\",\"name\":\"Stratos GS\",\"alternateName\":\"Stratos Global Solutions\",\"url\":\"https:\/\/www.stratosgs.com\/\",\"logo\":{\"@type\":\"ImageObject\",\"inLanguage\":\"es\",\"@id\":\"https:\/\/www.stratosgs.com\/#\/schema\/logo\/image\/\",\"url\":\"https:\/\/www.stratosgs.com\/wp-content\/uploads\/2023\/10\/00_PORTADA-Redes-Whatsapp.png\",\"contentUrl\":\"https:\/\/www.stratosgs.com\/wp-content\/uploads\/2023\/10\/00_PORTADA-Redes-Whatsapp.png\",\"width\":2000,\"height\":2000,\"caption\":\"Stratos GS\"},\"image\":{\"@id\":\"https:\/\/www.stratosgs.com\/#\/schema\/logo\/image\/\"},\"sameAs\":[\"https:\/\/www.facebook.com\/stratosglobalsolutions\",\"https:\/\/x.com\/StratosGS_\",\"https:\/\/www.linkedin.com\/company\/stratosglobalsolutions\/\",\"https:\/\/www.youtube.com\/@stratosglobalsolutions\",\"https:\/\/www.instagram.com\/stratosgs_\/\"]}]}<\/script>\n<!-- \/ Yoast SEO plugin. -->","yoast_head_json":{"title":"aGIS AGRO &#8226; Stratos GS","description":"aGIS AGRO &#8226; Stratos GS","robots":{"index":"index","follow":"follow","max-snippet":"max-snippet:-1","max-image-preview":"max-image-preview:large","max-video-preview":"max-video-preview:-1"},"canonical":"https:\/\/www.stratosgs.com\/index.php\/agis-sphere-gis-agricultura-agrotech\/","og_locale":"es_ES","og_type":"article","og_title":"aGIS AGRO &#8226; Stratos GS","og_description":"aGIS AGRO &#8226; Stratos GS","og_url":"https:\/\/www.stratosgs.com\/index.php\/agis-sphere-gis-agricultura-agrotech\/","og_site_name":"Stratos GS","article_publisher":"https:\/\/www.facebook.com\/stratosglobalsolutions","article_modified_time":"2025-10-20T11:55:33+00:00","og_image":[{"url":"https:\/\/www.stratosgs.com\/wp-content\/uploads\/2025\/09\/WEB_AGRO-1.png","type":"","width":"","height":""}],"twitter_card":"summary_large_image","twitter_site":"@StratosGS_","twitter_misc":{"Tiempo de lectura":"3 minutos"},"schema":{"@context":"https:\/\/schema.org","@graph":[{"@type":"WebPage","@id":"https:\/\/www.stratosgs.com\/index.php\/agis-sphere-gis-agricultura-agrotech\/","url":"https:\/\/www.stratosgs.com\/index.php\/agis-sphere-gis-agricultura-agrotech\/","name":"aGIS AGRO &#8226; Stratos GS","isPartOf":{"@id":"https:\/\/www.stratosgs.com\/#website"},"primaryImageOfPage":{"@id":"https:\/\/www.stratosgs.com\/index.php\/agis-sphere-gis-agricultura-agrotech\/#primaryimage"},"image":{"@id":"https:\/\/www.stratosgs.com\/index.php\/agis-sphere-gis-agricultura-agrotech\/#primaryimage"},"thumbnailUrl":"https:\/\/www.stratosgs.com\/wp-content\/uploads\/2025\/09\/WEB_AGRO-1.png","datePublished":"2025-09-22T15:57:52+00:00","dateModified":"2025-10-20T11:55:33+00:00","description":"aGIS AGRO &#8226; Stratos GS","breadcrumb":{"@id":"https:\/\/www.stratosgs.com\/index.php\/agis-sphere-gis-agricultura-agrotech\/#breadcrumb"},"inLanguage":"es","potentialAction":[{"@type":"ReadAction","target":["https:\/\/www.stratosgs.com\/index.php\/agis-sphere-gis-agricultura-agrotech\/"]}]},{"@type":"ImageObject","inLanguage":"es","@id":"https:\/\/www.stratosgs.com\/index.php\/agis-sphere-gis-agricultura-agrotech\/#primaryimage","url":"https:\/\/www.stratosgs.com\/wp-content\/uploads\/2025\/09\/WEB_AGRO-1.png","contentUrl":"https:\/\/www.stratosgs.com\/wp-content\/uploads\/2025\/09\/WEB_AGRO-1.png","width":1344,"height":860},{"@type":"BreadcrumbList","@id":"https:\/\/www.stratosgs.com\/index.php\/agis-sphere-gis-agricultura-agrotech\/#breadcrumb","itemListElement":[{"@type":"ListItem","position":1,"name":"Stratos GS","item":"https:\/\/www.stratosgs.com\/"},{"@type":"ListItem","position":2,"name":"aGIS AGRO"}]},{"@type":"WebSite","@id":"https:\/\/www.stratosgs.com\/#website","url":"https:\/\/www.stratosgs.com\/","name":"Stratos GS","description":"Soluciones GIS, IA y Location Intelligence","publisher":{"@id":"https:\/\/www.stratosgs.com\/#organization"},"alternateName":"Stratos","potentialAction":[{"@type":"SearchAction","target":{"@type":"EntryPoint","urlTemplate":"https:\/\/www.stratosgs.com\/?s={search_term_string}"},"query-input":{"@type":"PropertyValueSpecification","valueRequired":true,"valueName":"search_term_string"}}],"inLanguage":"es"},{"@type":"Organization","@id":"https:\/\/www.stratosgs.com\/#organization","name":"Stratos GS","alternateName":"Stratos Global Solutions","url":"https:\/\/www.stratosgs.com\/","logo":{"@type":"ImageObject","inLanguage":"es","@id":"https:\/\/www.stratosgs.com\/#\/schema\/logo\/image\/","url":"https:\/\/www.stratosgs.com\/wp-content\/uploads\/2023\/10\/00_PORTADA-Redes-Whatsapp.png","contentUrl":"https:\/\/www.stratosgs.com\/wp-content\/uploads\/2023\/10\/00_PORTADA-Redes-Whatsapp.png","width":2000,"height":2000,"caption":"Stratos GS"},"image":{"@id":"https:\/\/www.stratosgs.com\/#\/schema\/logo\/image\/"},"sameAs":["https:\/\/www.facebook.com\/stratosglobalsolutions","https:\/\/x.com\/StratosGS_","https:\/\/www.linkedin.com\/company\/stratosglobalsolutions\/","https:\/\/www.youtube.com\/@stratosglobalsolutions","https:\/\/www.instagram.com\/stratosgs_\/"]}]}},"_links":{"self":[{"href":"https:\/\/www.stratosgs.com\/index.php\/wp-json\/wp\/v2\/pages\/661","targetHints":{"allow":["GET"]}}],"collection":[{"href":"https:\/\/www.stratosgs.com\/index.php\/wp-json\/wp\/v2\/pages"}],"about":[{"href":"https:\/\/www.stratosgs.com\/index.php\/wp-json\/wp\/v2\/types\/page"}],"author":[{"embeddable":true,"href":"https:\/\/www.stratosgs.com\/index.php\/wp-json\/wp\/v2\/users\/1"}],"replies":[{"embeddable":true,"href":"https:\/\/www.stratosgs.com\/index.php\/wp-json\/wp\/v2\/comments?post=661"}],"version-history":[{"count":2,"href":"https:\/\/www.stratosgs.com\/index.php\/wp-json\/wp\/v2\/pages\/661\/revisions"}],"predecessor-version":[{"id":726,"href":"https:\/\/www.stratosgs.com\/index.php\/wp-json\/wp\/v2\/pages\/661\/revisions\/726"}],"wp:attachment":[{"href":"https:\/\/www.stratosgs.com\/index.php\/wp-json\/wp\/v2\/media?parent=661"}],"curies":[{"name":"wp","href":"https:\/\/api.w.org\/{rel}","templated":true}]}}