{"id":663,"date":"2025-09-22T18:05:44","date_gmt":"2025-09-22T16:05:44","guid":{"rendered":"https:\/\/www.stratosgs.com\/?page_id=663"},"modified":"2025-10-20T13:52:57","modified_gmt":"2025-10-20T11:52:57","slug":"gis-ia-inteligencia-artificial","status":"publish","type":"page","link":"https:\/\/www.stratosgs.com\/index.php\/gis-ia-inteligencia-artificial\/","title":{"rendered":"INTELIGENCIA ARTIFICIAL"},"content":{"rendered":"\n<h1 class=\"wp-block-heading\">LAS POSIBILIDADES DE NUESTRA IA<\/h1>\n\n\n\n<ul class=\"wp-block-list\">\n<li>Automatizaci\u00f3n y optimizaci\u00f3n del dise\u00f1o<\/li>\n\n\n\n<li>Simulaciones basadas en los datos digitalizados<\/li>\n\n\n\n<li>An\u00e1lisis predictivo y geoespacial<\/li>\n\n\n\n<li>Mantenimiento preventivo<\/li>\n\n\n\n<li>Evaluaci\u00f3n de viabilidad t\u00e9cnica<\/li>\n<\/ul>\n\n\n\n<figure class=\"wp-block-image\"><img decoding=\"async\" src=\"https:\/\/www.stratosgs.com\/wp-content\/uploads\/2025\/09\/VARIOS_AGISINTELLIGENCE-300x300.png\" alt=\"\"\/><\/figure>\n\n\n\n<p>El ecosistema aGIS se compone de diversos \u201cSoftwares as a Service\u201d&nbsp;basados en tecnolog\u00eda GIS, con las ventajas que ello conlleva, y dise\u00f1ados&nbsp;para digitalizar, gestionar y monitorizar activos, as\u00ed como integrar monitorizaci\u00f3n&nbsp;IoT, adapt\u00e1ndose a las necesidades espec\u00edficas de cada sector.<\/p>\n\n\n\n<p>Todo ello se complementa con aGIS Intelligence, la Inteligencia Artificial que impulsa&nbsp;cada una de las plataformas del ecosistema aGIS.<\/p>\n\n\n\n<h2 class=\"wp-block-heading\">algunas de sus aplicaciones<\/h2>\n\n\n\n<figure class=\"wp-block-image\"><img decoding=\"async\" src=\"https:\/\/www.stratosgs.com\/wp-content\/uploads\/2025\/09\/image-1-1200x821.png\" alt=\"\"\/><\/figure>\n\n\n\n<p><a href=\"https:\/\/www.stratosgs.com\/wp-content\/uploads\/2025\/09\/image-1.png#641\"><\/a><\/p>\n\n\n\n<figure class=\"wp-block-image\"><a href=\"https:\/\/www.stratosgs.com\/wp-content\/uploads\/2025\/09\/TELCO_IA_PREDISENOS.png#582\"><img decoding=\"async\" src=\"https:\/\/www.stratosgs.com\/wp-content\/uploads\/2025\/09\/Diseno-sin-titulo-1-1-1200x819.png\" alt=\"\"\/><\/a><\/figure>\n\n\n\n<figure class=\"wp-block-image\"><a href=\"https:\/\/www.stratosgs.com\/wp-content\/uploads\/2025\/09\/TELCO_IA_CONSULTOR.png#584\"><img decoding=\"async\" src=\"https:\/\/www.stratosgs.com\/wp-content\/uploads\/2025\/09\/image-1-1-1200x819.png\" alt=\"\"\/><\/a><\/figure>\n\n\n\n<figure class=\"wp-block-image\"><a href=\"https:\/\/www.stratosgs.com\/wp-content\/uploads\/2025\/09\/CONSULTOR-IA.png#658\"><img decoding=\"async\" src=\"https:\/\/www.stratosgs.com\/wp-content\/uploads\/2025\/09\/CONSULTOR-IA-1200x821.png\" alt=\"\"\/><\/a><\/figure>\n\n\n\n<figure class=\"wp-block-image\"><a href=\"https:\/\/www.stratosgs.com\/wp-content\/uploads\/2025\/09\/CHATBOT.png#657\"><img decoding=\"async\" src=\"https:\/\/www.stratosgs.com\/wp-content\/uploads\/2025\/09\/CHATBOT-1200x821.png\" alt=\"\"\/><\/a><\/figure>\n\n\n\n<figure class=\"wp-block-image\"><a href=\"https:\/\/www.stratosgs.com\/wp-content\/uploads\/2025\/09\/3-3.png#676\"><img decoding=\"async\" src=\"https:\/\/www.stratosgs.com\/wp-content\/uploads\/2025\/09\/AGRO-IA-e1758559161872-1200x821.png\" alt=\"\"\/><\/a><\/figure>\n\n\n\n<p>Estas tan solo han sido algunas de las aplicaciones de&nbsp;aGIS INTELLIGENCE en el ecosistema aGIS.<\/p>\n\n\n\n<p>Recuerda que podemos aplicar nuestra Inteligencia Artificial a cualquier desarrollo a medida, facilit\u00e1ndote un software con Tecnolog\u00eda Avanzada adaptado&nbsp;a las necesidades de tu negocio.<\/p>\n\n\n\n<p><a href=\"https:\/\/www.stratosgs.com\/index.php\/software-a-medida\/https:\/\/www.stratosgs.com\/index.php\/software-a-medida\/\">LEER M\u00c1S<\/a><\/p>\n\n\n\n<h2 class=\"wp-block-heading\">A MEDIDA<\/h2>\n\n\n\n<p>Stratos GS nace para ofrecer servicios de&nbsp;consultor\u00eda, an\u00e1lisis y desarrollo de soluciones GIS y de Location Intelligence con las t\u00e9cnicas m\u00e1s pioneras y \u00e1giles del mercado.<\/p>\n\n\n\n<ul class=\"wp-block-list\">\n<li>Inteligencia Artificial<\/li>\n\n\n\n<li>Machine Learning<\/li>\n\n\n\n<li>Visores Web Avanzados<\/li>\n\n\n\n<li>Integraci\u00f3n con Terceros<\/li>\n<\/ul>\n\n\n\n<ul class=\"wp-block-list\">\n<li>Anal\u00edtica de Datos<\/li>\n\n\n\n<li>C\u00e1lculo de Rutas<\/li>\n\n\n\n<li>APIs REST<\/li>\n\n\n\n<li>An\u00e1lisis de Redes<\/li>\n<\/ul>\n","protected":false},"excerpt":{"rendered":"<p>LAS POSIBILIDADES DE NUESTRA IA El ecosistema aGIS se compone de diversos \u201cSoftwares as a Service\u201d&nbsp;basados en tecnolog\u00eda GIS, con las ventajas que ello conlleva, y<span class=\"excerpt-hellip\"> [\u2026]<\/span><\/p>\n","protected":false},"author":1,"featured_media":0,"parent":0,"menu_order":0,"comment_status":"closed","ping_status":"closed","template":"","meta":{"footnotes":""},"class_list":["post-663","page","type-page","status-publish","hentry"],"yoast_head":"<!-- This site is optimized with the Yoast SEO plugin v26.9 - https:\/\/yoast.com\/product\/yoast-seo-wordpress\/ -->\n<title>INTELIGENCIA ARTIFICIAL &#8226; Stratos GS<\/title>\n<meta name=\"description\" content=\"INTELIGENCIA ARTIFICIAL &#8226; Stratos GS\" \/>\n<meta name=\"robots\" content=\"index, follow, max-snippet:-1, max-image-preview:large, max-video-preview:-1\" \/>\n<link rel=\"canonical\" href=\"https:\/\/www.stratosgs.com\/index.php\/gis-ia-inteligencia-artificial\/\" \/>\n<meta property=\"og:locale\" content=\"es_ES\" \/>\n<meta property=\"og:type\" content=\"article\" \/>\n<meta property=\"og:title\" content=\"INTELIGENCIA ARTIFICIAL &#8226; Stratos GS\" \/>\n<meta property=\"og:description\" content=\"INTELIGENCIA ARTIFICIAL &#8226; Stratos GS\" \/>\n<meta property=\"og:url\" content=\"https:\/\/www.stratosgs.com\/index.php\/gis-ia-inteligencia-artificial\/\" \/>\n<meta property=\"og:site_name\" content=\"Stratos GS\" \/>\n<meta property=\"article:publisher\" content=\"https:\/\/www.facebook.com\/stratosglobalsolutions\" \/>\n<meta property=\"article:modified_time\" content=\"2025-10-20T11:52:57+00:00\" \/>\n<meta property=\"og:image\" content=\"https:\/\/www.stratosgs.com\/wp-content\/uploads\/2025\/09\/VARIOS_AGISINTELLIGENCE-300x300.png\" \/>\n<meta name=\"twitter:card\" content=\"summary_large_image\" \/>\n<meta name=\"twitter:site\" content=\"@StratosGS_\" \/>\n<meta name=\"twitter:label1\" content=\"Tiempo de lectura\" \/>\n\t<meta name=\"twitter:data1\" content=\"3 minutos\" \/>\n<script type=\"application\/ld+json\" class=\"yoast-schema-graph\">{\"@context\":\"https:\/\/schema.org\",\"@graph\":[{\"@type\":\"WebPage\",\"@id\":\"https:\/\/www.stratosgs.com\/index.php\/gis-ia-inteligencia-artificial\/\",\"url\":\"https:\/\/www.stratosgs.com\/index.php\/gis-ia-inteligencia-artificial\/\",\"name\":\"INTELIGENCIA ARTIFICIAL &#8226; Stratos GS\",\"isPartOf\":{\"@id\":\"https:\/\/www.stratosgs.com\/#website\"},\"primaryImageOfPage\":{\"@id\":\"https:\/\/www.stratosgs.com\/index.php\/gis-ia-inteligencia-artificial\/#primaryimage\"},\"image\":{\"@id\":\"https:\/\/www.stratosgs.com\/index.php\/gis-ia-inteligencia-artificial\/#primaryimage\"},\"thumbnailUrl\":\"https:\/\/www.stratosgs.com\/wp-content\/uploads\/2025\/09\/VARIOS_AGISINTELLIGENCE-300x300.png\",\"datePublished\":\"2025-09-22T16:05:44+00:00\",\"dateModified\":\"2025-10-20T11:52:57+00:00\",\"description\":\"INTELIGENCIA ARTIFICIAL &#8226; Stratos GS\",\"breadcrumb\":{\"@id\":\"https:\/\/www.stratosgs.com\/index.php\/gis-ia-inteligencia-artificial\/#breadcrumb\"},\"inLanguage\":\"es\",\"potentialAction\":[{\"@type\":\"ReadAction\",\"target\":[\"https:\/\/www.stratosgs.com\/index.php\/gis-ia-inteligencia-artificial\/\"]}]},{\"@type\":\"ImageObject\",\"inLanguage\":\"es\",\"@id\":\"https:\/\/www.stratosgs.com\/index.php\/gis-ia-inteligencia-artificial\/#primaryimage\",\"url\":\"https:\/\/www.stratosgs.com\/wp-content\/uploads\/2025\/09\/VARIOS_AGISINTELLIGENCE.png\",\"contentUrl\":\"https:\/\/www.stratosgs.com\/wp-content\/uploads\/2025\/09\/VARIOS_AGISINTELLIGENCE.png\",\"width\":500,\"height\":500},{\"@type\":\"BreadcrumbList\",\"@id\":\"https:\/\/www.stratosgs.com\/index.php\/gis-ia-inteligencia-artificial\/#breadcrumb\",\"itemListElement\":[{\"@type\":\"ListItem\",\"position\":1,\"name\":\"Stratos GS\",\"item\":\"https:\/\/www.stratosgs.com\/\"},{\"@type\":\"ListItem\",\"position\":2,\"name\":\"INTELIGENCIA ARTIFICIAL\"}]},{\"@type\":\"WebSite\",\"@id\":\"https:\/\/www.stratosgs.com\/#website\",\"url\":\"https:\/\/www.stratosgs.com\/\",\"name\":\"Stratos GS\",\"description\":\"Soluciones GIS, IA y Location Intelligence\",\"publisher\":{\"@id\":\"https:\/\/www.stratosgs.com\/#organization\"},\"alternateName\":\"Stratos\",\"potentialAction\":[{\"@type\":\"SearchAction\",\"target\":{\"@type\":\"EntryPoint\",\"urlTemplate\":\"https:\/\/www.stratosgs.com\/?s={search_term_string}\"},\"query-input\":{\"@type\":\"PropertyValueSpecification\",\"valueRequired\":true,\"valueName\":\"search_term_string\"}}],\"inLanguage\":\"es\"},{\"@type\":\"Organization\",\"@id\":\"https:\/\/www.stratosgs.com\/#organization\",\"name\":\"Stratos GS\",\"alternateName\":\"Stratos Global Solutions\",\"url\":\"https:\/\/www.stratosgs.com\/\",\"logo\":{\"@type\":\"ImageObject\",\"inLanguage\":\"es\",\"@id\":\"https:\/\/www.stratosgs.com\/#\/schema\/logo\/image\/\",\"url\":\"https:\/\/www.stratosgs.com\/wp-content\/uploads\/2023\/10\/00_PORTADA-Redes-Whatsapp.png\",\"contentUrl\":\"https:\/\/www.stratosgs.com\/wp-content\/uploads\/2023\/10\/00_PORTADA-Redes-Whatsapp.png\",\"width\":2000,\"height\":2000,\"caption\":\"Stratos GS\"},\"image\":{\"@id\":\"https:\/\/www.stratosgs.com\/#\/schema\/logo\/image\/\"},\"sameAs\":[\"https:\/\/www.facebook.com\/stratosglobalsolutions\",\"https:\/\/x.com\/StratosGS_\",\"https:\/\/www.linkedin.com\/company\/stratosglobalsolutions\/\",\"https:\/\/www.youtube.com\/@stratosglobalsolutions\",\"https:\/\/www.instagram.com\/stratosgs_\/\"]}]}<\/script>\n<!-- \/ Yoast SEO plugin. -->","yoast_head_json":{"title":"INTELIGENCIA ARTIFICIAL &#8226; Stratos GS","description":"INTELIGENCIA ARTIFICIAL &#8226; Stratos GS","robots":{"index":"index","follow":"follow","max-snippet":"max-snippet:-1","max-image-preview":"max-image-preview:large","max-video-preview":"max-video-preview:-1"},"canonical":"https:\/\/www.stratosgs.com\/index.php\/gis-ia-inteligencia-artificial\/","og_locale":"es_ES","og_type":"article","og_title":"INTELIGENCIA ARTIFICIAL &#8226; Stratos GS","og_description":"INTELIGENCIA ARTIFICIAL &#8226; Stratos GS","og_url":"https:\/\/www.stratosgs.com\/index.php\/gis-ia-inteligencia-artificial\/","og_site_name":"Stratos GS","article_publisher":"https:\/\/www.facebook.com\/stratosglobalsolutions","article_modified_time":"2025-10-20T11:52:57+00:00","og_image":[{"url":"https:\/\/www.stratosgs.com\/wp-content\/uploads\/2025\/09\/VARIOS_AGISINTELLIGENCE-300x300.png","type":"","width":"","height":""}],"twitter_card":"summary_large_image","twitter_site":"@StratosGS_","twitter_misc":{"Tiempo de lectura":"3 minutos"},"schema":{"@context":"https:\/\/schema.org","@graph":[{"@type":"WebPage","@id":"https:\/\/www.stratosgs.com\/index.php\/gis-ia-inteligencia-artificial\/","url":"https:\/\/www.stratosgs.com\/index.php\/gis-ia-inteligencia-artificial\/","name":"INTELIGENCIA ARTIFICIAL &#8226; Stratos GS","isPartOf":{"@id":"https:\/\/www.stratosgs.com\/#website"},"primaryImageOfPage":{"@id":"https:\/\/www.stratosgs.com\/index.php\/gis-ia-inteligencia-artificial\/#primaryimage"},"image":{"@id":"https:\/\/www.stratosgs.com\/index.php\/gis-ia-inteligencia-artificial\/#primaryimage"},"thumbnailUrl":"https:\/\/www.stratosgs.com\/wp-content\/uploads\/2025\/09\/VARIOS_AGISINTELLIGENCE-300x300.png","datePublished":"2025-09-22T16:05:44+00:00","dateModified":"2025-10-20T11:52:57+00:00","description":"INTELIGENCIA ARTIFICIAL &#8226; Stratos GS","breadcrumb":{"@id":"https:\/\/www.stratosgs.com\/index.php\/gis-ia-inteligencia-artificial\/#breadcrumb"},"inLanguage":"es","potentialAction":[{"@type":"ReadAction","target":["https:\/\/www.stratosgs.com\/index.php\/gis-ia-inteligencia-artificial\/"]}]},{"@type":"ImageObject","inLanguage":"es","@id":"https:\/\/www.stratosgs.com\/index.php\/gis-ia-inteligencia-artificial\/#primaryimage","url":"https:\/\/www.stratosgs.com\/wp-content\/uploads\/2025\/09\/VARIOS_AGISINTELLIGENCE.png","contentUrl":"https:\/\/www.stratosgs.com\/wp-content\/uploads\/2025\/09\/VARIOS_AGISINTELLIGENCE.png","width":500,"height":500},{"@type":"BreadcrumbList","@id":"https:\/\/www.stratosgs.com\/index.php\/gis-ia-inteligencia-artificial\/#breadcrumb","itemListElement":[{"@type":"ListItem","position":1,"name":"Stratos GS","item":"https:\/\/www.stratosgs.com\/"},{"@type":"ListItem","position":2,"name":"INTELIGENCIA ARTIFICIAL"}]},{"@type":"WebSite","@id":"https:\/\/www.stratosgs.com\/#website","url":"https:\/\/www.stratosgs.com\/","name":"Stratos GS","description":"Soluciones GIS, IA y Location Intelligence","publisher":{"@id":"https:\/\/www.stratosgs.com\/#organization"},"alternateName":"Stratos","potentialAction":[{"@type":"SearchAction","target":{"@type":"EntryPoint","urlTemplate":"https:\/\/www.stratosgs.com\/?s={search_term_string}"},"query-input":{"@type":"PropertyValueSpecification","valueRequired":true,"valueName":"search_term_string"}}],"inLanguage":"es"},{"@type":"Organization","@id":"https:\/\/www.stratosgs.com\/#organization","name":"Stratos GS","alternateName":"Stratos Global Solutions","url":"https:\/\/www.stratosgs.com\/","logo":{"@type":"ImageObject","inLanguage":"es","@id":"https:\/\/www.stratosgs.com\/#\/schema\/logo\/image\/","url":"https:\/\/www.stratosgs.com\/wp-content\/uploads\/2023\/10\/00_PORTADA-Redes-Whatsapp.png","contentUrl":"https:\/\/www.stratosgs.com\/wp-content\/uploads\/2023\/10\/00_PORTADA-Redes-Whatsapp.png","width":2000,"height":2000,"caption":"Stratos GS"},"image":{"@id":"https:\/\/www.stratosgs.com\/#\/schema\/logo\/image\/"},"sameAs":["https:\/\/www.facebook.com\/stratosglobalsolutions","https:\/\/x.com\/StratosGS_","https:\/\/www.linkedin.com\/company\/stratosglobalsolutions\/","https:\/\/www.youtube.com\/@stratosglobalsolutions","https:\/\/www.instagram.com\/stratosgs_\/"]}]}},"_links":{"self":[{"href":"https:\/\/www.stratosgs.com\/index.php\/wp-json\/wp\/v2\/pages\/663","targetHints":{"allow":["GET"]}}],"collection":[{"href":"https:\/\/www.stratosgs.com\/index.php\/wp-json\/wp\/v2\/pages"}],"about":[{"href":"https:\/\/www.stratosgs.com\/index.php\/wp-json\/wp\/v2\/types\/page"}],"author":[{"embeddable":true,"href":"https:\/\/www.stratosgs.com\/index.php\/wp-json\/wp\/v2\/users\/1"}],"replies":[{"embeddable":true,"href":"https:\/\/www.stratosgs.com\/index.php\/wp-json\/wp\/v2\/comments?post=663"}],"version-history":[{"count":3,"href":"https:\/\/www.stratosgs.com\/index.php\/wp-json\/wp\/v2\/pages\/663\/revisions"}],"predecessor-version":[{"id":725,"href":"https:\/\/www.stratosgs.com\/index.php\/wp-json\/wp\/v2\/pages\/663\/revisions\/725"}],"wp:attachment":[{"href":"https:\/\/www.stratosgs.com\/index.php\/wp-json\/wp\/v2\/media?parent=663"}],"curies":[{"name":"wp","href":"https:\/\/api.w.org\/{rel}","templated":true}]}}