{"id":9,"date":"2020-06-22T08:41:46","date_gmt":"2020-06-22T06:41:46","guid":{"rendered":"http:\/\/82.223.78.85\/?page_id=9"},"modified":"2025-10-20T14:13:44","modified_gmt":"2025-10-20T12:13:44","slug":"sobre-nosotros","status":"publish","type":"page","link":"https:\/\/www.stratosgs.com\/index.php\/sobre-nosotros\/","title":{"rendered":"CON\u00d3CENOS"},"content":{"rendered":"\n<p>Sobre Nosotros<\/p>\n\n\n\n<p>10 Millones de L\u00cdNEAS DE C\u00d3DIGO<br>940 PROYECTOS DE PLANIFICACI\u00d3N ESPACIAL<br>1100 BASES DE DATOS POSTGRES GESTIONADAS Y MANTENIDAS<br>60 REPOSITORIOS DE C\u00d3DIGO MANTENIDOS<\/p>\n\n\n\n<h2 class=\"wp-block-heading\">Conoce Stratos<\/h2>\n\n\n\n<p>Aunque Stratos Global Solutions surge en 2022 para ofrecer soluciones GIS y de Location Intelligence con las t\u00e9cnicas m\u00e1s pioneras y r\u00e1pidas del mercado; en este equipo llevamos aproximadamente diez a\u00f1os brindando herramientas GIS a Operadores de Telecomunicaci\u00f3n y Administraciones P\u00fablicas desde la matriz, con nuestro conocido ecosistema aGIS, el cual pasamos a operar desde Stratos.<\/p>\n\n\n\n<p>Stratos nace con horizontes abiertos. Nuestra misi\u00f3n es mejorar a\u00fan m\u00e1s nuestro cat\u00e1logo de desarrollo y el soporte de nuestras diversas soluciones,&nbsp;<strong>contribuir a la digitalizaci\u00f3n<\/strong>&nbsp;e implantar las t\u00e9cnicas m\u00e1s pioneras de Location Intelligence. Todo ello,&nbsp;<strong>de forma que su usabilidad sea intuitiva y flexible<\/strong>.<\/p>\n\n\n\n<ul class=\"wp-block-list\">\n<li>Inteligencia Artificial<\/li>\n\n\n\n<li>Machine Learning<\/li>\n\n\n\n<li>Visores Web Avanzados<\/li>\n\n\n\n<li><\/li>\n<\/ul>\n\n\n\n<ul class=\"wp-block-list\">\n<li>C\u00e1lculo de Rutas<\/li>\n\n\n\n<li>APIs REST<\/li>\n\n\n\n<li>An\u00e1lisis de Redes<\/li>\n<\/ul>\n\n\n\n<p>A menudo, las empresas se encuentran con la problem\u00e1tica de disponer de sus datos de manera desestructurada, impidi\u00e9ndoles obtener&nbsp;<strong>informaci\u00f3n de valor que les facilite tomar decisiones para una gesti\u00f3n \u00f3ptima<\/strong>.<\/p>\n\n\n\n<p>Desde Stratos, ayudamos a nuestros clientes a tener la informaci\u00f3n normalizada, infundiendo la cultura del \u00abdato\u00bb y de la digitalizaci\u00f3n. Con ello, implementamos&nbsp;<strong>herramientas que favorezcan la toma de decisiones, planificaci\u00f3n, modificaci\u00f3n de escenarios, gesti\u00f3n de activos minimizando riesgos y<\/strong>, lo m\u00e1s importante,&nbsp;<strong>costes en el negocio<\/strong>.<\/p>\n\n\n\n<p>Stratos est\u00e1 formado por un equipo joven y con talento, capaz de comprender las necesidades del cliente, ofreciendo la soluci\u00f3n m\u00e1s \u00f3ptima y eficaz. Siempre preparados para afrontar los enormes desaf\u00edos que los negocios presentan hoy en d\u00eda.<\/p>\n\n\n\n<figure class=\"wp-block-image\"><img decoding=\"async\" src=\"https:\/\/www.stratosgs.com\/wp-content\/uploads\/2025\/09\/TELCO_IA_PREDISENOS.png\" alt=\"\"\/><\/figure>\n\n\n\n<h3 class=\"wp-block-heading\">Inteligencia Artificial<\/h3>\n\n\n\n<p>Lenguaje Natural y Redes Neuronales<\/p>\n\n\n\n<figure class=\"wp-block-image\"><img decoding=\"async\" src=\"https:\/\/www.stratosgs.com\/wp-content\/uploads\/2025\/09\/web_telco-1.png\" alt=\"\"\/><\/figure>\n\n\n\n<h3 class=\"wp-block-heading\">IoT<\/h3>\n\n\n\n<p>Monitorizaci\u00f3n IoT con Chirpstack<\/p>\n\n\n\n<figure class=\"wp-block-image\"><img decoding=\"async\" src=\"https:\/\/www.stratosgs.com\/wp-content\/uploads\/2023\/08\/agis.png\" alt=\"ayuda otdr\"\/><\/figure>\n\n\n\n<h3 class=\"wp-block-heading\">Ecosistema aGIS<\/h3>\n\n\n\n<p>GIS de digitalizaci\u00f3n e inventario<\/p>\n\n\n\n<figure class=\"wp-block-image\"><img decoding=\"async\" src=\"https:\/\/www.stratosgs.com\/wp-content\/uploads\/2023\/08\/aqs.png\" alt=\"Software a medida\"\/><\/figure>\n\n\n\n<h3 class=\"wp-block-heading\">Autocotizador<\/h3>\n\n\n\n<p>Soluci\u00f3n Location<br>Intelligence<\/p>\n\n\n\n<h1 class=\"wp-block-heading\">Casos de \u00c9xito<\/h1>\n\n\n\n<figure class=\"wp-block-image\"><img decoding=\"async\" src=\"https:\/\/www.stratosgs.com\/wp-content\/uploads\/2023\/08\/otdr.png\" alt=\"\"\/><\/figure>\n\n\n\n<h3 class=\"wp-block-heading\">Ayuda OTDR<\/h3>\n\n\n\n<p>An\u00e1lisis<br>de Redes<\/p>\n\n\n\n<figure class=\"wp-block-image\"><img decoding=\"async\" src=\"https:\/\/www.stratosgs.com\/wp-content\/uploads\/2023\/08\/sucs.png\" alt=\"\"\/><\/figure>\n\n\n\n<h3 class=\"wp-block-heading\">Gestor de SUCs<\/h3>\n\n\n\n<p>An\u00e1lisis<br>de Datos<\/p>\n\n\n\n<figure class=\"wp-block-image\"><img decoding=\"async\" src=\"https:\/\/www.stratosgs.com\/wp-content\/uploads\/2023\/08\/analisistroncal.png\" alt=\"\"\/><\/figure>\n\n\n\n<h3 class=\"wp-block-heading\">An\u00e1lisis de Redes de Transporte<\/h3>\n\n\n\n<p>An\u00e1lisis Espacial<\/p>\n\n\n\n<figure class=\"wp-block-image\"><img decoding=\"async\" src=\"https:\/\/www.stratosgs.com\/wp-content\/uploads\/2023\/08\/apicobertura.png\" alt=\"\"\/><\/figure>\n\n\n\n<h3 class=\"wp-block-heading\">Gestor de Cobertura<br>FTTH<\/h3>\n\n\n\n<p>Servicio API<\/p>\n\n\n\n<p>Equipo<br><a href=\"https:\/\/www.linkedin.com\/in\/juanmaquijada\/\">Juanma Quijada<br><\/a>Chief Executive Officer<\/p>\n\n\n\n<p><a href=\"https:\/\/www.linkedin.com\/in\/dmoyano3\/\">David Moyano<br><\/a>Chief Technology Officer<\/p>\n\n\n\n<p>Virginia Lucas<br>Chief Financial Officer<\/p>\n\n\n\n<p><a href=\"https:\/\/www.linkedin.com\/in\/angel-sanchez-gonzalez-500a4b209\/\">\u00c1ngel S\u00e1nchez<br><\/a>Analyst Python Django Web Developer<\/p>\n\n\n\n<p><a href=\"https:\/\/www.linkedin.com\/in\/amanda-su%C3%A1rez-l%C3%B3pez-609539196\/\">Amanda Su\u00e1rez<br><\/a>Sales and Marketing Manager<\/p>\n\n\n\n<p><a href=\"http:\/\/www.linkedin.com\/in\/m%C3%ADriam-ruiz-vela-8a8949a8\">Miriam Ru\u00edz<br><\/a>Financial Area<\/p>\n\n\n\n<p><a href=\"https:\/\/www.linkedin.com\/in\/alejandrograndegomez\">Alejandro Grande<br><\/a>After Sales Engineer<\/p>\n\n\n\n<p><a href=\"https:\/\/www.linkedin.com\/in\/jos%C3%A9-luis-le%C3%B3n-ruiz-1b0539111\/\">Jose Luis Le\u00f3n<br><\/a>Analyst GIS Developer<\/p>\n\n\n\n<p><a href=\"https:\/\/www.linkedin.com\/in\/miguel-angel-requena-ruiz-b09234194\/\">Miguel \u00c1ngel Requena<br><\/a>Analyst Python Django Web Developer<\/p>\n\n\n\n<p><a href=\"https:\/\/www.linkedin.com\/in\/gabriel-l%C3%B3pez-bellido-02b748b2\/\">Gabriel L\u00f3pez<br><\/a>Software Engineer<\/p>\n\n\n\n<p><a href=\"https:\/\/www.linkedin.com\/in\/alejandro-molinos-eligio-24b014268\/\">Alejandro Molinos<br><\/a>Analyst Python Django Web Developer<\/p>\n\n\n\n<p><strong>CERCAN\u00cdA<\/strong><br>Se nos conoce por nuestra cercan\u00eda con el cliente en la ejecuci\u00f3n de los proyectos. Nos gusta trabajar semana a semana, hito a hito de la mano de nuestros clientes, a fin de conseguir productos y servicios acordes a sus necesidades.<\/p>\n\n\n\n<p><strong>INNOVACI\u00d3N<\/strong><br>Nos encantan los retos, desarrollar los productos m\u00e1s avanzados e innovadores del mercado y aprovechar ese potencial para conseguir el Know How que nos ayude en proyectos sucesivos. Damos lo mejor de nosotros y aprendemos con ello.<\/p>\n\n\n\n<p><strong>ESCALABILIDAD<\/strong><br>Trabajamos con la mirada al futuro y la premisa tanto de flexibilidad y escalabilidad como de dato abierto en todas nuestras tareas. Realizamos soluciones \u00fatiles y adaptables al negocio de nuestros clientes, incluso si evoluciona en el tiempo.<\/p>\n\n\n\n<p><strong>\u00daLTIMA TECNOLOG\u00cdA<br><\/strong>Siempre apostamos por aplicaciones desarrolladas con tecnolog\u00eda y arquitecturas modernas y luchamos por integrar las \u00faltimas versiones de las librer\u00edas de nuestras soluciones.<\/p>\n","protected":false},"excerpt":{"rendered":"<p>Sobre Nosotros 10 Millones de L\u00cdNEAS DE C\u00d3DIGO940 PROYECTOS DE PLANIFICACI\u00d3N ESPACIAL1100 BASES DE DATOS POSTGRES GESTIONADAS Y MANTENIDAS60 REPOSITORIOS DE C\u00d3DIGO MANTENIDOS Conoce Stratos Aunque<span class=\"excerpt-hellip\"> [\u2026]<\/span><\/p>\n","protected":false},"author":1,"featured_media":0,"parent":0,"menu_order":0,"comment_status":"open","ping_status":"closed","template":"","meta":{"footnotes":""},"class_list":["post-9","page","type-page","status-publish","hentry"],"yoast_head":"<!-- This site is optimized with the Yoast SEO plugin v26.9 - https:\/\/yoast.com\/product\/yoast-seo-wordpress\/ -->\n<title>Sobre Nosotros &#8226; Stratos GS<\/title>\n<meta name=\"description\" content=\"Stratos nace con horizontes abiertos, con la misi\u00f3n de contribuir a la digitalizaci\u00f3n e implantar t\u00e9cnicas pioneras de Location Intelligence\" \/>\n<meta name=\"robots\" content=\"index, follow, max-snippet:-1, max-image-preview:large, max-video-preview:-1\" \/>\n<link rel=\"canonical\" href=\"https:\/\/www.stratosgs.com\/index.php\/sobre-nosotros\/\" \/>\n<meta property=\"og:locale\" content=\"es_ES\" \/>\n<meta property=\"og:type\" content=\"article\" \/>\n<meta property=\"og:title\" content=\"Sobre Nosotros &#8226; Stratos GS\" \/>\n<meta property=\"og:description\" content=\"Stratos nace con horizontes abiertos, con la misi\u00f3n de contribuir a la digitalizaci\u00f3n e implantar t\u00e9cnicas pioneras de Location Intelligence\" \/>\n<meta property=\"og:url\" content=\"https:\/\/www.stratosgs.com\/index.php\/sobre-nosotros\/\" \/>\n<meta property=\"og:site_name\" content=\"Stratos GS\" \/>\n<meta property=\"article:publisher\" content=\"https:\/\/www.facebook.com\/stratosglobalsolutions\" \/>\n<meta property=\"article:modified_time\" content=\"2025-10-20T12:13:44+00:00\" \/>\n<meta property=\"og:image\" content=\"https:\/\/www.stratosgs.com\/wp-content\/uploads\/2025\/09\/TELCO_IA_PREDISENOS.png\" \/>\n<meta name=\"twitter:card\" content=\"summary_large_image\" \/>\n<meta name=\"twitter:site\" content=\"@StratosGS_\" \/>\n<meta name=\"twitter:label1\" content=\"Tiempo de lectura\" \/>\n\t<meta name=\"twitter:data1\" content=\"4 minutos\" \/>\n<script type=\"application\/ld+json\" class=\"yoast-schema-graph\">{\"@context\":\"https:\/\/schema.org\",\"@graph\":[{\"@type\":\"WebPage\",\"@id\":\"https:\/\/www.stratosgs.com\/index.php\/sobre-nosotros\/\",\"url\":\"https:\/\/www.stratosgs.com\/index.php\/sobre-nosotros\/\",\"name\":\"Sobre Nosotros &#8226; Stratos GS\",\"isPartOf\":{\"@id\":\"https:\/\/www.stratosgs.com\/#website\"},\"primaryImageOfPage\":{\"@id\":\"https:\/\/www.stratosgs.com\/index.php\/sobre-nosotros\/#primaryimage\"},\"image\":{\"@id\":\"https:\/\/www.stratosgs.com\/index.php\/sobre-nosotros\/#primaryimage\"},\"thumbnailUrl\":\"https:\/\/www.stratosgs.com\/wp-content\/uploads\/2025\/09\/TELCO_IA_PREDISENOS.png\",\"datePublished\":\"2020-06-22T06:41:46+00:00\",\"dateModified\":\"2025-10-20T12:13:44+00:00\",\"description\":\"Stratos nace con horizontes abiertos, con la misi\u00f3n de contribuir a la digitalizaci\u00f3n e implantar t\u00e9cnicas pioneras de Location Intelligence\",\"breadcrumb\":{\"@id\":\"https:\/\/www.stratosgs.com\/index.php\/sobre-nosotros\/#breadcrumb\"},\"inLanguage\":\"es\",\"potentialAction\":[{\"@type\":\"ReadAction\",\"target\":[\"https:\/\/www.stratosgs.com\/index.php\/sobre-nosotros\/\"]}]},{\"@type\":\"ImageObject\",\"inLanguage\":\"es\",\"@id\":\"https:\/\/www.stratosgs.com\/index.php\/sobre-nosotros\/#primaryimage\",\"url\":\"https:\/\/www.stratosgs.com\/wp-content\/uploads\/2025\/09\/TELCO_IA_PREDISENOS.png\",\"contentUrl\":\"https:\/\/www.stratosgs.com\/wp-content\/uploads\/2025\/09\/TELCO_IA_PREDISENOS.png\",\"width\":1344,\"height\":917},{\"@type\":\"BreadcrumbList\",\"@id\":\"https:\/\/www.stratosgs.com\/index.php\/sobre-nosotros\/#breadcrumb\",\"itemListElement\":[{\"@type\":\"ListItem\",\"position\":1,\"name\":\"Stratos GS\",\"item\":\"https:\/\/www.stratosgs.com\/\"},{\"@type\":\"ListItem\",\"position\":2,\"name\":\"CON\u00d3CENOS\"}]},{\"@type\":\"WebSite\",\"@id\":\"https:\/\/www.stratosgs.com\/#website\",\"url\":\"https:\/\/www.stratosgs.com\/\",\"name\":\"Stratos GS\",\"description\":\"Soluciones GIS, IA y Location Intelligence\",\"publisher\":{\"@id\":\"https:\/\/www.stratosgs.com\/#organization\"},\"alternateName\":\"Stratos\",\"potentialAction\":[{\"@type\":\"SearchAction\",\"target\":{\"@type\":\"EntryPoint\",\"urlTemplate\":\"https:\/\/www.stratosgs.com\/?s={search_term_string}\"},\"query-input\":{\"@type\":\"PropertyValueSpecification\",\"valueRequired\":true,\"valueName\":\"search_term_string\"}}],\"inLanguage\":\"es\"},{\"@type\":\"Organization\",\"@id\":\"https:\/\/www.stratosgs.com\/#organization\",\"name\":\"Stratos GS\",\"alternateName\":\"Stratos Global Solutions\",\"url\":\"https:\/\/www.stratosgs.com\/\",\"logo\":{\"@type\":\"ImageObject\",\"inLanguage\":\"es\",\"@id\":\"https:\/\/www.stratosgs.com\/#\/schema\/logo\/image\/\",\"url\":\"https:\/\/www.stratosgs.com\/wp-content\/uploads\/2023\/10\/00_PORTADA-Redes-Whatsapp.png\",\"contentUrl\":\"https:\/\/www.stratosgs.com\/wp-content\/uploads\/2023\/10\/00_PORTADA-Redes-Whatsapp.png\",\"width\":2000,\"height\":2000,\"caption\":\"Stratos GS\"},\"image\":{\"@id\":\"https:\/\/www.stratosgs.com\/#\/schema\/logo\/image\/\"},\"sameAs\":[\"https:\/\/www.facebook.com\/stratosglobalsolutions\",\"https:\/\/x.com\/StratosGS_\",\"https:\/\/www.linkedin.com\/company\/stratosglobalsolutions\/\",\"https:\/\/www.youtube.com\/@stratosglobalsolutions\",\"https:\/\/www.instagram.com\/stratosgs_\/\"]}]}<\/script>\n<!-- \/ Yoast SEO plugin. -->","yoast_head_json":{"title":"Sobre Nosotros &#8226; Stratos GS","description":"Stratos nace con horizontes abiertos, con la misi\u00f3n de contribuir a la digitalizaci\u00f3n e implantar t\u00e9cnicas pioneras de Location Intelligence","robots":{"index":"index","follow":"follow","max-snippet":"max-snippet:-1","max-image-preview":"max-image-preview:large","max-video-preview":"max-video-preview:-1"},"canonical":"https:\/\/www.stratosgs.com\/index.php\/sobre-nosotros\/","og_locale":"es_ES","og_type":"article","og_title":"Sobre Nosotros &#8226; Stratos GS","og_description":"Stratos nace con horizontes abiertos, con la misi\u00f3n de contribuir a la digitalizaci\u00f3n e implantar t\u00e9cnicas pioneras de Location Intelligence","og_url":"https:\/\/www.stratosgs.com\/index.php\/sobre-nosotros\/","og_site_name":"Stratos GS","article_publisher":"https:\/\/www.facebook.com\/stratosglobalsolutions","article_modified_time":"2025-10-20T12:13:44+00:00","og_image":[{"url":"https:\/\/www.stratosgs.com\/wp-content\/uploads\/2025\/09\/TELCO_IA_PREDISENOS.png","type":"","width":"","height":""}],"twitter_card":"summary_large_image","twitter_site":"@StratosGS_","twitter_misc":{"Tiempo de lectura":"4 minutos"},"schema":{"@context":"https:\/\/schema.org","@graph":[{"@type":"WebPage","@id":"https:\/\/www.stratosgs.com\/index.php\/sobre-nosotros\/","url":"https:\/\/www.stratosgs.com\/index.php\/sobre-nosotros\/","name":"Sobre Nosotros &#8226; Stratos GS","isPartOf":{"@id":"https:\/\/www.stratosgs.com\/#website"},"primaryImageOfPage":{"@id":"https:\/\/www.stratosgs.com\/index.php\/sobre-nosotros\/#primaryimage"},"image":{"@id":"https:\/\/www.stratosgs.com\/index.php\/sobre-nosotros\/#primaryimage"},"thumbnailUrl":"https:\/\/www.stratosgs.com\/wp-content\/uploads\/2025\/09\/TELCO_IA_PREDISENOS.png","datePublished":"2020-06-22T06:41:46+00:00","dateModified":"2025-10-20T12:13:44+00:00","description":"Stratos nace con horizontes abiertos, con la misi\u00f3n de contribuir a la digitalizaci\u00f3n e implantar t\u00e9cnicas pioneras de Location Intelligence","breadcrumb":{"@id":"https:\/\/www.stratosgs.com\/index.php\/sobre-nosotros\/#breadcrumb"},"inLanguage":"es","potentialAction":[{"@type":"ReadAction","target":["https:\/\/www.stratosgs.com\/index.php\/sobre-nosotros\/"]}]},{"@type":"ImageObject","inLanguage":"es","@id":"https:\/\/www.stratosgs.com\/index.php\/sobre-nosotros\/#primaryimage","url":"https:\/\/www.stratosgs.com\/wp-content\/uploads\/2025\/09\/TELCO_IA_PREDISENOS.png","contentUrl":"https:\/\/www.stratosgs.com\/wp-content\/uploads\/2025\/09\/TELCO_IA_PREDISENOS.png","width":1344,"height":917},{"@type":"BreadcrumbList","@id":"https:\/\/www.stratosgs.com\/index.php\/sobre-nosotros\/#breadcrumb","itemListElement":[{"@type":"ListItem","position":1,"name":"Stratos GS","item":"https:\/\/www.stratosgs.com\/"},{"@type":"ListItem","position":2,"name":"CON\u00d3CENOS"}]},{"@type":"WebSite","@id":"https:\/\/www.stratosgs.com\/#website","url":"https:\/\/www.stratosgs.com\/","name":"Stratos GS","description":"Soluciones GIS, IA y Location Intelligence","publisher":{"@id":"https:\/\/www.stratosgs.com\/#organization"},"alternateName":"Stratos","potentialAction":[{"@type":"SearchAction","target":{"@type":"EntryPoint","urlTemplate":"https:\/\/www.stratosgs.com\/?s={search_term_string}"},"query-input":{"@type":"PropertyValueSpecification","valueRequired":true,"valueName":"search_term_string"}}],"inLanguage":"es"},{"@type":"Organization","@id":"https:\/\/www.stratosgs.com\/#organization","name":"Stratos GS","alternateName":"Stratos Global Solutions","url":"https:\/\/www.stratosgs.com\/","logo":{"@type":"ImageObject","inLanguage":"es","@id":"https:\/\/www.stratosgs.com\/#\/schema\/logo\/image\/","url":"https:\/\/www.stratosgs.com\/wp-content\/uploads\/2023\/10\/00_PORTADA-Redes-Whatsapp.png","contentUrl":"https:\/\/www.stratosgs.com\/wp-content\/uploads\/2023\/10\/00_PORTADA-Redes-Whatsapp.png","width":2000,"height":2000,"caption":"Stratos GS"},"image":{"@id":"https:\/\/www.stratosgs.com\/#\/schema\/logo\/image\/"},"sameAs":["https:\/\/www.facebook.com\/stratosglobalsolutions","https:\/\/x.com\/StratosGS_","https:\/\/www.linkedin.com\/company\/stratosglobalsolutions\/","https:\/\/www.youtube.com\/@stratosglobalsolutions","https:\/\/www.instagram.com\/stratosgs_\/"]}]}},"_links":{"self":[{"href":"https:\/\/www.stratosgs.com\/index.php\/wp-json\/wp\/v2\/pages\/9","targetHints":{"allow":["GET"]}}],"collection":[{"href":"https:\/\/www.stratosgs.com\/index.php\/wp-json\/wp\/v2\/pages"}],"about":[{"href":"https:\/\/www.stratosgs.com\/index.php\/wp-json\/wp\/v2\/types\/page"}],"author":[{"embeddable":true,"href":"https:\/\/www.stratosgs.com\/index.php\/wp-json\/wp\/v2\/users\/1"}],"replies":[{"embeddable":true,"href":"https:\/\/www.stratosgs.com\/index.php\/wp-json\/wp\/v2\/comments?post=9"}],"version-history":[{"count":6,"href":"https:\/\/www.stratosgs.com\/index.php\/wp-json\/wp\/v2\/pages\/9\/revisions"}],"predecessor-version":[{"id":744,"href":"https:\/\/www.stratosgs.com\/index.php\/wp-json\/wp\/v2\/pages\/9\/revisions\/744"}],"wp:attachment":[{"href":"https:\/\/www.stratosgs.com\/index.php\/wp-json\/wp\/v2\/media?parent=9"}],"curies":[{"name":"wp","href":"https:\/\/api.w.org\/{rel}","templated":true}]}}